{"id":10148,"date":"2023-01-18T16:12:32","date_gmt":"2023-02-22T08:40:04","guid":{"rendered":"https:\/\/syncro-group.com\/syncro\/?post_type=product&#038;p=10148"},"modified":"2025-10-06T08:54:33","modified_gmt":"2025-10-06T06:54:33","slug":"typhoon%c2%b3","status":"publish","type":"product","link":"https:\/\/syncro-group.com\/syncro\/it\/product\/typhoon%c2%b3\/","title":{"rendered":"Typhoon\u00b3"},"content":{"rendered":"","protected":false},"excerpt":{"rendered":"<p class=\"p2\"><span class=\"s1\"><span class=\"Apple-converted-space\">\u00a0<\/span><\/span><b>TYPHOON<\/b><span class=\"s2\"><b>3 <\/b><\/span>\u00e8 l\u2019anello di raffreddamento progettato per garantire massima capacit\u00e0 di raffreddamento, produttivit\u00e0, stabilit\u00e0 della bolla, accurato controllo del profilo di spessore e qualit\u00e0 del film. Typhoon3 rappresenta un vero e proprio step evolutivo dell\u2019anello di raffreddamento tale da giustificare l\u2019ambiziosa espressione <b>cubed<\/b>, cio\u00e8 \u2018elevato al cubo\u2019.<\/p>\n<p class=\"p2\"><span class=\"s1\"><span class=\"Apple-converted-space\">\u00a0<\/span><\/span>Speciali turbolatori aerodinamici (patent pending) interni permettono di ottenere contemporaneamente e per ogni regime di flusso previsto nell\u2019uso dell\u2019anello un insieme di condizioni quali: distribuzione dell\u2019aria di raffreddamento ottimizzata lungo la circonferenza degli ugelli soffiatori (esclusivo brevetto SYncro); riempimento omogeneo dei canali radiali e dei dispositivi di regolazione; massima efficienza, cio\u00e8 limitazione al minor valore possibile delle perdite di carico.<span class=\"Apple-converted-space\">\u00a0<\/span><\/p>\n","protected":false},"featured_media":13637,"template":"","meta":{"_acf_changed":false},"product_brand":[],"product_cat":[87],"product_tag":[168,95,94,172,380,382,170,174,147],"class_list":{"0":"post-10148","1":"product","2":"type-product","3":"status-publish","4":"has-post-thumbnail","6":"product_cat-anelli_raffreddamento","7":"product_tag-anello-automatico-di-raffreddamento","8":"product_tag-bobina","9":"product_tag-bolla","10":"product_tag-controllo-automatico-profilo","11":"product_tag-film-plastico-it","12":"product_tag-industria-4-0-it","13":"product_tag-linea-estrusione-film-bolla","14":"product_tag-misura-spessore-film","15":"product_tag-syncro-3","17":"first","18":"instock","19":"shipping-taxable","20":"product-type-simple"},"acf":[],"yoast_head":"<!-- This site is optimized with the Yoast SEO plugin v26.0 - https:\/\/yoast.com\/wordpress\/plugins\/seo\/ -->\n<title>Typhoon\u00b3 - Welcome to Syncro Group Website<\/title>\n<meta name=\"robots\" content=\"index, follow, max-snippet:-1, max-image-preview:large, max-video-preview:-1\" \/>\n<link rel=\"canonical\" href=\"https:\/\/syncro-group.com\/syncro\/it\/product\/typhoon%c2%b3\/\" \/>\n<meta property=\"og:locale\" content=\"it_IT\" \/>\n<meta property=\"og:type\" content=\"article\" \/>\n<meta property=\"og:title\" content=\"Typhoon\u00b3 - Welcome to Syncro Group Website\" \/>\n<meta property=\"og:description\" content=\"\u00a0TYPHOON3 \u00e8 l\u2019anello di raffreddamento progettato per garantire massima capacit\u00e0 di raffreddamento, produttivit\u00e0, stabilit\u00e0 della bolla, accurato controllo del profilo di spessore e qualit\u00e0 del film. Typhoon3 rappresenta un vero e proprio step evolutivo dell\u2019anello di raffreddamento tale da giustificare l\u2019ambiziosa espressione cubed, cio\u00e8 \u2018elevato al cubo\u2019. \u00a0Speciali turbolatori aerodinamici (patent pending) interni permettono di ottenere contemporaneamente e per ogni regime di flusso previsto nell\u2019uso dell\u2019anello un insieme di condizioni quali: distribuzione dell\u2019aria di raffreddamento ottimizzata lungo la circonferenza degli ugelli soffiatori (esclusivo brevetto SYncro); riempimento omogeneo dei canali radiali e dei dispositivi di regolazione; massima efficienza, cio\u00e8 limitazione al minor valore possibile delle perdite di carico.\u00a0\" \/>\n<meta property=\"og:url\" content=\"https:\/\/syncro-group.com\/syncro\/it\/product\/typhoon%c2%b3\/\" \/>\n<meta property=\"og:site_name\" content=\"Welcome to Syncro Group Website\" \/>\n<meta property=\"article:modified_time\" content=\"2025-10-06T06:54:33+00:00\" \/>\n<meta property=\"og:image\" content=\"http:\/\/syncro-group.com\/syncro\/wp-content\/uploads\/2023\/01\/TY3_render-09-2025_02-scaled.png\" \/>\n\t<meta property=\"og:image:width\" content=\"2560\" \/>\n\t<meta property=\"og:image:height\" content=\"1978\" \/>\n\t<meta property=\"og:image:type\" content=\"image\/png\" \/>\n<meta name=\"twitter:card\" content=\"summary_large_image\" \/>\n<meta name=\"twitter:label1\" content=\"Tempo di lettura stimato\" \/>\n\t<meta name=\"twitter:data1\" content=\"1 minuto\" \/>\n<script type=\"application\/ld+json\" class=\"yoast-schema-graph\">{\"@context\":\"https:\/\/schema.org\",\"@graph\":[{\"@type\":\"WebPage\",\"@id\":\"https:\/\/syncro-group.com\/syncro\/it\/product\/typhoon%c2%b3\/\",\"url\":\"https:\/\/syncro-group.com\/syncro\/it\/product\/typhoon%c2%b3\/\",\"name\":\"Typhoon\u00b3 - Welcome to Syncro Group Website\",\"isPartOf\":{\"@id\":\"https:\/\/syncro-group.com\/syncro\/it\/#website\"},\"primaryImageOfPage\":{\"@id\":\"https:\/\/syncro-group.com\/syncro\/it\/product\/typhoon%c2%b3\/#primaryimage\"},\"image\":{\"@id\":\"https:\/\/syncro-group.com\/syncro\/it\/product\/typhoon%c2%b3\/#primaryimage\"},\"thumbnailUrl\":\"https:\/\/syncro-group.com\/syncro\/wp-content\/uploads\/2023\/01\/TY3_render-09-2025_02-scaled.png\",\"datePublished\":\"2023-02-22T08:40:04+00:00\",\"dateModified\":\"2025-10-06T06:54:33+00:00\",\"breadcrumb\":{\"@id\":\"https:\/\/syncro-group.com\/syncro\/it\/product\/typhoon%c2%b3\/#breadcrumb\"},\"inLanguage\":\"it-IT\",\"potentialAction\":[{\"@type\":\"ReadAction\",\"target\":[\"https:\/\/syncro-group.com\/syncro\/it\/product\/typhoon%c2%b3\/\"]}]},{\"@type\":\"ImageObject\",\"inLanguage\":\"it-IT\",\"@id\":\"https:\/\/syncro-group.com\/syncro\/it\/product\/typhoon%c2%b3\/#primaryimage\",\"url\":\"https:\/\/syncro-group.com\/syncro\/wp-content\/uploads\/2023\/01\/TY3_render-09-2025_02-scaled.png\",\"contentUrl\":\"https:\/\/syncro-group.com\/syncro\/wp-content\/uploads\/2023\/01\/TY3_render-09-2025_02-scaled.png\",\"width\":2560,\"height\":1978},{\"@type\":\"BreadcrumbList\",\"@id\":\"https:\/\/syncro-group.com\/syncro\/it\/product\/typhoon%c2%b3\/#breadcrumb\",\"itemListElement\":[{\"@type\":\"ListItem\",\"position\":1,\"name\":\"Home\",\"item\":\"https:\/\/syncro-group.com\/syncro\/it\/\"},{\"@type\":\"ListItem\",\"position\":2,\"name\":\"Prodotti\",\"item\":\"https:\/\/syncro-group.com\/syncro\/it\/prodotti\/\"},{\"@type\":\"ListItem\",\"position\":3,\"name\":\"Typhoon\u00b3\"}]},{\"@type\":\"WebSite\",\"@id\":\"https:\/\/syncro-group.com\/syncro\/it\/#website\",\"url\":\"https:\/\/syncro-group.com\/syncro\/it\/\",\"name\":\"Welcome to Syncro Group Website\",\"description\":\"\",\"potentialAction\":[{\"@type\":\"SearchAction\",\"target\":{\"@type\":\"EntryPoint\",\"urlTemplate\":\"https:\/\/syncro-group.com\/syncro\/it\/?s={search_term_string}\"},\"query-input\":{\"@type\":\"PropertyValueSpecification\",\"valueRequired\":true,\"valueName\":\"search_term_string\"}}],\"inLanguage\":\"it-IT\"}]}<\/script>\n<!-- \/ Yoast SEO plugin. -->","yoast_head_json":{"title":"Typhoon\u00b3 - Welcome to Syncro Group Website","robots":{"index":"index","follow":"follow","max-snippet":"max-snippet:-1","max-image-preview":"max-image-preview:large","max-video-preview":"max-video-preview:-1"},"canonical":"https:\/\/syncro-group.com\/syncro\/it\/product\/typhoon%c2%b3\/","og_locale":"it_IT","og_type":"article","og_title":"Typhoon\u00b3 - Welcome to Syncro Group Website","og_description":"\u00a0TYPHOON3 \u00e8 l\u2019anello di raffreddamento progettato per garantire massima capacit\u00e0 di raffreddamento, produttivit\u00e0, stabilit\u00e0 della bolla, accurato controllo del profilo di spessore e qualit\u00e0 del film. Typhoon3 rappresenta un vero e proprio step evolutivo dell\u2019anello di raffreddamento tale da giustificare l\u2019ambiziosa espressione cubed, cio\u00e8 \u2018elevato al cubo\u2019. \u00a0Speciali turbolatori aerodinamici (patent pending) interni permettono di ottenere contemporaneamente e per ogni regime di flusso previsto nell\u2019uso dell\u2019anello un insieme di condizioni quali: distribuzione dell\u2019aria di raffreddamento ottimizzata lungo la circonferenza degli ugelli soffiatori (esclusivo brevetto SYncro); riempimento omogeneo dei canali radiali e dei dispositivi di regolazione; massima efficienza, cio\u00e8 limitazione al minor valore possibile delle perdite di carico.\u00a0","og_url":"https:\/\/syncro-group.com\/syncro\/it\/product\/typhoon%c2%b3\/","og_site_name":"Welcome to Syncro Group Website","article_modified_time":"2025-10-06T06:54:33+00:00","og_image":[{"width":2560,"height":1978,"url":"http:\/\/syncro-group.com\/syncro\/wp-content\/uploads\/2023\/01\/TY3_render-09-2025_02-scaled.png","type":"image\/png"}],"twitter_card":"summary_large_image","twitter_misc":{"Tempo di lettura stimato":"1 minuto"},"schema":{"@context":"https:\/\/schema.org","@graph":[{"@type":"WebPage","@id":"https:\/\/syncro-group.com\/syncro\/it\/product\/typhoon%c2%b3\/","url":"https:\/\/syncro-group.com\/syncro\/it\/product\/typhoon%c2%b3\/","name":"Typhoon\u00b3 - Welcome to Syncro Group Website","isPartOf":{"@id":"https:\/\/syncro-group.com\/syncro\/it\/#website"},"primaryImageOfPage":{"@id":"https:\/\/syncro-group.com\/syncro\/it\/product\/typhoon%c2%b3\/#primaryimage"},"image":{"@id":"https:\/\/syncro-group.com\/syncro\/it\/product\/typhoon%c2%b3\/#primaryimage"},"thumbnailUrl":"https:\/\/syncro-group.com\/syncro\/wp-content\/uploads\/2023\/01\/TY3_render-09-2025_02-scaled.png","datePublished":"2023-02-22T08:40:04+00:00","dateModified":"2025-10-06T06:54:33+00:00","breadcrumb":{"@id":"https:\/\/syncro-group.com\/syncro\/it\/product\/typhoon%c2%b3\/#breadcrumb"},"inLanguage":"it-IT","potentialAction":[{"@type":"ReadAction","target":["https:\/\/syncro-group.com\/syncro\/it\/product\/typhoon%c2%b3\/"]}]},{"@type":"ImageObject","inLanguage":"it-IT","@id":"https:\/\/syncro-group.com\/syncro\/it\/product\/typhoon%c2%b3\/#primaryimage","url":"https:\/\/syncro-group.com\/syncro\/wp-content\/uploads\/2023\/01\/TY3_render-09-2025_02-scaled.png","contentUrl":"https:\/\/syncro-group.com\/syncro\/wp-content\/uploads\/2023\/01\/TY3_render-09-2025_02-scaled.png","width":2560,"height":1978},{"@type":"BreadcrumbList","@id":"https:\/\/syncro-group.com\/syncro\/it\/product\/typhoon%c2%b3\/#breadcrumb","itemListElement":[{"@type":"ListItem","position":1,"name":"Home","item":"https:\/\/syncro-group.com\/syncro\/it\/"},{"@type":"ListItem","position":2,"name":"Prodotti","item":"https:\/\/syncro-group.com\/syncro\/it\/prodotti\/"},{"@type":"ListItem","position":3,"name":"Typhoon\u00b3"}]},{"@type":"WebSite","@id":"https:\/\/syncro-group.com\/syncro\/it\/#website","url":"https:\/\/syncro-group.com\/syncro\/it\/","name":"Welcome to Syncro Group Website","description":"","potentialAction":[{"@type":"SearchAction","target":{"@type":"EntryPoint","urlTemplate":"https:\/\/syncro-group.com\/syncro\/it\/?s={search_term_string}"},"query-input":{"@type":"PropertyValueSpecification","valueRequired":true,"valueName":"search_term_string"}}],"inLanguage":"it-IT"}]}},"_links":{"self":[{"href":"https:\/\/syncro-group.com\/syncro\/it\/wp-json\/wp\/v2\/product\/10148","targetHints":{"allow":["GET"]}}],"collection":[{"href":"https:\/\/syncro-group.com\/syncro\/it\/wp-json\/wp\/v2\/product"}],"about":[{"href":"https:\/\/syncro-group.com\/syncro\/it\/wp-json\/wp\/v2\/types\/product"}],"wp:featuredmedia":[{"embeddable":true,"href":"https:\/\/syncro-group.com\/syncro\/it\/wp-json\/wp\/v2\/media\/13637"}],"wp:attachment":[{"href":"https:\/\/syncro-group.com\/syncro\/it\/wp-json\/wp\/v2\/media?parent=10148"}],"wp:term":[{"taxonomy":"product_brand","embeddable":true,"href":"https:\/\/syncro-group.com\/syncro\/it\/wp-json\/wp\/v2\/product_brand?post=10148"},{"taxonomy":"product_cat","embeddable":true,"href":"https:\/\/syncro-group.com\/syncro\/it\/wp-json\/wp\/v2\/product_cat?post=10148"},{"taxonomy":"product_tag","embeddable":true,"href":"https:\/\/syncro-group.com\/syncro\/it\/wp-json\/wp\/v2\/product_tag?post=10148"}],"curies":[{"name":"wp","href":"https:\/\/api.w.org\/{rel}","templated":true}]}}