{"id":10787,"date":"2023-01-25T11:50:52","date_gmt":"2023-08-30T14:42:56","guid":{"rendered":"https:\/\/syncro-group.com\/syncro\/?post_type=product&#038;p=10787"},"modified":"2025-09-30T10:24:40","modified_gmt":"2025-09-30T08:24:40","slug":"tetryx","status":"publish","type":"product","link":"https:\/\/syncro-group.com\/syncro\/it\/product\/tetryx\/","title":{"rendered":"Tetryx"},"content":{"rendered":"<ul class=\"advantages\"><li>TOTALE CONFIGURABILIT\u00c0 - TetrYx \u00e8 stato studiato per rendere la distribuzione dei materiali all\u2019interno degli stabilimenti produttivi completamente flessibile e modulare: il numero di ingressi e uscite, determinati dalla configurazione dell\u2019impianto, sono configurabili con totale libert\u00e0 grazie alla possibilit\u00e0 di disporre di pi\u00f9 stazioni in serie.<\/li><li>ALTA EFFICIENZA - Dotata di un motore brushless da 0.75 kW a basso consumo ed elevata efficienza, garantisce un tempo di cambio materiali inferiore ai 2s senza perdite di vuoto.<\/li><li>ACCURATEZZA DI POSIZIONAMENTO - TetrYx \u00e8 in grado di posizionare il tubo centrale di collegamento con estrema accuratezza di posizionamento grazie ad un encoder ottico ad alta precisione.<\/li><li>AFFIDABILIT\u00c0 - La costruzione ad alta precisione delle parti meccaniche ed il controllo con PLC e la relativa sensoristica commerciale, garantiscono un\u2019affidabilit\u00e0 assoluta.<\/li><li>ACCESSIBILIT\u00c0 - Grazie al suo design permette un veloce accesso a tutte le sue parti principali, facilitando le procedure di manutenzione.<\/li><li>SICUREZZA - Nessun rischio per l\u2019operatore. Gli organi in movimento non sono accessibili senza l\u2019utilizzo di attrezzi dedicati allo smontaggio della macchina.<\/li><li>INDUSTRIA 4.0 & IoT - Tutte le macchine SYncro sono pronte per essere integrate con i controlli di supervisione di terze parti e con sistemi ERP utilizzando come standard protocolli OPC-UA di ultima generazione.<\/li><\/ul>\n","protected":false},"excerpt":{"rendered":"<p class=\"p1\"><strong><span class=\"s1\">TETRYX <\/span><\/strong>\u00e8 la centralina automatica di smistamento materiali che consente di collegare in un\u2019unica stazione fino a 24 punti di prelievo (silo, daily-bin) ad un massimo di 24 caricatori, automatizzando totalmente il trasporto dei materiali Il tubo centrale di collegamento, connesso alla tubazione d\u2019ingresso e rotante attorno all\u2019asse verticale della stazione, viene posizionato angolarmente in corrispondenza di una delle uscite della piastra superiore, a cui viene collegato ermeticamente; un comando automatizzato che consente di ruotare il tubo per scegliere la posizione desiderata.<\/p>\n","protected":false},"featured_media":13455,"template":"","meta":{"_acf_changed":false},"product_brand":[],"product_cat":[86],"product_tag":[95,94,228,382,216,220,222,226,147,230],"class_list":{"0":"post-10787","1":"product","2":"type-product","3":"status-publish","4":"has-post-thumbnail","6":"product_cat-trasporto-materiali-polimeri","7":"product_tag-bobina","8":"product_tag-bolla","9":"product_tag-caricatori-per-materie-plastiche","10":"product_tag-industria-4-0-it","11":"product_tag-opc-ua-3","12":"product_tag-sistema-di-caricamento-polimeri","13":"product_tag-sistema-di-trasporto-granuli","14":"product_tag-sistemi-di-trasporto-centralizzato-granuli","15":"product_tag-syncro-3","16":"product_tag-trasporto-di-materiali-plastici","18":"first","19":"instock","20":"shipping-taxable","21":"product-type-simple"},"acf":[],"yoast_head":"<!-- This site is optimized with the Yoast SEO plugin v26.0 - https:\/\/yoast.com\/wordpress\/plugins\/seo\/ -->\n<title>Tetryx - Welcome to Syncro Group Website<\/title>\n<meta name=\"robots\" content=\"index, follow, max-snippet:-1, max-image-preview:large, max-video-preview:-1\" \/>\n<link rel=\"canonical\" href=\"https:\/\/syncro-group.com\/syncro\/it\/product\/tetryx\/\" \/>\n<meta property=\"og:locale\" content=\"it_IT\" \/>\n<meta property=\"og:type\" content=\"article\" \/>\n<meta property=\"og:title\" content=\"Tetryx - Welcome to Syncro Group Website\" \/>\n<meta property=\"og:description\" content=\"TETRYX \u00e8 la centralina automatica di smistamento materiali che consente di collegare in un\u2019unica stazione fino a 24 punti di prelievo (silo, daily-bin) ad un massimo di 24 caricatori, automatizzando totalmente il trasporto dei materiali Il tubo centrale di collegamento, connesso alla tubazione d\u2019ingresso e rotante attorno all\u2019asse verticale della stazione, viene posizionato angolarmente in corrispondenza di una delle uscite della piastra superiore, a cui viene collegato ermeticamente; un comando automatizzato che consente di ruotare il tubo per scegliere la posizione desiderata.\" \/>\n<meta property=\"og:url\" content=\"https:\/\/syncro-group.com\/syncro\/it\/product\/tetryx\/\" \/>\n<meta property=\"og:site_name\" content=\"Welcome to Syncro Group Website\" \/>\n<meta property=\"article:modified_time\" content=\"2025-09-30T08:24:40+00:00\" \/>\n<meta property=\"og:image\" content=\"http:\/\/syncro-group.com\/syncro\/wp-content\/uploads\/2023\/01\/WhatsApp-Image-2025-09-24-at-16.06.24.jpeg\" \/>\n\t<meta property=\"og:image:width\" content=\"1600\" \/>\n\t<meta property=\"og:image:height\" content=\"900\" \/>\n\t<meta property=\"og:image:type\" content=\"image\/jpeg\" \/>\n<meta name=\"twitter:card\" content=\"summary_large_image\" \/>\n<meta name=\"twitter:label1\" content=\"Tempo di lettura stimato\" \/>\n\t<meta name=\"twitter:data1\" content=\"1 minuto\" \/>\n<script type=\"application\/ld+json\" class=\"yoast-schema-graph\">{\"@context\":\"https:\/\/schema.org\",\"@graph\":[{\"@type\":\"WebPage\",\"@id\":\"https:\/\/syncro-group.com\/syncro\/it\/product\/tetryx\/\",\"url\":\"https:\/\/syncro-group.com\/syncro\/it\/product\/tetryx\/\",\"name\":\"Tetryx - Welcome to Syncro Group Website\",\"isPartOf\":{\"@id\":\"https:\/\/syncro-group.com\/syncro\/it\/#website\"},\"primaryImageOfPage\":{\"@id\":\"https:\/\/syncro-group.com\/syncro\/it\/product\/tetryx\/#primaryimage\"},\"image\":{\"@id\":\"https:\/\/syncro-group.com\/syncro\/it\/product\/tetryx\/#primaryimage\"},\"thumbnailUrl\":\"https:\/\/syncro-group.com\/syncro\/wp-content\/uploads\/2023\/01\/WhatsApp-Image-2025-09-24-at-16.06.24.jpeg\",\"datePublished\":\"2023-08-30T14:42:56+00:00\",\"dateModified\":\"2025-09-30T08:24:40+00:00\",\"breadcrumb\":{\"@id\":\"https:\/\/syncro-group.com\/syncro\/it\/product\/tetryx\/#breadcrumb\"},\"inLanguage\":\"it-IT\",\"potentialAction\":[{\"@type\":\"ReadAction\",\"target\":[\"https:\/\/syncro-group.com\/syncro\/it\/product\/tetryx\/\"]}]},{\"@type\":\"ImageObject\",\"inLanguage\":\"it-IT\",\"@id\":\"https:\/\/syncro-group.com\/syncro\/it\/product\/tetryx\/#primaryimage\",\"url\":\"https:\/\/syncro-group.com\/syncro\/wp-content\/uploads\/2023\/01\/WhatsApp-Image-2025-09-24-at-16.06.24.jpeg\",\"contentUrl\":\"https:\/\/syncro-group.com\/syncro\/wp-content\/uploads\/2023\/01\/WhatsApp-Image-2025-09-24-at-16.06.24.jpeg\",\"width\":1600,\"height\":900},{\"@type\":\"BreadcrumbList\",\"@id\":\"https:\/\/syncro-group.com\/syncro\/it\/product\/tetryx\/#breadcrumb\",\"itemListElement\":[{\"@type\":\"ListItem\",\"position\":1,\"name\":\"Home\",\"item\":\"https:\/\/syncro-group.com\/syncro\/it\/\"},{\"@type\":\"ListItem\",\"position\":2,\"name\":\"Prodotti\",\"item\":\"https:\/\/syncro-group.com\/syncro\/it\/prodotti\/\"},{\"@type\":\"ListItem\",\"position\":3,\"name\":\"Tetryx\"}]},{\"@type\":\"WebSite\",\"@id\":\"https:\/\/syncro-group.com\/syncro\/it\/#website\",\"url\":\"https:\/\/syncro-group.com\/syncro\/it\/\",\"name\":\"Welcome to Syncro Group Website\",\"description\":\"\",\"potentialAction\":[{\"@type\":\"SearchAction\",\"target\":{\"@type\":\"EntryPoint\",\"urlTemplate\":\"https:\/\/syncro-group.com\/syncro\/it\/?s={search_term_string}\"},\"query-input\":{\"@type\":\"PropertyValueSpecification\",\"valueRequired\":true,\"valueName\":\"search_term_string\"}}],\"inLanguage\":\"it-IT\"}]}<\/script>\n<!-- \/ Yoast SEO plugin. -->","yoast_head_json":{"title":"Tetryx - Welcome to Syncro Group Website","robots":{"index":"index","follow":"follow","max-snippet":"max-snippet:-1","max-image-preview":"max-image-preview:large","max-video-preview":"max-video-preview:-1"},"canonical":"https:\/\/syncro-group.com\/syncro\/it\/product\/tetryx\/","og_locale":"it_IT","og_type":"article","og_title":"Tetryx - Welcome to Syncro Group Website","og_description":"TETRYX \u00e8 la centralina automatica di smistamento materiali che consente di collegare in un\u2019unica stazione fino a 24 punti di prelievo (silo, daily-bin) ad un massimo di 24 caricatori, automatizzando totalmente il trasporto dei materiali Il tubo centrale di collegamento, connesso alla tubazione d\u2019ingresso e rotante attorno all\u2019asse verticale della stazione, viene posizionato angolarmente in corrispondenza di una delle uscite della piastra superiore, a cui viene collegato ermeticamente; un comando automatizzato che consente di ruotare il tubo per scegliere la posizione desiderata.","og_url":"https:\/\/syncro-group.com\/syncro\/it\/product\/tetryx\/","og_site_name":"Welcome to Syncro Group Website","article_modified_time":"2025-09-30T08:24:40+00:00","og_image":[{"width":1600,"height":900,"url":"http:\/\/syncro-group.com\/syncro\/wp-content\/uploads\/2023\/01\/WhatsApp-Image-2025-09-24-at-16.06.24.jpeg","type":"image\/jpeg"}],"twitter_card":"summary_large_image","twitter_misc":{"Tempo di lettura stimato":"1 minuto"},"schema":{"@context":"https:\/\/schema.org","@graph":[{"@type":"WebPage","@id":"https:\/\/syncro-group.com\/syncro\/it\/product\/tetryx\/","url":"https:\/\/syncro-group.com\/syncro\/it\/product\/tetryx\/","name":"Tetryx - Welcome to Syncro Group Website","isPartOf":{"@id":"https:\/\/syncro-group.com\/syncro\/it\/#website"},"primaryImageOfPage":{"@id":"https:\/\/syncro-group.com\/syncro\/it\/product\/tetryx\/#primaryimage"},"image":{"@id":"https:\/\/syncro-group.com\/syncro\/it\/product\/tetryx\/#primaryimage"},"thumbnailUrl":"https:\/\/syncro-group.com\/syncro\/wp-content\/uploads\/2023\/01\/WhatsApp-Image-2025-09-24-at-16.06.24.jpeg","datePublished":"2023-08-30T14:42:56+00:00","dateModified":"2025-09-30T08:24:40+00:00","breadcrumb":{"@id":"https:\/\/syncro-group.com\/syncro\/it\/product\/tetryx\/#breadcrumb"},"inLanguage":"it-IT","potentialAction":[{"@type":"ReadAction","target":["https:\/\/syncro-group.com\/syncro\/it\/product\/tetryx\/"]}]},{"@type":"ImageObject","inLanguage":"it-IT","@id":"https:\/\/syncro-group.com\/syncro\/it\/product\/tetryx\/#primaryimage","url":"https:\/\/syncro-group.com\/syncro\/wp-content\/uploads\/2023\/01\/WhatsApp-Image-2025-09-24-at-16.06.24.jpeg","contentUrl":"https:\/\/syncro-group.com\/syncro\/wp-content\/uploads\/2023\/01\/WhatsApp-Image-2025-09-24-at-16.06.24.jpeg","width":1600,"height":900},{"@type":"BreadcrumbList","@id":"https:\/\/syncro-group.com\/syncro\/it\/product\/tetryx\/#breadcrumb","itemListElement":[{"@type":"ListItem","position":1,"name":"Home","item":"https:\/\/syncro-group.com\/syncro\/it\/"},{"@type":"ListItem","position":2,"name":"Prodotti","item":"https:\/\/syncro-group.com\/syncro\/it\/prodotti\/"},{"@type":"ListItem","position":3,"name":"Tetryx"}]},{"@type":"WebSite","@id":"https:\/\/syncro-group.com\/syncro\/it\/#website","url":"https:\/\/syncro-group.com\/syncro\/it\/","name":"Welcome to Syncro Group Website","description":"","potentialAction":[{"@type":"SearchAction","target":{"@type":"EntryPoint","urlTemplate":"https:\/\/syncro-group.com\/syncro\/it\/?s={search_term_string}"},"query-input":{"@type":"PropertyValueSpecification","valueRequired":true,"valueName":"search_term_string"}}],"inLanguage":"it-IT"}]}},"_links":{"self":[{"href":"https:\/\/syncro-group.com\/syncro\/it\/wp-json\/wp\/v2\/product\/10787","targetHints":{"allow":["GET"]}}],"collection":[{"href":"https:\/\/syncro-group.com\/syncro\/it\/wp-json\/wp\/v2\/product"}],"about":[{"href":"https:\/\/syncro-group.com\/syncro\/it\/wp-json\/wp\/v2\/types\/product"}],"wp:featuredmedia":[{"embeddable":true,"href":"https:\/\/syncro-group.com\/syncro\/it\/wp-json\/wp\/v2\/media\/13455"}],"wp:attachment":[{"href":"https:\/\/syncro-group.com\/syncro\/it\/wp-json\/wp\/v2\/media?parent=10787"}],"wp:term":[{"taxonomy":"product_brand","embeddable":true,"href":"https:\/\/syncro-group.com\/syncro\/it\/wp-json\/wp\/v2\/product_brand?post=10787"},{"taxonomy":"product_cat","embeddable":true,"href":"https:\/\/syncro-group.com\/syncro\/it\/wp-json\/wp\/v2\/product_cat?post=10787"},{"taxonomy":"product_tag","embeddable":true,"href":"https:\/\/syncro-group.com\/syncro\/it\/wp-json\/wp\/v2\/product_tag?post=10787"}],"curies":[{"name":"wp","href":"https:\/\/api.w.org\/{rel}","templated":true}]}}