{"id":11095,"date":"2024-01-24T16:08:22","date_gmt":"2024-01-24T15:08:22","guid":{"rendered":"https:\/\/syncro-group.com\/syncro\/?post_type=product&#038;p=11095"},"modified":"2025-09-26T09:38:18","modified_gmt":"2025-09-26T07:38:18","slug":"myblend%c2%b3","status":"publish","type":"product","link":"https:\/\/syncro-group.com\/syncro\/it\/product\/myblend%c2%b3\/","title":{"rendered":"Myblend\u00b3"},"content":{"rendered":"<ul class=\"advantages\"><li>SISTEMA A PERDITA DI PESO MYblend3 \u00e8 l\u2019unico sistema di dosaggio in continuo che non soffre gli effetti di irregolarit\u00e0 di funzionamento volumetrico nella fase di riempimento della tramoggia a perdita di peso.<\/li><li>AUTODIAGNOSI CERTIFICATA La portata oraria \u00e8 calcolata in modo indipendente dai sistemi batch e perdita di peso e devono coincidere: dosaggio gravimetrico certo! In caso contrario l\u2019errore \u00e8 immediatamente segnalato.<\/li><li>PRECISIONE ALLE BASSE % La tecnologia brevettata MYblend3 pu\u00f2 raggiungere portate minime di dosaggio pari a 50 gr\/h.<\/li><li>TECNOLOGIA AL 100% Ogni componente di MYblend3 viene dosato tramite una vite dedicata incluso il materiale principale garantendo un eccellente controllo della portata di estrusione.<\/li><li>MODULARIT\u00c0 La configurazione \u00e8 modulare, il dosatore pu\u00f2 espandersi fino a 6 componenti.<\/li><li>SISTEMA DI TRASPORTO MYblend3 pu\u00f2 essere fornito insieme al sistema di trasporto centralizzato Syncro integrato nel medesimo PLC del dosatore.<\/li><li>MISCELAZIONE Il miscelatore statico a cascata garantisce una dispersione omogenea di tutti i componenti dosati indipendentemente dalla granulometria e densit\u00e0.<\/li><li>PULIZIA Tutte le tramogge gravimetriche sono facilmente rimovibili garantendo una pulizia e cambio di produzione rapido e efficacie. Con l\u2019opzione SMARTDRAYN il cambio di materiali avviene in maniera automatica senza l\u2019ausilio di un operatore dedicato consentendo la tracciabilit\u00e0 del componente drenato.<\/li><li>OPZIONE ALTA TEMPERATURA Su richiesta il dosatore MYblend3 pu\u00f2 dosare componenti caldi fino a 180\u00b0C.<\/li><li>ADDITIVO IN POLVERE Come opzione, sul dosatore MYblend3, \u00e8 possibile installare unit\u00e0 di dosaggio a doppia vite che consentono di aggiungere alla miscela componenti in polvere fino al 5%.<\/li><li>PLC, INDUSTRIA 4.0 E IOT Tutte le macchine SYncro sono pronte per essere integrate con i controlli di supervisione di terze parti e con sistemi ERP utilizzando come standard protocolli OPC-UA di ultima generazione.<\/li><\/ul>\n","protected":false},"excerpt":{"rendered":"<p><strong>MYBLEND3<\/strong> l\u2019innovativo dosatore gravimetrico a perdita di peso in continuo \u00e8 il dosatore ideale per tutti i processi dove il controllo e la stabilit\u00e0 del dosaggio deve essere contenuto irrinunciabilmente in limiti di tolleranza strettissimi come nel caso di linee textile e farmaceutiche.<\/p>\n<p>L\u2019aggiunta di una tramoggia batch pesata interposta tra caricatore e dosatore a perdita di peso consente di riconoscere e correggere in frazioni minime di tempo eventuali problemi intercorsi nella fase di ricarica della tramoggia a perdita di peso. La presenza di due sistemi gravimetrici simultanei, l\u2019uno batch e l\u2019altro continuo, certifica l\u2019effettiva qualit\u00e0 del dosaggio eseguito e segnala anomalie o necessit\u00e0 di taratura delle celle di carico attive nei due sistemi.<\/p>\n","protected":false},"featured_media":11099,"template":"","meta":{"_acf_changed":false},"product_brand":[],"product_cat":[85],"product_tag":[208,203,206,201,194,196,210,380,382,218,192,216,214,212,146],"class_list":{"0":"post-11095","1":"product","2":"type-product","3":"status-publish","4":"has-post-thumbnail","6":"product_cat-dosaggio-miscelazione","7":"product_tag-controllo-peso-metro","8":"product_tag-controllo-portata-estrusore","9":"product_tag-controllo-strati","10":"product_tag-dosaggio-flake","11":"product_tag-dosaggio-foglia","12":"product_tag-dosaggio-granulo","13":"product_tag-dosatore-gravimetrico-a-perdita-di-peso","14":"product_tag-film-plastico-it","15":"product_tag-industria-4-0-it","16":"product_tag-iot","17":"product_tag-linea-di-estrusione","18":"product_tag-opc-ua-3","19":"product_tag-perdita-di-peso","20":"product_tag-sistema-di-dosaggio-a-perdita-di-peso","21":"product_tag-syncro-2","23":"first","24":"instock","25":"shipping-taxable","26":"product-type-simple"},"acf":[],"yoast_head":"<!-- This site is optimized with the Yoast SEO plugin v26.0 - https:\/\/yoast.com\/wordpress\/plugins\/seo\/ -->\n<title>Myblend\u00b3 - Welcome to Syncro Group Website<\/title>\n<meta name=\"description\" content=\"MYBLEND3 l\u2019innovativo dosatore gravimetrico a perdita dipeso in continuo \u00e8 il dosatore ideale per tutti i processi dove il controllo e la stabilit\u00e0 del dosaggio deve essere contenuto irrinunciabilmente in limiti di tolleranza strettissimi come nel caso di linee textile e farmaceutiche.\" \/>\n<meta name=\"robots\" content=\"index, follow, max-snippet:-1, max-image-preview:large, max-video-preview:-1\" \/>\n<link rel=\"canonical\" href=\"https:\/\/syncro-group.com\/syncro\/it\/product\/myblend%c2%b3\/\" \/>\n<meta property=\"og:locale\" content=\"it_IT\" \/>\n<meta property=\"og:type\" content=\"article\" \/>\n<meta property=\"og:title\" content=\"Myblend\u00b3 - Welcome to Syncro Group Website\" \/>\n<meta property=\"og:description\" content=\"MYBLEND3 l\u2019innovativo dosatore gravimetrico a perdita dipeso in continuo \u00e8 il dosatore ideale per tutti i processi dove il controllo e la stabilit\u00e0 del dosaggio deve essere contenuto irrinunciabilmente in limiti di tolleranza strettissimi come nel caso di linee textile e farmaceutiche.\" \/>\n<meta property=\"og:url\" content=\"https:\/\/syncro-group.com\/syncro\/it\/product\/myblend%c2%b3\/\" \/>\n<meta property=\"og:site_name\" content=\"Welcome to Syncro Group Website\" \/>\n<meta property=\"article:modified_time\" content=\"2025-09-26T07:38:18+00:00\" \/>\n<meta property=\"og:image\" content=\"http:\/\/syncro-group.com\/syncro\/wp-content\/uploads\/2024\/01\/Myblend3_render_web.png\" \/>\n\t<meta property=\"og:image:width\" content=\"1000\" \/>\n\t<meta property=\"og:image:height\" content=\"1022\" \/>\n\t<meta property=\"og:image:type\" content=\"image\/png\" \/>\n<meta name=\"twitter:card\" content=\"summary_large_image\" \/>\n<meta name=\"twitter:label1\" content=\"Tempo di lettura stimato\" \/>\n\t<meta name=\"twitter:data1\" content=\"1 minuto\" \/>\n<script type=\"application\/ld+json\" class=\"yoast-schema-graph\">{\"@context\":\"https:\/\/schema.org\",\"@graph\":[{\"@type\":\"WebPage\",\"@id\":\"https:\/\/syncro-group.com\/syncro\/it\/product\/myblend%c2%b3\/\",\"url\":\"https:\/\/syncro-group.com\/syncro\/it\/product\/myblend%c2%b3\/\",\"name\":\"Myblend\u00b3 - Welcome to Syncro Group Website\",\"isPartOf\":{\"@id\":\"https:\/\/syncro-group.com\/syncro\/it\/#website\"},\"primaryImageOfPage\":{\"@id\":\"https:\/\/syncro-group.com\/syncro\/it\/product\/myblend%c2%b3\/#primaryimage\"},\"image\":{\"@id\":\"https:\/\/syncro-group.com\/syncro\/it\/product\/myblend%c2%b3\/#primaryimage\"},\"thumbnailUrl\":\"https:\/\/syncro-group.com\/syncro\/wp-content\/uploads\/2024\/01\/Myblend3_render_web.png\",\"datePublished\":\"2024-01-24T15:08:22+00:00\",\"dateModified\":\"2025-09-26T07:38:18+00:00\",\"description\":\"MYBLEND3 l\u2019innovativo dosatore gravimetrico a perdita dipeso in continuo \u00e8 il dosatore ideale per tutti i processi dove il controllo e la stabilit\u00e0 del dosaggio deve essere contenuto irrinunciabilmente in limiti di tolleranza strettissimi come nel caso di linee textile e farmaceutiche.\",\"breadcrumb\":{\"@id\":\"https:\/\/syncro-group.com\/syncro\/it\/product\/myblend%c2%b3\/#breadcrumb\"},\"inLanguage\":\"it-IT\",\"potentialAction\":[{\"@type\":\"ReadAction\",\"target\":[\"https:\/\/syncro-group.com\/syncro\/it\/product\/myblend%c2%b3\/\"]}]},{\"@type\":\"ImageObject\",\"inLanguage\":\"it-IT\",\"@id\":\"https:\/\/syncro-group.com\/syncro\/it\/product\/myblend%c2%b3\/#primaryimage\",\"url\":\"https:\/\/syncro-group.com\/syncro\/wp-content\/uploads\/2024\/01\/Myblend3_render_web.png\",\"contentUrl\":\"https:\/\/syncro-group.com\/syncro\/wp-content\/uploads\/2024\/01\/Myblend3_render_web.png\",\"width\":1000,\"height\":1022},{\"@type\":\"BreadcrumbList\",\"@id\":\"https:\/\/syncro-group.com\/syncro\/it\/product\/myblend%c2%b3\/#breadcrumb\",\"itemListElement\":[{\"@type\":\"ListItem\",\"position\":1,\"name\":\"Home\",\"item\":\"https:\/\/syncro-group.com\/syncro\/it\/\"},{\"@type\":\"ListItem\",\"position\":2,\"name\":\"Prodotti\",\"item\":\"https:\/\/syncro-group.com\/syncro\/it\/prodotti\/\"},{\"@type\":\"ListItem\",\"position\":3,\"name\":\"Myblend\u00b3\"}]},{\"@type\":\"WebSite\",\"@id\":\"https:\/\/syncro-group.com\/syncro\/it\/#website\",\"url\":\"https:\/\/syncro-group.com\/syncro\/it\/\",\"name\":\"Welcome to Syncro Group Website\",\"description\":\"\",\"potentialAction\":[{\"@type\":\"SearchAction\",\"target\":{\"@type\":\"EntryPoint\",\"urlTemplate\":\"https:\/\/syncro-group.com\/syncro\/it\/?s={search_term_string}\"},\"query-input\":{\"@type\":\"PropertyValueSpecification\",\"valueRequired\":true,\"valueName\":\"search_term_string\"}}],\"inLanguage\":\"it-IT\"}]}<\/script>\n<!-- \/ Yoast SEO plugin. -->","yoast_head_json":{"title":"Myblend\u00b3 - Welcome to Syncro Group Website","description":"MYBLEND3 l\u2019innovativo dosatore gravimetrico a perdita dipeso in continuo \u00e8 il dosatore ideale per tutti i processi dove il controllo e la stabilit\u00e0 del dosaggio deve essere contenuto irrinunciabilmente in limiti di tolleranza strettissimi come nel caso di linee textile e farmaceutiche.","robots":{"index":"index","follow":"follow","max-snippet":"max-snippet:-1","max-image-preview":"max-image-preview:large","max-video-preview":"max-video-preview:-1"},"canonical":"https:\/\/syncro-group.com\/syncro\/it\/product\/myblend%c2%b3\/","og_locale":"it_IT","og_type":"article","og_title":"Myblend\u00b3 - Welcome to Syncro Group Website","og_description":"MYBLEND3 l\u2019innovativo dosatore gravimetrico a perdita dipeso in continuo \u00e8 il dosatore ideale per tutti i processi dove il controllo e la stabilit\u00e0 del dosaggio deve essere contenuto irrinunciabilmente in limiti di tolleranza strettissimi come nel caso di linee textile e farmaceutiche.","og_url":"https:\/\/syncro-group.com\/syncro\/it\/product\/myblend%c2%b3\/","og_site_name":"Welcome to Syncro Group Website","article_modified_time":"2025-09-26T07:38:18+00:00","og_image":[{"width":1000,"height":1022,"url":"http:\/\/syncro-group.com\/syncro\/wp-content\/uploads\/2024\/01\/Myblend3_render_web.png","type":"image\/png"}],"twitter_card":"summary_large_image","twitter_misc":{"Tempo di lettura stimato":"1 minuto"},"schema":{"@context":"https:\/\/schema.org","@graph":[{"@type":"WebPage","@id":"https:\/\/syncro-group.com\/syncro\/it\/product\/myblend%c2%b3\/","url":"https:\/\/syncro-group.com\/syncro\/it\/product\/myblend%c2%b3\/","name":"Myblend\u00b3 - Welcome to Syncro Group Website","isPartOf":{"@id":"https:\/\/syncro-group.com\/syncro\/it\/#website"},"primaryImageOfPage":{"@id":"https:\/\/syncro-group.com\/syncro\/it\/product\/myblend%c2%b3\/#primaryimage"},"image":{"@id":"https:\/\/syncro-group.com\/syncro\/it\/product\/myblend%c2%b3\/#primaryimage"},"thumbnailUrl":"https:\/\/syncro-group.com\/syncro\/wp-content\/uploads\/2024\/01\/Myblend3_render_web.png","datePublished":"2024-01-24T15:08:22+00:00","dateModified":"2025-09-26T07:38:18+00:00","description":"MYBLEND3 l\u2019innovativo dosatore gravimetrico a perdita dipeso in continuo \u00e8 il dosatore ideale per tutti i processi dove il controllo e la stabilit\u00e0 del dosaggio deve essere contenuto irrinunciabilmente in limiti di tolleranza strettissimi come nel caso di linee textile e farmaceutiche.","breadcrumb":{"@id":"https:\/\/syncro-group.com\/syncro\/it\/product\/myblend%c2%b3\/#breadcrumb"},"inLanguage":"it-IT","potentialAction":[{"@type":"ReadAction","target":["https:\/\/syncro-group.com\/syncro\/it\/product\/myblend%c2%b3\/"]}]},{"@type":"ImageObject","inLanguage":"it-IT","@id":"https:\/\/syncro-group.com\/syncro\/it\/product\/myblend%c2%b3\/#primaryimage","url":"https:\/\/syncro-group.com\/syncro\/wp-content\/uploads\/2024\/01\/Myblend3_render_web.png","contentUrl":"https:\/\/syncro-group.com\/syncro\/wp-content\/uploads\/2024\/01\/Myblend3_render_web.png","width":1000,"height":1022},{"@type":"BreadcrumbList","@id":"https:\/\/syncro-group.com\/syncro\/it\/product\/myblend%c2%b3\/#breadcrumb","itemListElement":[{"@type":"ListItem","position":1,"name":"Home","item":"https:\/\/syncro-group.com\/syncro\/it\/"},{"@type":"ListItem","position":2,"name":"Prodotti","item":"https:\/\/syncro-group.com\/syncro\/it\/prodotti\/"},{"@type":"ListItem","position":3,"name":"Myblend\u00b3"}]},{"@type":"WebSite","@id":"https:\/\/syncro-group.com\/syncro\/it\/#website","url":"https:\/\/syncro-group.com\/syncro\/it\/","name":"Welcome to Syncro Group Website","description":"","potentialAction":[{"@type":"SearchAction","target":{"@type":"EntryPoint","urlTemplate":"https:\/\/syncro-group.com\/syncro\/it\/?s={search_term_string}"},"query-input":{"@type":"PropertyValueSpecification","valueRequired":true,"valueName":"search_term_string"}}],"inLanguage":"it-IT"}]}},"_links":{"self":[{"href":"https:\/\/syncro-group.com\/syncro\/it\/wp-json\/wp\/v2\/product\/11095","targetHints":{"allow":["GET"]}}],"collection":[{"href":"https:\/\/syncro-group.com\/syncro\/it\/wp-json\/wp\/v2\/product"}],"about":[{"href":"https:\/\/syncro-group.com\/syncro\/it\/wp-json\/wp\/v2\/types\/product"}],"wp:featuredmedia":[{"embeddable":true,"href":"https:\/\/syncro-group.com\/syncro\/it\/wp-json\/wp\/v2\/media\/11099"}],"wp:attachment":[{"href":"https:\/\/syncro-group.com\/syncro\/it\/wp-json\/wp\/v2\/media?parent=11095"}],"wp:term":[{"taxonomy":"product_brand","embeddable":true,"href":"https:\/\/syncro-group.com\/syncro\/it\/wp-json\/wp\/v2\/product_brand?post=11095"},{"taxonomy":"product_cat","embeddable":true,"href":"https:\/\/syncro-group.com\/syncro\/it\/wp-json\/wp\/v2\/product_cat?post=11095"},{"taxonomy":"product_tag","embeddable":true,"href":"https:\/\/syncro-group.com\/syncro\/it\/wp-json\/wp\/v2\/product_tag?post=11095"}],"curies":[{"name":"wp","href":"https:\/\/api.w.org\/{rel}","templated":true}]}}