{"id":11158,"date":"2024-01-24T18:10:37","date_gmt":"2024-01-24T17:10:37","guid":{"rendered":"https:\/\/syncro-group.com\/syncro\/?post_type=product&#038;p=11158"},"modified":"2025-10-01T14:32:55","modified_gmt":"2025-10-01T12:32:55","slug":"flyer%c2%b3","status":"publish","type":"product","link":"https:\/\/syncro-group.com\/syncro\/it\/product\/flyer%c2%b3\/","title":{"rendered":"Flyer\u00b3"},"content":{"rendered":"<ul class=\"advantages\"><li>FACILE INSTALLAZIONE FlYer3 pu\u00f2 sostituire facilmente un anello d\u2019aria esistente migliorando le prestazioni della linea come la portata e il controllo del profilo con un ROI (ritorno di investimento) mediamente di 6-9 mesi.<\/li><li>CAMERA IN FIBRA DI VETRO Il corpo della macchina \u00e8 nativamente e interamente isolato perch\u00e9 eseguito in resina e fibra. E\u2019 cos\u00ec garantita alta efficienza energetica e prevenzione di formazione di condense. L\u2019alimentazione dell\u2019aria \u00e8 mono-bocca tangenziale. Il collegamento dell\u2019anello all\u2019impianto di aria refrigerata risulta cos\u00ec semplice e lo spazio operativo attorno alla macchina risulta migliorato, facilitando le operazioni di manutenzione attorno alla testa.<\/li><li>SISTEMA DI SOLLEVAMENTO FlYer3 \u00e8 dotato di un gruppo di sollevamento gestito dal sistema di supervisione SYNTROL, permette la memorizzazione del posizionamento nella ricetta del prodotto riducendo al minimo i tempi di cambio ricetta. Il sistema di sollevamento \u00e8 fondamentale anche per una facile e rapida manutenzione e pulizia della testa di estrusione.<\/li><li>FACILE ACCESSO PER LA MANUTENZIONE FlYer3 \u00e8 progettato per una facile manutenzione permettendo l\u2019accesso sia a motori che alle resistenze senza mai dover fermare la linea di estrusione, mantenendo l\u2019anello in \u201cautomatico\u201d.<\/li><li>STABILIZZATORE MULTI-STADIO Lo stabilizzatore multi-stadio aumenta lo scambio termico migliorando la stabilit\u00e0 della bolla e di conseguenza la produttivit\u00e0 della linea.<\/li><li>STABILIZZATORE MULTI-STADIO - Lo stabilizzatore multi-stadio aumenta lo scambio termico migliorando la stabilit\u00e0 della bolla e di conseguenza la produttivit\u00e0 della linea.<\/li><li>TECH 2.0 La regolazione del profilo \u00e8 disponibile in versione Tech 2.0 protetta da specifico Brevetto. Il controllo della temperatura e il controllo del volume dell\u2019aria punto a punto lungo i 360 gradi della circonferenza della bolla sono disponibili, in forma alternativa o complementare, per ottenere la massima flessibilit\u00e0 di gestione e di capacit\u00e0 di regolazione. La combinazione delle due tecnologie permette una riduzione fino al 75% dell\u2019errore del profilo iniziale.<\/li><li>GRANDI RANGE DI RAPPORTI DI GONFIAGGIO FlYer3 \u00e8 adatto sia per grandi che per piccoli BUR grazie al suo design flessibile e a quello dei suoi inserti dedicati.<\/li><li>INDUSTRY 4.0 & IOT Tutte le macchine SYncro sono pronte per essere integrate con i controlli di supervisione di terze parti e con sistemi ERP utilizzando come standard protocolli OPC-UA di ultima generazione.<\/li><\/ul>\n","protected":false},"excerpt":{"rendered":"<p><strong>FlYer3<\/strong> \u00e8 l\u2019anello di raffreddamento progettato per garantire massima capacit\u00e0 di raffreddamento, produttivit\u00e0, stabilit\u00e0 della bolla, accurato controllo del profilo di spessore e qualit\u00e0 del film. FlYer3 rappresenta un vero e proprio step evolutivo dell\u2019anello di raffreddamento tale da giustificare l\u2019ambiziosa espressione cubed, cio\u00e8 \u2018elevato al cubo.<\/p>\n","protected":false},"featured_media":13649,"template":"","meta":{"_acf_changed":false},"product_brand":[],"product_cat":[87],"product_tag":[158,168,184,186,182,380,382,170,146],"class_list":{"0":"post-11158","1":"product","2":"type-product","3":"status-publish","4":"has-post-thumbnail","6":"product_cat-anelli_raffreddamento","7":"product_tag-anello","8":"product_tag-anello-automatico-di-raffreddamento","9":"product_tag-anello-contro-flusso","10":"product_tag-anello-triplo-flusso","11":"product_tag-bolla-di-raffreddamento","12":"product_tag-film-plastico-it","13":"product_tag-industria-4-0-it","14":"product_tag-linea-estrusione-film-bolla","15":"product_tag-syncro-2","17":"first","18":"instock","19":"shipping-taxable","20":"product-type-simple"},"acf":[],"yoast_head":"<!-- This site is optimized with the Yoast SEO plugin v26.0 - https:\/\/yoast.com\/wordpress\/plugins\/seo\/ -->\n<title>Flyer\u00b3 - Welcome to Syncro Group Website<\/title>\n<meta name=\"description\" content=\"FLYER \u00e8 il nuovo anello di raffreddamento automatico a contro flusso ad alta efficienza e ad alte prestazioni per impianti bolla.\" \/>\n<meta name=\"robots\" content=\"index, follow, max-snippet:-1, max-image-preview:large, max-video-preview:-1\" \/>\n<link rel=\"canonical\" href=\"https:\/\/syncro-group.com\/syncro\/it\/product\/flyer%c2%b3\/\" \/>\n<meta property=\"og:locale\" content=\"it_IT\" \/>\n<meta property=\"og:type\" content=\"article\" \/>\n<meta property=\"og:title\" content=\"Flyer\u00b3 - Welcome to Syncro Group Website\" \/>\n<meta property=\"og:description\" content=\"FLYER \u00e8 il nuovo anello di raffreddamento automatico a contro flusso ad alta efficienza e ad alte prestazioni per impianti bolla.\" \/>\n<meta property=\"og:url\" content=\"https:\/\/syncro-group.com\/syncro\/it\/product\/flyer%c2%b3\/\" \/>\n<meta property=\"og:site_name\" content=\"Welcome to Syncro Group Website\" \/>\n<meta property=\"article:modified_time\" content=\"2025-10-01T12:32:55+00:00\" \/>\n<meta property=\"og:image\" content=\"http:\/\/syncro-group.com\/syncro\/wp-content\/uploads\/2024\/01\/Flyer3-_rendering-03_2025-scaled.png\" \/>\n\t<meta property=\"og:image:width\" content=\"2560\" \/>\n\t<meta property=\"og:image:height\" content=\"1978\" \/>\n\t<meta property=\"og:image:type\" content=\"image\/png\" \/>\n<meta name=\"twitter:card\" content=\"summary_large_image\" \/>\n<meta name=\"twitter:label1\" content=\"Tempo di lettura stimato\" \/>\n\t<meta name=\"twitter:data1\" content=\"1 minuto\" \/>\n<script type=\"application\/ld+json\" class=\"yoast-schema-graph\">{\"@context\":\"https:\/\/schema.org\",\"@graph\":[{\"@type\":\"WebPage\",\"@id\":\"https:\/\/syncro-group.com\/syncro\/it\/product\/flyer%c2%b3\/\",\"url\":\"https:\/\/syncro-group.com\/syncro\/it\/product\/flyer%c2%b3\/\",\"name\":\"Flyer\u00b3 - Welcome to Syncro Group Website\",\"isPartOf\":{\"@id\":\"https:\/\/syncro-group.com\/syncro\/it\/#website\"},\"primaryImageOfPage\":{\"@id\":\"https:\/\/syncro-group.com\/syncro\/it\/product\/flyer%c2%b3\/#primaryimage\"},\"image\":{\"@id\":\"https:\/\/syncro-group.com\/syncro\/it\/product\/flyer%c2%b3\/#primaryimage\"},\"thumbnailUrl\":\"https:\/\/syncro-group.com\/syncro\/wp-content\/uploads\/2024\/01\/Flyer3-_rendering-03_2025-scaled.png\",\"datePublished\":\"2024-01-24T17:10:37+00:00\",\"dateModified\":\"2025-10-01T12:32:55+00:00\",\"description\":\"FLYER \u00e8 il nuovo anello di raffreddamento automatico a contro flusso ad alta efficienza e ad alte prestazioni per impianti bolla.\",\"breadcrumb\":{\"@id\":\"https:\/\/syncro-group.com\/syncro\/it\/product\/flyer%c2%b3\/#breadcrumb\"},\"inLanguage\":\"it-IT\",\"potentialAction\":[{\"@type\":\"ReadAction\",\"target\":[\"https:\/\/syncro-group.com\/syncro\/it\/product\/flyer%c2%b3\/\"]}]},{\"@type\":\"ImageObject\",\"inLanguage\":\"it-IT\",\"@id\":\"https:\/\/syncro-group.com\/syncro\/it\/product\/flyer%c2%b3\/#primaryimage\",\"url\":\"https:\/\/syncro-group.com\/syncro\/wp-content\/uploads\/2024\/01\/Flyer3-_rendering-03_2025-scaled.png\",\"contentUrl\":\"https:\/\/syncro-group.com\/syncro\/wp-content\/uploads\/2024\/01\/Flyer3-_rendering-03_2025-scaled.png\",\"width\":2560,\"height\":1978},{\"@type\":\"BreadcrumbList\",\"@id\":\"https:\/\/syncro-group.com\/syncro\/it\/product\/flyer%c2%b3\/#breadcrumb\",\"itemListElement\":[{\"@type\":\"ListItem\",\"position\":1,\"name\":\"Home\",\"item\":\"https:\/\/syncro-group.com\/syncro\/it\/\"},{\"@type\":\"ListItem\",\"position\":2,\"name\":\"Prodotti\",\"item\":\"https:\/\/syncro-group.com\/syncro\/it\/prodotti\/\"},{\"@type\":\"ListItem\",\"position\":3,\"name\":\"Flyer\u00b3\"}]},{\"@type\":\"WebSite\",\"@id\":\"https:\/\/syncro-group.com\/syncro\/it\/#website\",\"url\":\"https:\/\/syncro-group.com\/syncro\/it\/\",\"name\":\"Welcome to Syncro Group Website\",\"description\":\"\",\"potentialAction\":[{\"@type\":\"SearchAction\",\"target\":{\"@type\":\"EntryPoint\",\"urlTemplate\":\"https:\/\/syncro-group.com\/syncro\/it\/?s={search_term_string}\"},\"query-input\":{\"@type\":\"PropertyValueSpecification\",\"valueRequired\":true,\"valueName\":\"search_term_string\"}}],\"inLanguage\":\"it-IT\"}]}<\/script>\n<!-- \/ Yoast SEO plugin. -->","yoast_head_json":{"title":"Flyer\u00b3 - Welcome to Syncro Group Website","description":"FLYER \u00e8 il nuovo anello di raffreddamento automatico a contro flusso ad alta efficienza e ad alte prestazioni per impianti bolla.","robots":{"index":"index","follow":"follow","max-snippet":"max-snippet:-1","max-image-preview":"max-image-preview:large","max-video-preview":"max-video-preview:-1"},"canonical":"https:\/\/syncro-group.com\/syncro\/it\/product\/flyer%c2%b3\/","og_locale":"it_IT","og_type":"article","og_title":"Flyer\u00b3 - Welcome to Syncro Group Website","og_description":"FLYER \u00e8 il nuovo anello di raffreddamento automatico a contro flusso ad alta efficienza e ad alte prestazioni per impianti bolla.","og_url":"https:\/\/syncro-group.com\/syncro\/it\/product\/flyer%c2%b3\/","og_site_name":"Welcome to Syncro Group Website","article_modified_time":"2025-10-01T12:32:55+00:00","og_image":[{"width":2560,"height":1978,"url":"http:\/\/syncro-group.com\/syncro\/wp-content\/uploads\/2024\/01\/Flyer3-_rendering-03_2025-scaled.png","type":"image\/png"}],"twitter_card":"summary_large_image","twitter_misc":{"Tempo di lettura stimato":"1 minuto"},"schema":{"@context":"https:\/\/schema.org","@graph":[{"@type":"WebPage","@id":"https:\/\/syncro-group.com\/syncro\/it\/product\/flyer%c2%b3\/","url":"https:\/\/syncro-group.com\/syncro\/it\/product\/flyer%c2%b3\/","name":"Flyer\u00b3 - Welcome to Syncro Group Website","isPartOf":{"@id":"https:\/\/syncro-group.com\/syncro\/it\/#website"},"primaryImageOfPage":{"@id":"https:\/\/syncro-group.com\/syncro\/it\/product\/flyer%c2%b3\/#primaryimage"},"image":{"@id":"https:\/\/syncro-group.com\/syncro\/it\/product\/flyer%c2%b3\/#primaryimage"},"thumbnailUrl":"https:\/\/syncro-group.com\/syncro\/wp-content\/uploads\/2024\/01\/Flyer3-_rendering-03_2025-scaled.png","datePublished":"2024-01-24T17:10:37+00:00","dateModified":"2025-10-01T12:32:55+00:00","description":"FLYER \u00e8 il nuovo anello di raffreddamento automatico a contro flusso ad alta efficienza e ad alte prestazioni per impianti bolla.","breadcrumb":{"@id":"https:\/\/syncro-group.com\/syncro\/it\/product\/flyer%c2%b3\/#breadcrumb"},"inLanguage":"it-IT","potentialAction":[{"@type":"ReadAction","target":["https:\/\/syncro-group.com\/syncro\/it\/product\/flyer%c2%b3\/"]}]},{"@type":"ImageObject","inLanguage":"it-IT","@id":"https:\/\/syncro-group.com\/syncro\/it\/product\/flyer%c2%b3\/#primaryimage","url":"https:\/\/syncro-group.com\/syncro\/wp-content\/uploads\/2024\/01\/Flyer3-_rendering-03_2025-scaled.png","contentUrl":"https:\/\/syncro-group.com\/syncro\/wp-content\/uploads\/2024\/01\/Flyer3-_rendering-03_2025-scaled.png","width":2560,"height":1978},{"@type":"BreadcrumbList","@id":"https:\/\/syncro-group.com\/syncro\/it\/product\/flyer%c2%b3\/#breadcrumb","itemListElement":[{"@type":"ListItem","position":1,"name":"Home","item":"https:\/\/syncro-group.com\/syncro\/it\/"},{"@type":"ListItem","position":2,"name":"Prodotti","item":"https:\/\/syncro-group.com\/syncro\/it\/prodotti\/"},{"@type":"ListItem","position":3,"name":"Flyer\u00b3"}]},{"@type":"WebSite","@id":"https:\/\/syncro-group.com\/syncro\/it\/#website","url":"https:\/\/syncro-group.com\/syncro\/it\/","name":"Welcome to Syncro Group Website","description":"","potentialAction":[{"@type":"SearchAction","target":{"@type":"EntryPoint","urlTemplate":"https:\/\/syncro-group.com\/syncro\/it\/?s={search_term_string}"},"query-input":{"@type":"PropertyValueSpecification","valueRequired":true,"valueName":"search_term_string"}}],"inLanguage":"it-IT"}]}},"_links":{"self":[{"href":"https:\/\/syncro-group.com\/syncro\/it\/wp-json\/wp\/v2\/product\/11158","targetHints":{"allow":["GET"]}}],"collection":[{"href":"https:\/\/syncro-group.com\/syncro\/it\/wp-json\/wp\/v2\/product"}],"about":[{"href":"https:\/\/syncro-group.com\/syncro\/it\/wp-json\/wp\/v2\/types\/product"}],"wp:featuredmedia":[{"embeddable":true,"href":"https:\/\/syncro-group.com\/syncro\/it\/wp-json\/wp\/v2\/media\/13649"}],"wp:attachment":[{"href":"https:\/\/syncro-group.com\/syncro\/it\/wp-json\/wp\/v2\/media?parent=11158"}],"wp:term":[{"taxonomy":"product_brand","embeddable":true,"href":"https:\/\/syncro-group.com\/syncro\/it\/wp-json\/wp\/v2\/product_brand?post=11158"},{"taxonomy":"product_cat","embeddable":true,"href":"https:\/\/syncro-group.com\/syncro\/it\/wp-json\/wp\/v2\/product_cat?post=11158"},{"taxonomy":"product_tag","embeddable":true,"href":"https:\/\/syncro-group.com\/syncro\/it\/wp-json\/wp\/v2\/product_tag?post=11158"}],"curies":[{"name":"wp","href":"https:\/\/api.w.org\/{rel}","templated":true}]}}