{"id":11785,"date":"2023-01-17T11:22:03","date_gmt":"2023-01-17T10:22:03","guid":{"rendered":"https:\/\/syncro-group.com\/syncro\/product\/microex-cast\/"},"modified":"2024-06-10T14:39:45","modified_gmt":"2024-06-10T12:39:45","slug":"microex-cast","status":"publish","type":"product","link":"https:\/\/syncro-group.com\/syncro\/it\/product\/microex-cast\/","title":{"rendered":"Microex Cast"},"content":{"rendered":"<ul class=\"advantages\"><li>COMPATIBILIT\u00c0 DEI MATERIALI - Compatibilit\u00e0 con un'ampia gamma di polimeri, vergini e riciclati, con uno spessore compreso tra 20 e 800 \u03bcm.<\/li><li>VITE ESTRUDENTE LAB DESIGN - \u00d8 17,5 mm Il design conico della vite speciale MICROEX consente di lavorare piccoli lotti di materiale con scarti ridotti e risultati di alta qualit\u00e0.<\/li><li>CONFIGURAZIONE DEL DADO - Il dado piatto a T cromato garantisce un flusso costante e uniforme di polimero fuso.<\/li><li>FILM PERSONALIZZABILE - Grazie al lavoro combinato dell'unit\u00e0 di traino e del servomotore BL con il suo riduttore, la linea raggiunge la larghezza e lo spessore desiderati. Dotato di un avvolgitore monoalbero azionato da un motore di coppia per la raccolta della bobina di film.<\/li><li>COMPONENTI DI ALTA QUALIT\u00c0 - Dotato di componenti meccanici ed elettrici di alta qualit\u00e0, Microex Cast \u00e8 in grado di funzionare 24 ore su 24, 7 giorni su 7.<\/li><li>BASSO CONSUMO ENERGETICO - Progettata in modo Plug & Play, la macchina funziona con spine industriali monofase o con spine domestiche standard da 240 V, con un consumo inferiore a 3 KW.<\/li><li>FACILE ESTRAZIONE E PULIZIA - Il particolare design della coclea facilita la pulizia e la manutenzione, in modo da essere sempre pronta all'uso in meno di 5 minuti.<\/li><li>PANNELLO DI CONTROLLO TOUCH SCREEN - Visualizzazione della regolazione della temperatura per ogni zona su pagine dedicate. Indicazione a led dello stato dei motori con allarmi di protezione. Porte USB per salvare ed esportare i dati di processo.<\/li><li>SEMPLICE DA USARE - Linea estremamente facile da usare, gestibile da una sola persona con pochi passaggi e pronta all'uso in meno di 10 minuti.<\/li><\/ul>\n","protected":false},"excerpt":{"rendered":"<p class=\"p2\"><strong>Microex Cast<\/strong> \u00e8 la versione pi\u00f9 piccola della linea di film cast Eur.Ex.Ma. Questa linea \u00e8 progettata per il controllo di qualit\u00e0 di polimeri, compound, masterbatches e materiali riciclati. I campioni di film possono essere utilizzati per testare le propriet\u00e0 meccaniche, il controllo visivo dei difetti, la lavorabilit\u00e0 dei polimeri e la corrispondenza dei colori.<\/p>\n","protected":false},"featured_media":9560,"template":"","meta":{"_acf_changed":false},"product_brand":[],"product_cat":[832],"product_tag":[833,834,838],"class_list":{"0":"post-11785","1":"product","2":"type-product","3":"status-publish","4":"has-post-thumbnail","6":"product_cat-tecnologie-lab-pilot","7":"product_tag-eurexma-it","8":"product_tag-lab-pilot-it","9":"product_tag-microex-cast-it","11":"first","12":"instock","13":"shipping-taxable","14":"product-type-simple"},"acf":[],"yoast_head":"<!-- This site is optimized with the Yoast SEO plugin v26.0 - https:\/\/yoast.com\/wordpress\/plugins\/seo\/ -->\n<title>Microex Cast - Welcome to Syncro Group Website<\/title>\n<meta name=\"description\" content=\"FLYER is the new SYNCRO automatic air ring designed for high efficiency and high output for blown film lines to improve film physical properties.\" \/>\n<meta name=\"robots\" content=\"index, follow, max-snippet:-1, max-image-preview:large, max-video-preview:-1\" \/>\n<link rel=\"canonical\" href=\"https:\/\/syncro-group.com\/syncro\/it\/product\/microex-cast\/\" \/>\n<meta property=\"og:locale\" content=\"it_IT\" \/>\n<meta property=\"og:type\" content=\"article\" \/>\n<meta property=\"og:title\" content=\"Microex Cast - Welcome to Syncro Group Website\" \/>\n<meta property=\"og:description\" content=\"FLYER is the new SYNCRO automatic air ring designed for high efficiency and high output for blown film lines to improve film physical properties.\" \/>\n<meta property=\"og:url\" content=\"https:\/\/syncro-group.com\/syncro\/it\/product\/microex-cast\/\" \/>\n<meta property=\"og:site_name\" content=\"Welcome to Syncro Group Website\" \/>\n<meta property=\"article:modified_time\" content=\"2024-06-10T12:39:45+00:00\" \/>\n<meta property=\"og:image\" content=\"https:\/\/syncro-group.com\/syncro\/wp-content\/uploads\/2023\/01\/Microex_Cast_2_Scontornata.jpeg\" \/>\n\t<meta property=\"og:image:width\" content=\"1600\" \/>\n\t<meta property=\"og:image:height\" content=\"1200\" \/>\n\t<meta property=\"og:image:type\" content=\"image\/jpeg\" \/>\n<meta name=\"twitter:card\" content=\"summary_large_image\" \/>\n<script type=\"application\/ld+json\" class=\"yoast-schema-graph\">{\"@context\":\"https:\/\/schema.org\",\"@graph\":[{\"@type\":\"WebPage\",\"@id\":\"https:\/\/syncro-group.com\/syncro\/it\/product\/microex-cast\/\",\"url\":\"https:\/\/syncro-group.com\/syncro\/it\/product\/microex-cast\/\",\"name\":\"Microex Cast - Welcome to Syncro Group Website\",\"isPartOf\":{\"@id\":\"https:\/\/syncro-group.com\/syncro\/it\/#website\"},\"primaryImageOfPage\":{\"@id\":\"https:\/\/syncro-group.com\/syncro\/it\/product\/microex-cast\/#primaryimage\"},\"image\":{\"@id\":\"https:\/\/syncro-group.com\/syncro\/it\/product\/microex-cast\/#primaryimage\"},\"thumbnailUrl\":\"https:\/\/syncro-group.com\/syncro\/wp-content\/uploads\/2023\/01\/Microex_Cast_2_Scontornata.jpeg\",\"datePublished\":\"2023-01-17T10:22:03+00:00\",\"dateModified\":\"2024-06-10T12:39:45+00:00\",\"description\":\"FLYER is the new SYNCRO automatic air ring designed for high efficiency and high output for blown film lines to improve film physical properties.\",\"breadcrumb\":{\"@id\":\"https:\/\/syncro-group.com\/syncro\/it\/product\/microex-cast\/#breadcrumb\"},\"inLanguage\":\"it-IT\",\"potentialAction\":[{\"@type\":\"ReadAction\",\"target\":[\"https:\/\/syncro-group.com\/syncro\/it\/product\/microex-cast\/\"]}]},{\"@type\":\"ImageObject\",\"inLanguage\":\"it-IT\",\"@id\":\"https:\/\/syncro-group.com\/syncro\/it\/product\/microex-cast\/#primaryimage\",\"url\":\"https:\/\/syncro-group.com\/syncro\/wp-content\/uploads\/2023\/01\/Microex_Cast_2_Scontornata.jpeg\",\"contentUrl\":\"https:\/\/syncro-group.com\/syncro\/wp-content\/uploads\/2023\/01\/Microex_Cast_2_Scontornata.jpeg\",\"width\":1600,\"height\":1200},{\"@type\":\"BreadcrumbList\",\"@id\":\"https:\/\/syncro-group.com\/syncro\/it\/product\/microex-cast\/#breadcrumb\",\"itemListElement\":[{\"@type\":\"ListItem\",\"position\":1,\"name\":\"Home\",\"item\":\"https:\/\/syncro-group.com\/syncro\/it\/\"},{\"@type\":\"ListItem\",\"position\":2,\"name\":\"Prodotti\",\"item\":\"https:\/\/syncro-group.com\/syncro\/it\/prodotti\/\"},{\"@type\":\"ListItem\",\"position\":3,\"name\":\"Microex Cast\"}]},{\"@type\":\"WebSite\",\"@id\":\"https:\/\/syncro-group.com\/syncro\/it\/#website\",\"url\":\"https:\/\/syncro-group.com\/syncro\/it\/\",\"name\":\"Welcome to Syncro Group Website\",\"description\":\"\",\"potentialAction\":[{\"@type\":\"SearchAction\",\"target\":{\"@type\":\"EntryPoint\",\"urlTemplate\":\"https:\/\/syncro-group.com\/syncro\/it\/?s={search_term_string}\"},\"query-input\":{\"@type\":\"PropertyValueSpecification\",\"valueRequired\":true,\"valueName\":\"search_term_string\"}}],\"inLanguage\":\"it-IT\"}]}<\/script>\n<!-- \/ Yoast SEO plugin. -->","yoast_head_json":{"title":"Microex Cast - Welcome to Syncro Group Website","description":"FLYER is the new SYNCRO automatic air ring designed for high efficiency and high output for blown film lines to improve film physical properties.","robots":{"index":"index","follow":"follow","max-snippet":"max-snippet:-1","max-image-preview":"max-image-preview:large","max-video-preview":"max-video-preview:-1"},"canonical":"https:\/\/syncro-group.com\/syncro\/it\/product\/microex-cast\/","og_locale":"it_IT","og_type":"article","og_title":"Microex Cast - Welcome to Syncro Group Website","og_description":"FLYER is the new SYNCRO automatic air ring designed for high efficiency and high output for blown film lines to improve film physical properties.","og_url":"https:\/\/syncro-group.com\/syncro\/it\/product\/microex-cast\/","og_site_name":"Welcome to Syncro Group Website","article_modified_time":"2024-06-10T12:39:45+00:00","og_image":[{"width":1600,"height":1200,"url":"https:\/\/syncro-group.com\/syncro\/wp-content\/uploads\/2023\/01\/Microex_Cast_2_Scontornata.jpeg","type":"image\/jpeg"}],"twitter_card":"summary_large_image","schema":{"@context":"https:\/\/schema.org","@graph":[{"@type":"WebPage","@id":"https:\/\/syncro-group.com\/syncro\/it\/product\/microex-cast\/","url":"https:\/\/syncro-group.com\/syncro\/it\/product\/microex-cast\/","name":"Microex Cast - Welcome to Syncro Group Website","isPartOf":{"@id":"https:\/\/syncro-group.com\/syncro\/it\/#website"},"primaryImageOfPage":{"@id":"https:\/\/syncro-group.com\/syncro\/it\/product\/microex-cast\/#primaryimage"},"image":{"@id":"https:\/\/syncro-group.com\/syncro\/it\/product\/microex-cast\/#primaryimage"},"thumbnailUrl":"https:\/\/syncro-group.com\/syncro\/wp-content\/uploads\/2023\/01\/Microex_Cast_2_Scontornata.jpeg","datePublished":"2023-01-17T10:22:03+00:00","dateModified":"2024-06-10T12:39:45+00:00","description":"FLYER is the new SYNCRO automatic air ring designed for high efficiency and high output for blown film lines to improve film physical properties.","breadcrumb":{"@id":"https:\/\/syncro-group.com\/syncro\/it\/product\/microex-cast\/#breadcrumb"},"inLanguage":"it-IT","potentialAction":[{"@type":"ReadAction","target":["https:\/\/syncro-group.com\/syncro\/it\/product\/microex-cast\/"]}]},{"@type":"ImageObject","inLanguage":"it-IT","@id":"https:\/\/syncro-group.com\/syncro\/it\/product\/microex-cast\/#primaryimage","url":"https:\/\/syncro-group.com\/syncro\/wp-content\/uploads\/2023\/01\/Microex_Cast_2_Scontornata.jpeg","contentUrl":"https:\/\/syncro-group.com\/syncro\/wp-content\/uploads\/2023\/01\/Microex_Cast_2_Scontornata.jpeg","width":1600,"height":1200},{"@type":"BreadcrumbList","@id":"https:\/\/syncro-group.com\/syncro\/it\/product\/microex-cast\/#breadcrumb","itemListElement":[{"@type":"ListItem","position":1,"name":"Home","item":"https:\/\/syncro-group.com\/syncro\/it\/"},{"@type":"ListItem","position":2,"name":"Prodotti","item":"https:\/\/syncro-group.com\/syncro\/it\/prodotti\/"},{"@type":"ListItem","position":3,"name":"Microex Cast"}]},{"@type":"WebSite","@id":"https:\/\/syncro-group.com\/syncro\/it\/#website","url":"https:\/\/syncro-group.com\/syncro\/it\/","name":"Welcome to Syncro Group Website","description":"","potentialAction":[{"@type":"SearchAction","target":{"@type":"EntryPoint","urlTemplate":"https:\/\/syncro-group.com\/syncro\/it\/?s={search_term_string}"},"query-input":{"@type":"PropertyValueSpecification","valueRequired":true,"valueName":"search_term_string"}}],"inLanguage":"it-IT"}]}},"_links":{"self":[{"href":"https:\/\/syncro-group.com\/syncro\/it\/wp-json\/wp\/v2\/product\/11785","targetHints":{"allow":["GET"]}}],"collection":[{"href":"https:\/\/syncro-group.com\/syncro\/it\/wp-json\/wp\/v2\/product"}],"about":[{"href":"https:\/\/syncro-group.com\/syncro\/it\/wp-json\/wp\/v2\/types\/product"}],"wp:featuredmedia":[{"embeddable":true,"href":"https:\/\/syncro-group.com\/syncro\/it\/wp-json\/wp\/v2\/media\/9560"}],"wp:attachment":[{"href":"https:\/\/syncro-group.com\/syncro\/it\/wp-json\/wp\/v2\/media?parent=11785"}],"wp:term":[{"taxonomy":"product_brand","embeddable":true,"href":"https:\/\/syncro-group.com\/syncro\/it\/wp-json\/wp\/v2\/product_brand?post=11785"},{"taxonomy":"product_cat","embeddable":true,"href":"https:\/\/syncro-group.com\/syncro\/it\/wp-json\/wp\/v2\/product_cat?post=11785"},{"taxonomy":"product_tag","embeddable":true,"href":"https:\/\/syncro-group.com\/syncro\/it\/wp-json\/wp\/v2\/product_tag?post=11785"}],"curies":[{"name":"wp","href":"https:\/\/api.w.org\/{rel}","templated":true}]}}