{"id":11872,"date":"2024-04-22T14:56:59","date_gmt":"2024-04-22T12:56:59","guid":{"rendered":"https:\/\/syncro-group.com\/syncro\/product\/easyeyes\/"},"modified":"2025-10-29T11:44:23","modified_gmt":"2025-10-29T10:44:23","slug":"easyeyes","status":"publish","type":"product","link":"https:\/\/syncro-group.com\/syncro\/it\/product\/easyeyes\/","title":{"rendered":"EasyEyes"},"content":{"rendered":"<ul class=\"advantages\"><li>CARATTERISTICHE - EasyEyes offre due configurazioni standard adattate alla gamma layflat, che va da 2000 mm a 3000 mm. Grazie alle telecamere ad alta risoluzione e ai potenti processori, EasyEyes \u00e8 in grado di rilevare difetti fino a 250 \u03bcm, mentre scansiona pellicole che viaggiano a velocit\u00e0 fino a 300 m\/min. Per le applicazioni EasyEyes, un solo illuminatore in controluce \u00e8 sufficiente per rilevare tutti i difetti pi\u00f9 comuni delle pellicole.<\/li><li>HMI & REPORT - EasyEyes \u00e8 dotato di un\u2019interfaccia HMI intuitiva per la visualizzazione in tempo reale del processo di ispezione, compresa una mappatura 2D avanzata per l\u2019analisi dei difetti. Cataloga automaticamente i difetti e fornisce un\u2019analisi statistica, consentendo la stesura di rapporti di ispezione dettagliati e in linea con gli standard del settore, per una maggiore produttivit\u00e0 e una riduzione degli scarti.<\/li><li>CONFIGURAZIONE DELLA STRUTTURA - Il sistema completo, che comprende telecamere, ottiche e illuminatori, \u00e8 montato su un telaio che attraversa la linea di produzione. Per le linee di film soffiato, sono disponibili due configurazioni distinte, tipicamente posizionate appena prima degli avvolgitori: La configurazione Twin standard consente a un singolo processore di immagini di effettuare ispezioni su due bobine contemporaneamente all\u2019interno di un telaio unificato. La pi\u00f9 recente e innovativa configurazione Winder Embedded, che integra completamente il percorso ottico della telecamera nel pavimento del mezzanino, utilizza una barra intermedia dotata di uno specchio riflettente specializzato che risolve il problema del percorso molto breve dalla separazione del film soffiato agli avvolgitori.<\/li><li>INDUSTRY 4.0 & IoT - Tutte le macchine SYncro sono pronte per essere integrate con i controlli di supervisione di terze parti e con sistemi ERP utilizzando come standard protocolli OPC-UA di ultima generazione.<\/li><\/ul>\n","protected":false},"excerpt":{"rendered":"<p class=\"p2\"><b>EASYEYES <\/b>il sistema di ispezione ottica progettato esclusivamente per il controllo della qualit\u00e0 delle superfici dei film plastici, offre una configurazione standardizzata. \u00c8 ideale per le linee di produzione di film soffiati e fusi con velocit\u00e0 fino a 300 m\/min e risoluzioni dei difetti non inferiori a 250 \u03bcm.<\/p>\n<p class=\"p2\"><strong>EasyEyes<\/strong> analizza i materiali prodotti attraverso processi di estrusione di film soffiati e colati. Questi materiali presentano uno spettro di propriet\u00e0 ottiche che vanno dalla trasparenza alla traslucenza. In questa configurazione, l\u2019unico sistema di illuminazione utilizzato \u00e8 la retroilluminazione.<\/p>\n","protected":false},"featured_media":11859,"template":"","meta":{"_acf_changed":false},"product_brand":[],"product_cat":[370],"product_tag":[378,380,382,218,147,384,375],"class_list":{"0":"post-11872","1":"product","2":"type-product","3":"status-publish","4":"has-post-thumbnail","6":"product_cat-rilevamento-difetti","7":"product_tag-controllo-qualita","8":"product_tag-film-plastico-it","9":"product_tag-industria-4-0-it","10":"product_tag-iot","11":"product_tag-syncro-3","12":"product_tag-telecamera-ispezione-difetti","13":"product_tag-visione","15":"first","16":"instock","17":"shipping-taxable","18":"product-type-simple"},"acf":[],"yoast_head":"<!-- This site is optimized with the Yoast SEO plugin v26.0 - https:\/\/yoast.com\/wordpress\/plugins\/seo\/ -->\n<title>EasyEyes - Welcome to Syncro Group Website<\/title>\n<meta name=\"description\" content=\"EYES is an automatic visual quality inspection system for plasticfilm extrusion.\" \/>\n<meta name=\"robots\" content=\"index, follow, max-snippet:-1, max-image-preview:large, max-video-preview:-1\" \/>\n<link rel=\"canonical\" href=\"https:\/\/syncro-group.com\/syncro\/it\/product\/easyeyes\/\" \/>\n<meta property=\"og:locale\" content=\"it_IT\" \/>\n<meta property=\"og:type\" content=\"article\" \/>\n<meta property=\"og:title\" content=\"EasyEyes - Welcome to Syncro Group Website\" \/>\n<meta property=\"og:description\" content=\"EYES is an automatic visual quality inspection system for plasticfilm extrusion.\" \/>\n<meta property=\"og:url\" content=\"https:\/\/syncro-group.com\/syncro\/it\/product\/easyeyes\/\" \/>\n<meta property=\"og:site_name\" content=\"Welcome to Syncro Group Website\" \/>\n<meta property=\"article:modified_time\" content=\"2025-10-29T10:44:23+00:00\" \/>\n<meta property=\"og:image\" content=\"http:\/\/syncro-group.com\/syncro\/wp-content\/uploads\/2024\/04\/Eyes-2.jpg\" \/>\n\t<meta property=\"og:image:width\" content=\"1190\" \/>\n\t<meta property=\"og:image:height\" content=\"1308\" \/>\n\t<meta property=\"og:image:type\" content=\"image\/jpeg\" \/>\n<meta name=\"twitter:card\" content=\"summary_large_image\" \/>\n<meta name=\"twitter:label1\" content=\"Tempo di lettura stimato\" \/>\n\t<meta name=\"twitter:data1\" content=\"1 minuto\" \/>\n<script type=\"application\/ld+json\" class=\"yoast-schema-graph\">{\"@context\":\"https:\/\/schema.org\",\"@graph\":[{\"@type\":\"WebPage\",\"@id\":\"https:\/\/syncro-group.com\/syncro\/it\/product\/easyeyes\/\",\"url\":\"https:\/\/syncro-group.com\/syncro\/it\/product\/easyeyes\/\",\"name\":\"EasyEyes - Welcome to Syncro Group Website\",\"isPartOf\":{\"@id\":\"https:\/\/syncro-group.com\/syncro\/it\/#website\"},\"primaryImageOfPage\":{\"@id\":\"https:\/\/syncro-group.com\/syncro\/it\/product\/easyeyes\/#primaryimage\"},\"image\":{\"@id\":\"https:\/\/syncro-group.com\/syncro\/it\/product\/easyeyes\/#primaryimage\"},\"thumbnailUrl\":\"https:\/\/syncro-group.com\/syncro\/wp-content\/uploads\/2024\/04\/Eyes-2.jpg\",\"datePublished\":\"2024-04-22T12:56:59+00:00\",\"dateModified\":\"2025-10-29T10:44:23+00:00\",\"description\":\"EYES is an automatic visual quality inspection system for plasticfilm extrusion.\",\"breadcrumb\":{\"@id\":\"https:\/\/syncro-group.com\/syncro\/it\/product\/easyeyes\/#breadcrumb\"},\"inLanguage\":\"it-IT\",\"potentialAction\":[{\"@type\":\"ReadAction\",\"target\":[\"https:\/\/syncro-group.com\/syncro\/it\/product\/easyeyes\/\"]}]},{\"@type\":\"ImageObject\",\"inLanguage\":\"it-IT\",\"@id\":\"https:\/\/syncro-group.com\/syncro\/it\/product\/easyeyes\/#primaryimage\",\"url\":\"https:\/\/syncro-group.com\/syncro\/wp-content\/uploads\/2024\/04\/Eyes-2.jpg\",\"contentUrl\":\"https:\/\/syncro-group.com\/syncro\/wp-content\/uploads\/2024\/04\/Eyes-2.jpg\",\"width\":1190,\"height\":1308},{\"@type\":\"BreadcrumbList\",\"@id\":\"https:\/\/syncro-group.com\/syncro\/it\/product\/easyeyes\/#breadcrumb\",\"itemListElement\":[{\"@type\":\"ListItem\",\"position\":1,\"name\":\"Home\",\"item\":\"https:\/\/syncro-group.com\/syncro\/it\/\"},{\"@type\":\"ListItem\",\"position\":2,\"name\":\"Prodotti\",\"item\":\"https:\/\/syncro-group.com\/syncro\/it\/prodotti\/\"},{\"@type\":\"ListItem\",\"position\":3,\"name\":\"EasyEyes\"}]},{\"@type\":\"WebSite\",\"@id\":\"https:\/\/syncro-group.com\/syncro\/it\/#website\",\"url\":\"https:\/\/syncro-group.com\/syncro\/it\/\",\"name\":\"Welcome to Syncro Group Website\",\"description\":\"\",\"potentialAction\":[{\"@type\":\"SearchAction\",\"target\":{\"@type\":\"EntryPoint\",\"urlTemplate\":\"https:\/\/syncro-group.com\/syncro\/it\/?s={search_term_string}\"},\"query-input\":{\"@type\":\"PropertyValueSpecification\",\"valueRequired\":true,\"valueName\":\"search_term_string\"}}],\"inLanguage\":\"it-IT\"}]}<\/script>\n<!-- \/ Yoast SEO plugin. -->","yoast_head_json":{"title":"EasyEyes - Welcome to Syncro Group Website","description":"EYES is an automatic visual quality inspection system for plasticfilm extrusion.","robots":{"index":"index","follow":"follow","max-snippet":"max-snippet:-1","max-image-preview":"max-image-preview:large","max-video-preview":"max-video-preview:-1"},"canonical":"https:\/\/syncro-group.com\/syncro\/it\/product\/easyeyes\/","og_locale":"it_IT","og_type":"article","og_title":"EasyEyes - Welcome to Syncro Group Website","og_description":"EYES is an automatic visual quality inspection system for plasticfilm extrusion.","og_url":"https:\/\/syncro-group.com\/syncro\/it\/product\/easyeyes\/","og_site_name":"Welcome to Syncro Group Website","article_modified_time":"2025-10-29T10:44:23+00:00","og_image":[{"width":1190,"height":1308,"url":"http:\/\/syncro-group.com\/syncro\/wp-content\/uploads\/2024\/04\/Eyes-2.jpg","type":"image\/jpeg"}],"twitter_card":"summary_large_image","twitter_misc":{"Tempo di lettura stimato":"1 minuto"},"schema":{"@context":"https:\/\/schema.org","@graph":[{"@type":"WebPage","@id":"https:\/\/syncro-group.com\/syncro\/it\/product\/easyeyes\/","url":"https:\/\/syncro-group.com\/syncro\/it\/product\/easyeyes\/","name":"EasyEyes - Welcome to Syncro Group Website","isPartOf":{"@id":"https:\/\/syncro-group.com\/syncro\/it\/#website"},"primaryImageOfPage":{"@id":"https:\/\/syncro-group.com\/syncro\/it\/product\/easyeyes\/#primaryimage"},"image":{"@id":"https:\/\/syncro-group.com\/syncro\/it\/product\/easyeyes\/#primaryimage"},"thumbnailUrl":"https:\/\/syncro-group.com\/syncro\/wp-content\/uploads\/2024\/04\/Eyes-2.jpg","datePublished":"2024-04-22T12:56:59+00:00","dateModified":"2025-10-29T10:44:23+00:00","description":"EYES is an automatic visual quality inspection system for plasticfilm extrusion.","breadcrumb":{"@id":"https:\/\/syncro-group.com\/syncro\/it\/product\/easyeyes\/#breadcrumb"},"inLanguage":"it-IT","potentialAction":[{"@type":"ReadAction","target":["https:\/\/syncro-group.com\/syncro\/it\/product\/easyeyes\/"]}]},{"@type":"ImageObject","inLanguage":"it-IT","@id":"https:\/\/syncro-group.com\/syncro\/it\/product\/easyeyes\/#primaryimage","url":"https:\/\/syncro-group.com\/syncro\/wp-content\/uploads\/2024\/04\/Eyes-2.jpg","contentUrl":"https:\/\/syncro-group.com\/syncro\/wp-content\/uploads\/2024\/04\/Eyes-2.jpg","width":1190,"height":1308},{"@type":"BreadcrumbList","@id":"https:\/\/syncro-group.com\/syncro\/it\/product\/easyeyes\/#breadcrumb","itemListElement":[{"@type":"ListItem","position":1,"name":"Home","item":"https:\/\/syncro-group.com\/syncro\/it\/"},{"@type":"ListItem","position":2,"name":"Prodotti","item":"https:\/\/syncro-group.com\/syncro\/it\/prodotti\/"},{"@type":"ListItem","position":3,"name":"EasyEyes"}]},{"@type":"WebSite","@id":"https:\/\/syncro-group.com\/syncro\/it\/#website","url":"https:\/\/syncro-group.com\/syncro\/it\/","name":"Welcome to Syncro Group Website","description":"","potentialAction":[{"@type":"SearchAction","target":{"@type":"EntryPoint","urlTemplate":"https:\/\/syncro-group.com\/syncro\/it\/?s={search_term_string}"},"query-input":{"@type":"PropertyValueSpecification","valueRequired":true,"valueName":"search_term_string"}}],"inLanguage":"it-IT"}]}},"_links":{"self":[{"href":"https:\/\/syncro-group.com\/syncro\/it\/wp-json\/wp\/v2\/product\/11872","targetHints":{"allow":["GET"]}}],"collection":[{"href":"https:\/\/syncro-group.com\/syncro\/it\/wp-json\/wp\/v2\/product"}],"about":[{"href":"https:\/\/syncro-group.com\/syncro\/it\/wp-json\/wp\/v2\/types\/product"}],"wp:featuredmedia":[{"embeddable":true,"href":"https:\/\/syncro-group.com\/syncro\/it\/wp-json\/wp\/v2\/media\/11859"}],"wp:attachment":[{"href":"https:\/\/syncro-group.com\/syncro\/it\/wp-json\/wp\/v2\/media?parent=11872"}],"wp:term":[{"taxonomy":"product_brand","embeddable":true,"href":"https:\/\/syncro-group.com\/syncro\/it\/wp-json\/wp\/v2\/product_brand?post=11872"},{"taxonomy":"product_cat","embeddable":true,"href":"https:\/\/syncro-group.com\/syncro\/it\/wp-json\/wp\/v2\/product_cat?post=11872"},{"taxonomy":"product_tag","embeddable":true,"href":"https:\/\/syncro-group.com\/syncro\/it\/wp-json\/wp\/v2\/product_tag?post=11872"}],"curies":[{"name":"wp","href":"https:\/\/api.w.org\/{rel}","templated":true}]}}