{"id":11879,"date":"2024-04-22T15:20:30","date_gmt":"2024-04-22T13:20:32","guid":{"rendered":"https:\/\/syncro-group.com\/syncro\/?post_type=product&#038;p=11879"},"modified":"2025-05-13T14:54:23","modified_gmt":"2025-05-13T12:54:23","slug":"easylab","status":"publish","type":"product","link":"https:\/\/syncro-group.com\/syncro\/it\/product\/easylab\/","title":{"rendered":"EasyLab"},"content":{"rendered":"<ul class=\"advantages\"><li>HMI & REPORT - EyesLab \u00e8 dotato di una HMI intuitiva per la visualizzazione in tempo reale del processo di ispezione, compresa la mappatura 2D avanzata per l\u2019analisi dei difetti. Cataloga automaticamente i difetti e fornisce un\u2019analisi statistica, consentendo di redigere rapporti di ispezione dettagliati e in linea con gli standard del settore, per migliorare la produttivit\u00e0 e ridurre gli scarti.<\/li><\/ul>\n","protected":false},"excerpt":{"rendered":"<p class=\"p2\"><b>EASYLAB <\/b>\u00e8 disponibile per le macchine da laboratorio. Con una scansione di precisione su tutta la larghezza del materiale (fino a 200 mm), il nostro sistema \u00e8 dotato di telecamere a scansione lineare con una risoluzione di 4096 pixel. Rilevando difetti fino a 50 \u03bcm, EyesLab assicura un\u2019ispezione meticolosa con una notevole risoluzione di scansione di 25 \u03bcm. Operando a una velocit\u00e0 massima di 10 metri al minuto, si integra perfettamente nei flussi di lavoro per una maggiore produttivit\u00e0 e precisione. \u00c8 studiato e completamente integrato nelle macchine Eurexma micro-mini cast \/blown, ma pu\u00f2 essere facilmente installato in qualsiasi altra macchina da laboratorio.<\/p>\n<p class=\"p2\"><strong>EyesLab<\/strong> analizza i materiali prodotti attraverso macchine di estrusione da laboratorio per film fuso e soffiato. La telecamera e l\u2019illuminatore retroilluminato sono montati direttamente sulla macchina, appena prima dell\u2019avvolgitore, e sono direttamente collegati al PC industriale che esegue l\u2019elaborazione delle immagini e la raccolta dei dati.<\/p>\n","protected":false},"featured_media":11893,"template":"","meta":{"_acf_changed":false},"product_brand":[],"product_cat":[370],"product_tag":[378,176,831,218,147,384,375],"class_list":{"0":"post-11879","1":"product","2":"type-product","3":"status-publish","4":"has-post-thumbnail","6":"product_cat-rilevamento-difetti","7":"product_tag-controllo-qualita","8":"product_tag-film-plastico","9":"product_tag-industry-4-0-it-2","10":"product_tag-iot","11":"product_tag-syncro-3","12":"product_tag-telecamera-ispezione-difetti","13":"product_tag-visione","15":"first","16":"instock","17":"shipping-taxable","18":"product-type-simple"},"acf":[],"yoast_head":"<!-- This site is optimized with the Yoast SEO plugin v26.0 - https:\/\/yoast.com\/wordpress\/plugins\/seo\/ -->\n<title>EasyLab - Welcome to Syncro Group Website<\/title>\n<meta name=\"description\" content=\"EYES is an automatic visual quality inspection system for plasticfilm extrusion.\" \/>\n<meta name=\"robots\" content=\"index, follow, max-snippet:-1, max-image-preview:large, max-video-preview:-1\" \/>\n<link rel=\"canonical\" href=\"https:\/\/syncro-group.com\/syncro\/it\/product\/easylab\/\" \/>\n<meta property=\"og:locale\" content=\"it_IT\" \/>\n<meta property=\"og:type\" content=\"article\" \/>\n<meta property=\"og:title\" content=\"EasyLab - Welcome to Syncro Group Website\" \/>\n<meta property=\"og:description\" content=\"EYES is an automatic visual quality inspection system for plasticfilm extrusion.\" \/>\n<meta property=\"og:url\" content=\"https:\/\/syncro-group.com\/syncro\/it\/product\/easylab\/\" \/>\n<meta property=\"og:site_name\" content=\"Welcome to Syncro Group Website\" \/>\n<meta property=\"article:modified_time\" content=\"2025-05-13T12:54:23+00:00\" \/>\n<meta property=\"og:image\" content=\"http:\/\/syncro-group.com\/syncro\/wp-content\/uploads\/2024\/04\/MICROEX-CAST-EYES-BW-WEB.png\" \/>\n\t<meta property=\"og:image:width\" content=\"1200\" \/>\n\t<meta property=\"og:image:height\" content=\"1177\" \/>\n\t<meta property=\"og:image:type\" content=\"image\/png\" \/>\n<meta name=\"twitter:card\" content=\"summary_large_image\" \/>\n<meta name=\"twitter:label1\" content=\"Tempo di lettura stimato\" \/>\n\t<meta name=\"twitter:data1\" content=\"1 minuto\" \/>\n<script type=\"application\/ld+json\" class=\"yoast-schema-graph\">{\"@context\":\"https:\/\/schema.org\",\"@graph\":[{\"@type\":\"WebPage\",\"@id\":\"https:\/\/syncro-group.com\/syncro\/it\/product\/easylab\/\",\"url\":\"https:\/\/syncro-group.com\/syncro\/it\/product\/easylab\/\",\"name\":\"EasyLab - Welcome to Syncro Group Website\",\"isPartOf\":{\"@id\":\"https:\/\/syncro-group.com\/syncro\/it\/#website\"},\"primaryImageOfPage\":{\"@id\":\"https:\/\/syncro-group.com\/syncro\/it\/product\/easylab\/#primaryimage\"},\"image\":{\"@id\":\"https:\/\/syncro-group.com\/syncro\/it\/product\/easylab\/#primaryimage\"},\"thumbnailUrl\":\"https:\/\/syncro-group.com\/syncro\/wp-content\/uploads\/2024\/04\/MICROEX-CAST-EYES-BW-WEB.png\",\"datePublished\":\"2024-04-22T13:20:32+00:00\",\"dateModified\":\"2025-05-13T12:54:23+00:00\",\"description\":\"EYES is an automatic visual quality inspection system for plasticfilm extrusion.\",\"breadcrumb\":{\"@id\":\"https:\/\/syncro-group.com\/syncro\/it\/product\/easylab\/#breadcrumb\"},\"inLanguage\":\"it-IT\",\"potentialAction\":[{\"@type\":\"ReadAction\",\"target\":[\"https:\/\/syncro-group.com\/syncro\/it\/product\/easylab\/\"]}]},{\"@type\":\"ImageObject\",\"inLanguage\":\"it-IT\",\"@id\":\"https:\/\/syncro-group.com\/syncro\/it\/product\/easylab\/#primaryimage\",\"url\":\"https:\/\/syncro-group.com\/syncro\/wp-content\/uploads\/2024\/04\/MICROEX-CAST-EYES-BW-WEB.png\",\"contentUrl\":\"https:\/\/syncro-group.com\/syncro\/wp-content\/uploads\/2024\/04\/MICROEX-CAST-EYES-BW-WEB.png\",\"width\":1200,\"height\":1177},{\"@type\":\"BreadcrumbList\",\"@id\":\"https:\/\/syncro-group.com\/syncro\/it\/product\/easylab\/#breadcrumb\",\"itemListElement\":[{\"@type\":\"ListItem\",\"position\":1,\"name\":\"Home\",\"item\":\"https:\/\/syncro-group.com\/syncro\/it\/\"},{\"@type\":\"ListItem\",\"position\":2,\"name\":\"Prodotti\",\"item\":\"https:\/\/syncro-group.com\/syncro\/it\/prodotti\/\"},{\"@type\":\"ListItem\",\"position\":3,\"name\":\"EasyLab\"}]},{\"@type\":\"WebSite\",\"@id\":\"https:\/\/syncro-group.com\/syncro\/it\/#website\",\"url\":\"https:\/\/syncro-group.com\/syncro\/it\/\",\"name\":\"Welcome to Syncro Group Website\",\"description\":\"\",\"potentialAction\":[{\"@type\":\"SearchAction\",\"target\":{\"@type\":\"EntryPoint\",\"urlTemplate\":\"https:\/\/syncro-group.com\/syncro\/it\/?s={search_term_string}\"},\"query-input\":{\"@type\":\"PropertyValueSpecification\",\"valueRequired\":true,\"valueName\":\"search_term_string\"}}],\"inLanguage\":\"it-IT\"}]}<\/script>\n<!-- \/ Yoast SEO plugin. -->","yoast_head_json":{"title":"EasyLab - Welcome to Syncro Group Website","description":"EYES is an automatic visual quality inspection system for plasticfilm extrusion.","robots":{"index":"index","follow":"follow","max-snippet":"max-snippet:-1","max-image-preview":"max-image-preview:large","max-video-preview":"max-video-preview:-1"},"canonical":"https:\/\/syncro-group.com\/syncro\/it\/product\/easylab\/","og_locale":"it_IT","og_type":"article","og_title":"EasyLab - Welcome to Syncro Group Website","og_description":"EYES is an automatic visual quality inspection system for plasticfilm extrusion.","og_url":"https:\/\/syncro-group.com\/syncro\/it\/product\/easylab\/","og_site_name":"Welcome to Syncro Group Website","article_modified_time":"2025-05-13T12:54:23+00:00","og_image":[{"width":1200,"height":1177,"url":"http:\/\/syncro-group.com\/syncro\/wp-content\/uploads\/2024\/04\/MICROEX-CAST-EYES-BW-WEB.png","type":"image\/png"}],"twitter_card":"summary_large_image","twitter_misc":{"Tempo di lettura stimato":"1 minuto"},"schema":{"@context":"https:\/\/schema.org","@graph":[{"@type":"WebPage","@id":"https:\/\/syncro-group.com\/syncro\/it\/product\/easylab\/","url":"https:\/\/syncro-group.com\/syncro\/it\/product\/easylab\/","name":"EasyLab - Welcome to Syncro Group Website","isPartOf":{"@id":"https:\/\/syncro-group.com\/syncro\/it\/#website"},"primaryImageOfPage":{"@id":"https:\/\/syncro-group.com\/syncro\/it\/product\/easylab\/#primaryimage"},"image":{"@id":"https:\/\/syncro-group.com\/syncro\/it\/product\/easylab\/#primaryimage"},"thumbnailUrl":"https:\/\/syncro-group.com\/syncro\/wp-content\/uploads\/2024\/04\/MICROEX-CAST-EYES-BW-WEB.png","datePublished":"2024-04-22T13:20:32+00:00","dateModified":"2025-05-13T12:54:23+00:00","description":"EYES is an automatic visual quality inspection system for plasticfilm extrusion.","breadcrumb":{"@id":"https:\/\/syncro-group.com\/syncro\/it\/product\/easylab\/#breadcrumb"},"inLanguage":"it-IT","potentialAction":[{"@type":"ReadAction","target":["https:\/\/syncro-group.com\/syncro\/it\/product\/easylab\/"]}]},{"@type":"ImageObject","inLanguage":"it-IT","@id":"https:\/\/syncro-group.com\/syncro\/it\/product\/easylab\/#primaryimage","url":"https:\/\/syncro-group.com\/syncro\/wp-content\/uploads\/2024\/04\/MICROEX-CAST-EYES-BW-WEB.png","contentUrl":"https:\/\/syncro-group.com\/syncro\/wp-content\/uploads\/2024\/04\/MICROEX-CAST-EYES-BW-WEB.png","width":1200,"height":1177},{"@type":"BreadcrumbList","@id":"https:\/\/syncro-group.com\/syncro\/it\/product\/easylab\/#breadcrumb","itemListElement":[{"@type":"ListItem","position":1,"name":"Home","item":"https:\/\/syncro-group.com\/syncro\/it\/"},{"@type":"ListItem","position":2,"name":"Prodotti","item":"https:\/\/syncro-group.com\/syncro\/it\/prodotti\/"},{"@type":"ListItem","position":3,"name":"EasyLab"}]},{"@type":"WebSite","@id":"https:\/\/syncro-group.com\/syncro\/it\/#website","url":"https:\/\/syncro-group.com\/syncro\/it\/","name":"Welcome to Syncro Group Website","description":"","potentialAction":[{"@type":"SearchAction","target":{"@type":"EntryPoint","urlTemplate":"https:\/\/syncro-group.com\/syncro\/it\/?s={search_term_string}"},"query-input":{"@type":"PropertyValueSpecification","valueRequired":true,"valueName":"search_term_string"}}],"inLanguage":"it-IT"}]}},"_links":{"self":[{"href":"https:\/\/syncro-group.com\/syncro\/it\/wp-json\/wp\/v2\/product\/11879","targetHints":{"allow":["GET"]}}],"collection":[{"href":"https:\/\/syncro-group.com\/syncro\/it\/wp-json\/wp\/v2\/product"}],"about":[{"href":"https:\/\/syncro-group.com\/syncro\/it\/wp-json\/wp\/v2\/types\/product"}],"wp:featuredmedia":[{"embeddable":true,"href":"https:\/\/syncro-group.com\/syncro\/it\/wp-json\/wp\/v2\/media\/11893"}],"wp:attachment":[{"href":"https:\/\/syncro-group.com\/syncro\/it\/wp-json\/wp\/v2\/media?parent=11879"}],"wp:term":[{"taxonomy":"product_brand","embeddable":true,"href":"https:\/\/syncro-group.com\/syncro\/it\/wp-json\/wp\/v2\/product_brand?post=11879"},{"taxonomy":"product_cat","embeddable":true,"href":"https:\/\/syncro-group.com\/syncro\/it\/wp-json\/wp\/v2\/product_cat?post=11879"},{"taxonomy":"product_tag","embeddable":true,"href":"https:\/\/syncro-group.com\/syncro\/it\/wp-json\/wp\/v2\/product_tag?post=11879"}],"curies":[{"name":"wp","href":"https:\/\/api.w.org\/{rel}","templated":true}]}}