{"id":11930,"date":"2024-04-30T15:19:08","date_gmt":"2024-04-30T13:19:08","guid":{"rendered":"https:\/\/syncro-group.com\/syncro\/?post_type=product&#038;p=11930"},"modified":"2024-10-23T10:28:34","modified_gmt":"2024-10-23T08:28:34","slug":"zyroblock","status":"publish","type":"product","link":"https:\/\/syncro-group.com\/syncro\/it\/product\/zyroblock\/","title":{"rendered":"Zyroblock"},"content":{"rendered":"<ul class=\"advantages\"><li>RAFFREDDAMENTO ED OMOGENEIT\u00c0 - Il sistema di raffreddamento ad ambiente esteso attorno alla bolla permette un efficace abbattimento della temperatura del film fino a 15 \u00b0C in meno rispetto al caso senza Zyroblock. Il sistema garantisce inoltre un raffreddamento uniforme attorno alla bolla perch\u00e9 i flussi d\u2019aria non sono orientati direttamente contro la bolla ma l\u2019avvolgono interamente durante la risalita.<\/li><li>FACILE INSTALLAZIONE - Zyroblock pu\u00f2 essere integrato alla gabbia guidabolla SYNCRO per creare un unico sistema che ottimizza gli ingombri oppure pu\u00f2 essere installato in versione stand-alone su impianti gi\u00e0 provvisti di gabbia guidabolla.<\/li><li>MOVIMENTO BREVETTATO - Zyroblock ha un movimento brevettato di apertura e chiusura che mantiene gli ugelli radiali sempre riferiti al centro della bolla anche durante la regolazione, mantenendo l\u2019uniformit\u00e0 e la perpendicolarit\u00e0 dei flussi ed assicurandone la massima omogeneit\u00e0.<\/li><li>GEOMETRIA VARIABILE DEI SOFFIATORI - Come ogni gabbia guidabolla, Zyroblock ha un movimento comandato per aprire e chiudere la gabbia in base al diametro della bolla in produzione. Ogni gruppo soffiatore \u00e8 costituito da due ugelli disposti simmetricamente a destra e a sinistra del braccio mobile che li sostiene. Il movimento di apertura e chiusura produce in modo passivo una variazione di angolo tra due soffiatori simmetrici adattando la posizione dei soffiatori alla curvatura della bolla (vedi dettaglio A nell\u2019immagine alla pagina successiva).<\/li><li>GEOMETRIA VARIABILE DEI SOFFIATORI - Come ogni gabbia guidabolla, Zyroblock ha un movimento comandato per aprire e chiudere la gabbia in base al diametro della bolla in produzione. Ogni gruppo soffiatore \u00e8 costituito da due ugelli disposti simmetricamente a destra e a sinistra del braccio mobile che li sostiene. Il movimento di apertura e chiusura produce in modo passivo una variazione di angolo tra due soffiatori simmetrici adattando la posizione dei soffiatori alla curvatura della bolla (vedi dettaglio A nell\u2019immagine alla pagina successiva).<\/li><li>REGOLAZIONE DEL RAFFREDDAMENTO - I sensori IR all\u2019ingresso e all\u2019uscita consentono di adeguare l\u2019entit\u00e0 del raffreddamento (flusso e temperatura) per controllare la temperatura della bolla entrante nel traino.<\/li><\/ul>\n","protected":false},"excerpt":{"rendered":"<p class=\"p2\"><b>ZYROBLOCK <\/b>\u00e8 il sistema di raffreddamento aggiuntivo della bolla, essenziale negli impianti e nelle linee di produzione in cui la bolla arriva troppo calda al nip e rischia di creare blocking nel traino.<\/p>\n<p class=\"p2\">Il sistema viene posizionato dopo la linea di gelo e poco prima dei piani di collassamento oppure pu\u00f2 essere inte-grato nella gabbia guidabolla. I flussi di aria fredda, soffia-ti attorno alla superficie della bolla, rimuovono l\u2019aria calda che arriva dalle zone sottostanti e, al contempo, creano un ambiente raffreddato attorno alla bolla per favorire l\u2019ab- battimento ulteriore della temperatura del film.<\/p>\n","protected":false},"featured_media":11944,"template":"","meta":{"_acf_changed":false},"product_brand":[],"product_cat":[92],"product_tag":[266,263,265,146],"class_list":{"0":"post-11930","1":"product","2":"type-product","3":"status-publish","4":"has-post-thumbnail","6":"product_cat-gabbie-guida-bolla","7":"product_tag-cestello-di-calibrazione","8":"product_tag-gabbia-linea-bolla","9":"product_tag-guidabolla","10":"product_tag-syncro-2","12":"first","13":"instock","14":"shipping-taxable","15":"product-type-simple"},"acf":[],"yoast_head":"<!-- This site is optimized with the Yoast SEO plugin v26.0 - https:\/\/yoast.com\/wordpress\/plugins\/seo\/ -->\n<title>Zyroblock - Welcome to Syncro Group Website<\/title>\n<meta name=\"description\" content=\"MK-BSMART \u00e8 la gamma di gabbie di calibrazione progettate per funzionare con precisione e stabilit\u00e0 costanti, gestendo lay flat da 670 mm a 2600 mm\" \/>\n<meta name=\"robots\" content=\"index, follow, max-snippet:-1, max-image-preview:large, max-video-preview:-1\" \/>\n<link rel=\"canonical\" href=\"https:\/\/syncro-group.com\/syncro\/it\/product\/zyroblock\/\" \/>\n<meta property=\"og:locale\" content=\"it_IT\" \/>\n<meta property=\"og:type\" content=\"article\" \/>\n<meta property=\"og:title\" content=\"Zyroblock - Welcome to Syncro Group Website\" \/>\n<meta property=\"og:description\" content=\"MK-BSMART \u00e8 la gamma di gabbie di calibrazione progettate per funzionare con precisione e stabilit\u00e0 costanti, gestendo lay flat da 670 mm a 2600 mm\" \/>\n<meta property=\"og:url\" content=\"https:\/\/syncro-group.com\/syncro\/it\/product\/zyroblock\/\" \/>\n<meta property=\"og:site_name\" content=\"Welcome to Syncro Group Website\" \/>\n<meta property=\"article:modified_time\" content=\"2024-10-23T08:28:34+00:00\" \/>\n<meta property=\"og:image\" content=\"https:\/\/syncro-group.com\/syncro\/wp-content\/uploads\/2024\/04\/ZYROBLOCK-RENDER.png\" \/>\n\t<meta property=\"og:image:width\" content=\"1910\" \/>\n\t<meta property=\"og:image:height\" content=\"1643\" \/>\n\t<meta property=\"og:image:type\" content=\"image\/png\" \/>\n<meta name=\"twitter:card\" content=\"summary_large_image\" \/>\n<script type=\"application\/ld+json\" class=\"yoast-schema-graph\">{\"@context\":\"https:\/\/schema.org\",\"@graph\":[{\"@type\":\"WebPage\",\"@id\":\"https:\/\/syncro-group.com\/syncro\/it\/product\/zyroblock\/\",\"url\":\"https:\/\/syncro-group.com\/syncro\/it\/product\/zyroblock\/\",\"name\":\"Zyroblock - Welcome to Syncro Group Website\",\"isPartOf\":{\"@id\":\"https:\/\/syncro-group.com\/syncro\/it\/#website\"},\"primaryImageOfPage\":{\"@id\":\"https:\/\/syncro-group.com\/syncro\/it\/product\/zyroblock\/#primaryimage\"},\"image\":{\"@id\":\"https:\/\/syncro-group.com\/syncro\/it\/product\/zyroblock\/#primaryimage\"},\"thumbnailUrl\":\"https:\/\/syncro-group.com\/syncro\/wp-content\/uploads\/2024\/04\/ZYROBLOCK-RENDER.png\",\"datePublished\":\"2024-04-30T13:19:08+00:00\",\"dateModified\":\"2024-10-23T08:28:34+00:00\",\"description\":\"MK-BSMART \u00e8 la gamma di gabbie di calibrazione progettate per funzionare con precisione e stabilit\u00e0 costanti, gestendo lay flat da 670 mm a 2600 mm\",\"breadcrumb\":{\"@id\":\"https:\/\/syncro-group.com\/syncro\/it\/product\/zyroblock\/#breadcrumb\"},\"inLanguage\":\"it-IT\",\"potentialAction\":[{\"@type\":\"ReadAction\",\"target\":[\"https:\/\/syncro-group.com\/syncro\/it\/product\/zyroblock\/\"]}]},{\"@type\":\"ImageObject\",\"inLanguage\":\"it-IT\",\"@id\":\"https:\/\/syncro-group.com\/syncro\/it\/product\/zyroblock\/#primaryimage\",\"url\":\"https:\/\/syncro-group.com\/syncro\/wp-content\/uploads\/2024\/04\/ZYROBLOCK-RENDER.png\",\"contentUrl\":\"https:\/\/syncro-group.com\/syncro\/wp-content\/uploads\/2024\/04\/ZYROBLOCK-RENDER.png\",\"width\":1910,\"height\":1643},{\"@type\":\"BreadcrumbList\",\"@id\":\"https:\/\/syncro-group.com\/syncro\/it\/product\/zyroblock\/#breadcrumb\",\"itemListElement\":[{\"@type\":\"ListItem\",\"position\":1,\"name\":\"Home\",\"item\":\"https:\/\/syncro-group.com\/syncro\/it\/\"},{\"@type\":\"ListItem\",\"position\":2,\"name\":\"Prodotti\",\"item\":\"https:\/\/syncro-group.com\/syncro\/it\/prodotti\/\"},{\"@type\":\"ListItem\",\"position\":3,\"name\":\"Zyroblock\"}]},{\"@type\":\"WebSite\",\"@id\":\"https:\/\/syncro-group.com\/syncro\/it\/#website\",\"url\":\"https:\/\/syncro-group.com\/syncro\/it\/\",\"name\":\"Welcome to Syncro Group Website\",\"description\":\"\",\"potentialAction\":[{\"@type\":\"SearchAction\",\"target\":{\"@type\":\"EntryPoint\",\"urlTemplate\":\"https:\/\/syncro-group.com\/syncro\/it\/?s={search_term_string}\"},\"query-input\":{\"@type\":\"PropertyValueSpecification\",\"valueRequired\":true,\"valueName\":\"search_term_string\"}}],\"inLanguage\":\"it-IT\"}]}<\/script>\n<!-- \/ Yoast SEO plugin. -->","yoast_head_json":{"title":"Zyroblock - Welcome to Syncro Group Website","description":"MK-BSMART \u00e8 la gamma di gabbie di calibrazione progettate per funzionare con precisione e stabilit\u00e0 costanti, gestendo lay flat da 670 mm a 2600 mm","robots":{"index":"index","follow":"follow","max-snippet":"max-snippet:-1","max-image-preview":"max-image-preview:large","max-video-preview":"max-video-preview:-1"},"canonical":"https:\/\/syncro-group.com\/syncro\/it\/product\/zyroblock\/","og_locale":"it_IT","og_type":"article","og_title":"Zyroblock - Welcome to Syncro Group Website","og_description":"MK-BSMART \u00e8 la gamma di gabbie di calibrazione progettate per funzionare con precisione e stabilit\u00e0 costanti, gestendo lay flat da 670 mm a 2600 mm","og_url":"https:\/\/syncro-group.com\/syncro\/it\/product\/zyroblock\/","og_site_name":"Welcome to Syncro Group Website","article_modified_time":"2024-10-23T08:28:34+00:00","og_image":[{"width":1910,"height":1643,"url":"https:\/\/syncro-group.com\/syncro\/wp-content\/uploads\/2024\/04\/ZYROBLOCK-RENDER.png","type":"image\/png"}],"twitter_card":"summary_large_image","schema":{"@context":"https:\/\/schema.org","@graph":[{"@type":"WebPage","@id":"https:\/\/syncro-group.com\/syncro\/it\/product\/zyroblock\/","url":"https:\/\/syncro-group.com\/syncro\/it\/product\/zyroblock\/","name":"Zyroblock - Welcome to Syncro Group Website","isPartOf":{"@id":"https:\/\/syncro-group.com\/syncro\/it\/#website"},"primaryImageOfPage":{"@id":"https:\/\/syncro-group.com\/syncro\/it\/product\/zyroblock\/#primaryimage"},"image":{"@id":"https:\/\/syncro-group.com\/syncro\/it\/product\/zyroblock\/#primaryimage"},"thumbnailUrl":"https:\/\/syncro-group.com\/syncro\/wp-content\/uploads\/2024\/04\/ZYROBLOCK-RENDER.png","datePublished":"2024-04-30T13:19:08+00:00","dateModified":"2024-10-23T08:28:34+00:00","description":"MK-BSMART \u00e8 la gamma di gabbie di calibrazione progettate per funzionare con precisione e stabilit\u00e0 costanti, gestendo lay flat da 670 mm a 2600 mm","breadcrumb":{"@id":"https:\/\/syncro-group.com\/syncro\/it\/product\/zyroblock\/#breadcrumb"},"inLanguage":"it-IT","potentialAction":[{"@type":"ReadAction","target":["https:\/\/syncro-group.com\/syncro\/it\/product\/zyroblock\/"]}]},{"@type":"ImageObject","inLanguage":"it-IT","@id":"https:\/\/syncro-group.com\/syncro\/it\/product\/zyroblock\/#primaryimage","url":"https:\/\/syncro-group.com\/syncro\/wp-content\/uploads\/2024\/04\/ZYROBLOCK-RENDER.png","contentUrl":"https:\/\/syncro-group.com\/syncro\/wp-content\/uploads\/2024\/04\/ZYROBLOCK-RENDER.png","width":1910,"height":1643},{"@type":"BreadcrumbList","@id":"https:\/\/syncro-group.com\/syncro\/it\/product\/zyroblock\/#breadcrumb","itemListElement":[{"@type":"ListItem","position":1,"name":"Home","item":"https:\/\/syncro-group.com\/syncro\/it\/"},{"@type":"ListItem","position":2,"name":"Prodotti","item":"https:\/\/syncro-group.com\/syncro\/it\/prodotti\/"},{"@type":"ListItem","position":3,"name":"Zyroblock"}]},{"@type":"WebSite","@id":"https:\/\/syncro-group.com\/syncro\/it\/#website","url":"https:\/\/syncro-group.com\/syncro\/it\/","name":"Welcome to Syncro Group Website","description":"","potentialAction":[{"@type":"SearchAction","target":{"@type":"EntryPoint","urlTemplate":"https:\/\/syncro-group.com\/syncro\/it\/?s={search_term_string}"},"query-input":{"@type":"PropertyValueSpecification","valueRequired":true,"valueName":"search_term_string"}}],"inLanguage":"it-IT"}]}},"_links":{"self":[{"href":"https:\/\/syncro-group.com\/syncro\/it\/wp-json\/wp\/v2\/product\/11930","targetHints":{"allow":["GET"]}}],"collection":[{"href":"https:\/\/syncro-group.com\/syncro\/it\/wp-json\/wp\/v2\/product"}],"about":[{"href":"https:\/\/syncro-group.com\/syncro\/it\/wp-json\/wp\/v2\/types\/product"}],"wp:featuredmedia":[{"embeddable":true,"href":"https:\/\/syncro-group.com\/syncro\/it\/wp-json\/wp\/v2\/media\/11944"}],"wp:attachment":[{"href":"https:\/\/syncro-group.com\/syncro\/it\/wp-json\/wp\/v2\/media?parent=11930"}],"wp:term":[{"taxonomy":"product_brand","embeddable":true,"href":"https:\/\/syncro-group.com\/syncro\/it\/wp-json\/wp\/v2\/product_brand?post=11930"},{"taxonomy":"product_cat","embeddable":true,"href":"https:\/\/syncro-group.com\/syncro\/it\/wp-json\/wp\/v2\/product_cat?post=11930"},{"taxonomy":"product_tag","embeddable":true,"href":"https:\/\/syncro-group.com\/syncro\/it\/wp-json\/wp\/v2\/product_tag?post=11930"}],"curies":[{"name":"wp","href":"https:\/\/api.w.org\/{rel}","templated":true}]}}