{"id":13099,"date":"2025-03-06T11:17:21","date_gmt":"2025-03-06T10:17:21","guid":{"rendered":"https:\/\/syncro-group.com\/syncro\/product\/syblend\/"},"modified":"2025-03-06T11:31:23","modified_gmt":"2025-03-06T10:31:23","slug":"syline","status":"publish","type":"product","link":"https:\/\/syncro-group.com\/syncro\/it\/product\/syline\/","title":{"rendered":"Syline"},"content":{"rendered":"<ul class=\"advantages\"><li>GRANDE ACCURATEZZA & AZIONE CONTINUA SYline misura in continuo, istante per istante, la portata dell\u2019estrusore cos\u00ec che ogni variazione riscontrata venga corretta all\u2019istante e la macchina sia in grado di ricalcolare e regolare immediatamente il dosaggio gravimetrico impostato e desiderato. La struttura solida del corpo funziona come un filtro per le vibrazioni, in modo da non introdurre rumore nelle letture delle celle di carico.<\/li><li>DESIGN E INGOMBRI MINIMALI SYline \u00e8 la soluzione pi\u00f9 semplice, in termini di costo, di ingombro e di gestione per ottenere la funzionalit\u00e0 di estrusore a controllo gravimetrico attivo. Si propone per le linee che non necessitano di dosaggio di componenti per comporre una miscela di materiali non necessaria in caso di ricette mono-componente o pre-miscelati a monte dell\u2019estrusore da fornitori esterni o in stazioni separate a monte dell\u2019estrusore. Il quadro a bordo garantisce anche una facile e veloce installazione.<\/li><li>FACILIT DI PULIZIA E MANUTENZIONE Grazie alla sua tramoggia rimovibile, SYline permette grande facilit\u00e0 e velocit\u00e0 nelle procedure di pulizia e cambio materiale.<\/li><li>OPTIONAL Sono disponibili diversi optional per soddisfare ogni bisogno: kit di dosaggio per materiali ad alta temperatura e un sistema di controllo centralizzato per il trasporto e caricamento del materiale gestito dalla macchina stessa.<\/li><li>PLC, INDUSTRIA 4.0 E IOT Tutte le macchine SYncro sono pronte per essere integrate con i controlli di supervisione di terze parti e con sistemi ERP utilizzando come standard protocolli OPC-UA di ultima generazione.<\/li><\/ul>\n","protected":false},"excerpt":{"rendered":"<p class=\"p2\"><strong>SYLINE<\/strong> \u00e8 un dosatore gravimetrico che monitora in continuo la perdita di peso di un materiale, o un mix di materiali pre &#8211; miscelati, che alimenta un estrusore per controllarne costantemente e con precisione la portata. Questa soluzione risulta particolarmente utile per minimizzare i costi e gli ingombri del dosaggio gravimetrico nelle linee che utilizzano monocomponente, o che gi\u00e0 contengono miscele di materiali ma non dispongono di un controllo attivo e preciso dell\u2019estrusore.<\/p>\n","protected":false},"featured_media":13096,"template":"","meta":{"_acf_changed":false},"product_brand":[],"product_cat":[85],"product_tag":[95,94,208,203,206,201,194,196,198,188,382,192,190,147],"class_list":{"0":"post-13099","1":"product","2":"type-product","3":"status-publish","4":"has-post-thumbnail","6":"product_cat-dosaggio-miscelazione","7":"product_tag-bobina","8":"product_tag-bolla","9":"product_tag-controllo-peso-metro","10":"product_tag-controllo-portata-estrusore","11":"product_tag-controllo-strati","12":"product_tag-dosaggio-flake","13":"product_tag-dosaggio-foglia","14":"product_tag-dosaggio-granulo","15":"product_tag-dosatore-a-somma-di-peso","16":"product_tag-dosatore-gravimetrico-a-batch","17":"product_tag-industria-4-0-it","18":"product_tag-linea-di-estrusione","19":"product_tag-sistema-di-dosaggio-a-batch","20":"product_tag-syncro-3","22":"first","23":"instock","24":"shipping-taxable","25":"product-type-simple"},"acf":[],"yoast_head":"<!-- This site is optimized with the Yoast SEO plugin v26.0 - https:\/\/yoast.com\/wordpress\/plugins\/seo\/ -->\n<title>Syline - Welcome to Syncro Group Website<\/title>\n<meta name=\"description\" content=\"MODYX, continuous loss-in-weight feeder designed to ensurethe gravimetric feeding of a component in extrusion, blowmoulding and injection processes. It guarantees the relationshipwith the other components in the recipe, respects and controlsdosing accuracy and the total output of the extruder or press.ModYx is the ideal machine for injection moulding, injectionblow moulding and extrusion lines.\" \/>\n<meta name=\"robots\" content=\"index, follow, max-snippet:-1, max-image-preview:large, max-video-preview:-1\" \/>\n<link rel=\"canonical\" href=\"https:\/\/syncro-group.com\/syncro\/it\/product\/syline\/\" \/>\n<meta property=\"og:locale\" content=\"it_IT\" \/>\n<meta property=\"og:type\" content=\"article\" \/>\n<meta property=\"og:title\" content=\"Syline - Welcome to Syncro Group Website\" \/>\n<meta property=\"og:description\" content=\"MODYX, continuous loss-in-weight feeder designed to ensurethe gravimetric feeding of a component in extrusion, blowmoulding and injection processes. It guarantees the relationshipwith the other components in the recipe, respects and controlsdosing accuracy and the total output of the extruder or press.ModYx is the ideal machine for injection moulding, injectionblow moulding and extrusion lines.\" \/>\n<meta property=\"og:url\" content=\"https:\/\/syncro-group.com\/syncro\/it\/product\/syline\/\" \/>\n<meta property=\"og:site_name\" content=\"Welcome to Syncro Group Website\" \/>\n<meta property=\"article:modified_time\" content=\"2025-03-06T10:31:23+00:00\" \/>\n<meta property=\"og:image\" content=\"https:\/\/syncro-group.com\/syncro\/wp-content\/uploads\/2025\/03\/02-Syline-M-01-WEB.png\" \/>\n\t<meta property=\"og:image:width\" content=\"1300\" \/>\n\t<meta property=\"og:image:height\" content=\"1300\" \/>\n\t<meta property=\"og:image:type\" content=\"image\/png\" \/>\n<meta name=\"twitter:card\" content=\"summary_large_image\" \/>\n<meta name=\"twitter:label1\" content=\"Tempo di lettura stimato\" \/>\n\t<meta name=\"twitter:data1\" content=\"1 minuto\" \/>\n<script type=\"application\/ld+json\" class=\"yoast-schema-graph\">{\"@context\":\"https:\/\/schema.org\",\"@graph\":[{\"@type\":\"WebPage\",\"@id\":\"https:\/\/syncro-group.com\/syncro\/it\/product\/syline\/\",\"url\":\"https:\/\/syncro-group.com\/syncro\/it\/product\/syline\/\",\"name\":\"Syline - Welcome to Syncro Group Website\",\"isPartOf\":{\"@id\":\"https:\/\/syncro-group.com\/syncro\/it\/#website\"},\"primaryImageOfPage\":{\"@id\":\"https:\/\/syncro-group.com\/syncro\/it\/product\/syline\/#primaryimage\"},\"image\":{\"@id\":\"https:\/\/syncro-group.com\/syncro\/it\/product\/syline\/#primaryimage\"},\"thumbnailUrl\":\"https:\/\/syncro-group.com\/syncro\/wp-content\/uploads\/2025\/03\/02-Syline-M-01-WEB.png\",\"datePublished\":\"2025-03-06T10:17:21+00:00\",\"dateModified\":\"2025-03-06T10:31:23+00:00\",\"description\":\"MODYX, continuous loss-in-weight feeder designed to ensurethe gravimetric feeding of a component in extrusion, blowmoulding and injection processes. It guarantees the relationshipwith the other components in the recipe, respects and controlsdosing accuracy and the total output of the extruder or press.ModYx is the ideal machine for injection moulding, injectionblow moulding and extrusion lines.\",\"breadcrumb\":{\"@id\":\"https:\/\/syncro-group.com\/syncro\/it\/product\/syline\/#breadcrumb\"},\"inLanguage\":\"it-IT\",\"potentialAction\":[{\"@type\":\"ReadAction\",\"target\":[\"https:\/\/syncro-group.com\/syncro\/it\/product\/syline\/\"]}]},{\"@type\":\"ImageObject\",\"inLanguage\":\"it-IT\",\"@id\":\"https:\/\/syncro-group.com\/syncro\/it\/product\/syline\/#primaryimage\",\"url\":\"https:\/\/syncro-group.com\/syncro\/wp-content\/uploads\/2025\/03\/02-Syline-M-01-WEB.png\",\"contentUrl\":\"https:\/\/syncro-group.com\/syncro\/wp-content\/uploads\/2025\/03\/02-Syline-M-01-WEB.png\",\"width\":1300,\"height\":1300},{\"@type\":\"BreadcrumbList\",\"@id\":\"https:\/\/syncro-group.com\/syncro\/it\/product\/syline\/#breadcrumb\",\"itemListElement\":[{\"@type\":\"ListItem\",\"position\":1,\"name\":\"Home\",\"item\":\"https:\/\/syncro-group.com\/syncro\/it\/\"},{\"@type\":\"ListItem\",\"position\":2,\"name\":\"Prodotti\",\"item\":\"https:\/\/syncro-group.com\/syncro\/it\/prodotti\/\"},{\"@type\":\"ListItem\",\"position\":3,\"name\":\"Syline\"}]},{\"@type\":\"WebSite\",\"@id\":\"https:\/\/syncro-group.com\/syncro\/it\/#website\",\"url\":\"https:\/\/syncro-group.com\/syncro\/it\/\",\"name\":\"Welcome to Syncro Group Website\",\"description\":\"\",\"potentialAction\":[{\"@type\":\"SearchAction\",\"target\":{\"@type\":\"EntryPoint\",\"urlTemplate\":\"https:\/\/syncro-group.com\/syncro\/it\/?s={search_term_string}\"},\"query-input\":{\"@type\":\"PropertyValueSpecification\",\"valueRequired\":true,\"valueName\":\"search_term_string\"}}],\"inLanguage\":\"it-IT\"}]}<\/script>\n<!-- \/ Yoast SEO plugin. -->","yoast_head_json":{"title":"Syline - Welcome to Syncro Group Website","description":"MODYX, continuous loss-in-weight feeder designed to ensurethe gravimetric feeding of a component in extrusion, blowmoulding and injection processes. It guarantees the relationshipwith the other components in the recipe, respects and controlsdosing accuracy and the total output of the extruder or press.ModYx is the ideal machine for injection moulding, injectionblow moulding and extrusion lines.","robots":{"index":"index","follow":"follow","max-snippet":"max-snippet:-1","max-image-preview":"max-image-preview:large","max-video-preview":"max-video-preview:-1"},"canonical":"https:\/\/syncro-group.com\/syncro\/it\/product\/syline\/","og_locale":"it_IT","og_type":"article","og_title":"Syline - Welcome to Syncro Group Website","og_description":"MODYX, continuous loss-in-weight feeder designed to ensurethe gravimetric feeding of a component in extrusion, blowmoulding and injection processes. It guarantees the relationshipwith the other components in the recipe, respects and controlsdosing accuracy and the total output of the extruder or press.ModYx is the ideal machine for injection moulding, injectionblow moulding and extrusion lines.","og_url":"https:\/\/syncro-group.com\/syncro\/it\/product\/syline\/","og_site_name":"Welcome to Syncro Group Website","article_modified_time":"2025-03-06T10:31:23+00:00","og_image":[{"width":1300,"height":1300,"url":"https:\/\/syncro-group.com\/syncro\/wp-content\/uploads\/2025\/03\/02-Syline-M-01-WEB.png","type":"image\/png"}],"twitter_card":"summary_large_image","twitter_misc":{"Tempo di lettura stimato":"1 minuto"},"schema":{"@context":"https:\/\/schema.org","@graph":[{"@type":"WebPage","@id":"https:\/\/syncro-group.com\/syncro\/it\/product\/syline\/","url":"https:\/\/syncro-group.com\/syncro\/it\/product\/syline\/","name":"Syline - Welcome to Syncro Group Website","isPartOf":{"@id":"https:\/\/syncro-group.com\/syncro\/it\/#website"},"primaryImageOfPage":{"@id":"https:\/\/syncro-group.com\/syncro\/it\/product\/syline\/#primaryimage"},"image":{"@id":"https:\/\/syncro-group.com\/syncro\/it\/product\/syline\/#primaryimage"},"thumbnailUrl":"https:\/\/syncro-group.com\/syncro\/wp-content\/uploads\/2025\/03\/02-Syline-M-01-WEB.png","datePublished":"2025-03-06T10:17:21+00:00","dateModified":"2025-03-06T10:31:23+00:00","description":"MODYX, continuous loss-in-weight feeder designed to ensurethe gravimetric feeding of a component in extrusion, blowmoulding and injection processes. It guarantees the relationshipwith the other components in the recipe, respects and controlsdosing accuracy and the total output of the extruder or press.ModYx is the ideal machine for injection moulding, injectionblow moulding and extrusion lines.","breadcrumb":{"@id":"https:\/\/syncro-group.com\/syncro\/it\/product\/syline\/#breadcrumb"},"inLanguage":"it-IT","potentialAction":[{"@type":"ReadAction","target":["https:\/\/syncro-group.com\/syncro\/it\/product\/syline\/"]}]},{"@type":"ImageObject","inLanguage":"it-IT","@id":"https:\/\/syncro-group.com\/syncro\/it\/product\/syline\/#primaryimage","url":"https:\/\/syncro-group.com\/syncro\/wp-content\/uploads\/2025\/03\/02-Syline-M-01-WEB.png","contentUrl":"https:\/\/syncro-group.com\/syncro\/wp-content\/uploads\/2025\/03\/02-Syline-M-01-WEB.png","width":1300,"height":1300},{"@type":"BreadcrumbList","@id":"https:\/\/syncro-group.com\/syncro\/it\/product\/syline\/#breadcrumb","itemListElement":[{"@type":"ListItem","position":1,"name":"Home","item":"https:\/\/syncro-group.com\/syncro\/it\/"},{"@type":"ListItem","position":2,"name":"Prodotti","item":"https:\/\/syncro-group.com\/syncro\/it\/prodotti\/"},{"@type":"ListItem","position":3,"name":"Syline"}]},{"@type":"WebSite","@id":"https:\/\/syncro-group.com\/syncro\/it\/#website","url":"https:\/\/syncro-group.com\/syncro\/it\/","name":"Welcome to Syncro Group Website","description":"","potentialAction":[{"@type":"SearchAction","target":{"@type":"EntryPoint","urlTemplate":"https:\/\/syncro-group.com\/syncro\/it\/?s={search_term_string}"},"query-input":{"@type":"PropertyValueSpecification","valueRequired":true,"valueName":"search_term_string"}}],"inLanguage":"it-IT"}]}},"_links":{"self":[{"href":"https:\/\/syncro-group.com\/syncro\/it\/wp-json\/wp\/v2\/product\/13099","targetHints":{"allow":["GET"]}}],"collection":[{"href":"https:\/\/syncro-group.com\/syncro\/it\/wp-json\/wp\/v2\/product"}],"about":[{"href":"https:\/\/syncro-group.com\/syncro\/it\/wp-json\/wp\/v2\/types\/product"}],"wp:featuredmedia":[{"embeddable":true,"href":"https:\/\/syncro-group.com\/syncro\/it\/wp-json\/wp\/v2\/media\/13096"}],"wp:attachment":[{"href":"https:\/\/syncro-group.com\/syncro\/it\/wp-json\/wp\/v2\/media?parent=13099"}],"wp:term":[{"taxonomy":"product_brand","embeddable":true,"href":"https:\/\/syncro-group.com\/syncro\/it\/wp-json\/wp\/v2\/product_brand?post=13099"},{"taxonomy":"product_cat","embeddable":true,"href":"https:\/\/syncro-group.com\/syncro\/it\/wp-json\/wp\/v2\/product_cat?post=13099"},{"taxonomy":"product_tag","embeddable":true,"href":"https:\/\/syncro-group.com\/syncro\/it\/wp-json\/wp\/v2\/product_tag?post=13099"}],"curies":[{"name":"wp","href":"https:\/\/api.w.org\/{rel}","templated":true}]}}