{"id":13581,"date":"2025-10-01T09:29:51","date_gmt":"2025-10-01T07:29:51","guid":{"rendered":"https:\/\/syncro-group.com\/syncro\/?post_type=product&#038;p=13581"},"modified":"2025-10-29T11:49:16","modified_gmt":"2025-10-29T10:49:16","slug":"sydox","status":"publish","type":"product","link":"https:\/\/syncro-group.com\/syncro\/it\/product\/sydox\/","title":{"rendered":"SYDOX"},"content":{"rendered":"<ul class=\"advantages\"><li>GRANDE ACCURATEZZA & SISTEMA DI CONTROLLO CONTINUO Sydox misura continuamente la portata di dosaggio di ciascun componente secondario, in modo da registrare e compensare qualsiasi variazione. Il componente primario che finisce per gravit\u00e0 nell\u2019estrusore \u00e8 anch\u2019esso pesato per ottenere maggiore precisione e controllo.<\/li><li>BASSE PERCENTUALI DI DOSAGGIO Sydox utilizza una ampia gamma di viti di dosaggio in modo da coprire un vasto range di portate e granulometria dei materiali, a partire dagli additivi utilizzati a bassa percentuale come pure a componenti secondari con percentuale pi\u00f9 elevata nella ricetta. Sono disponibili coclee progettate appositamente per dosaggio a bassissima portata oraria.<\/li><li>RIGIDEZZA STRUTTURALE La struttura solida del corpo funziona come un filtro per le vibrazioni, in modo da non introdurre rumore nelle letture delle celle di carico.<\/li><li>INTERCAMBIABILIT E MODULARITA In Sydox ogni alimentatore laterale \u00e8 un modulo preassemblato su un telaio di supporto che pu\u00f2 essere posizionato liberamente e assemblato semplicemente senza l\u2019utilizzo di chiavi, consentendo di spostarli anche tra macchine diverse. La funzionalit\u00e0 \u201cPlug and Play\u201d \u00e8 garantita sia per i componenti meccanici che per quelli elettrici.<\/li><li>ACCESSO FACILE L\u2019installazione e la facilit\u00e0 di accesso sono i punti di forza del design, che rende la pulizia e la manutenzione estremamente rapide e intuitive.<\/li><li>CARICAMENTO E TRASPORTO Sydox \u00e8 in grado di gestire il carico e il trasporto come una funzione logica integrata.<\/li><li>REMOTAGGIO PER INIEZIONE HMI e pannello di controllo possono essere on board o in apposito pannello e controllati a distanza.<\/li><li>INDUSTRIA 5.0 & IoT Tutte le macchine Syncro sono pronte per essere integrate con i controlli di supervisione di terze parti e con sistemi ERP utilizzando come standard protocolli OPC-UA di ultima generazione.<\/li><\/ul>\n","protected":false},"excerpt":{"rendered":"<p><strong>SYDOS<\/strong> fa parte della famiglia dei <strong>dosatori gravimetrici a perdita di peso<\/strong> in continuo progettato per<strong> dosare e miscelare pi\u00f9 componenti simultaneamente<\/strong>. SYDOS \u00e8 il dosatore ideale per tutti i processi in cui \u00e8 fondamentale ottenere una miscela omogenea per ottenere la qualit\u00e0 del prodotto finale.<\/p>\n<p>Tutti i componenti vengono dosati gravimetricamente in continuo nella bocca di alimentazione dell\u2019estrusore tramite un miscelatore statico. Ogni componente laterale \u00e8 dosato e miscelato con il componente principale dosato a perdita di peso. I componenti laterali sono controllati individualmente per rispettare i rapporti di dosaggio e mantenere un livello costante di materiale sopra la bocca di alimentazione dell\u2019estrusore.<\/p>\n","protected":false},"featured_media":13702,"template":"","meta":{"_acf_changed":false},"product_brand":[],"product_cat":[85],"product_tag":[95,94,208,203,206,201,194,196,210,380,382,218,192,216,214,212,146],"class_list":{"0":"post-13581","1":"product","2":"type-product","3":"status-publish","4":"has-post-thumbnail","6":"product_cat-dosaggio-miscelazione","7":"product_tag-bobina","8":"product_tag-bolla","9":"product_tag-controllo-peso-metro","10":"product_tag-controllo-portata-estrusore","11":"product_tag-controllo-strati","12":"product_tag-dosaggio-flake","13":"product_tag-dosaggio-foglia","14":"product_tag-dosaggio-granulo","15":"product_tag-dosatore-gravimetrico-a-perdita-di-peso","16":"product_tag-film-plastico-it","17":"product_tag-industria-4-0-it","18":"product_tag-iot","19":"product_tag-linea-di-estrusione","20":"product_tag-opc-ua-3","21":"product_tag-perdita-di-peso","22":"product_tag-sistema-di-dosaggio-a-perdita-di-peso","23":"product_tag-syncro-2","25":"first","26":"instock","27":"shipping-taxable","28":"product-type-simple"},"acf":[],"yoast_head":"<!-- This site is optimized with the Yoast SEO plugin v26.0 - https:\/\/yoast.com\/wordpress\/plugins\/seo\/ -->\n<title>SYDOX - Welcome to Syncro Group Website<\/title>\n<meta name=\"description\" content=\"SYDOS is a continuous loss in weight gravimetric blender designed to dose and feed multiple components simultaneously in all processes in which a constant gravimetric feed is required.\" \/>\n<meta name=\"robots\" content=\"index, follow, max-snippet:-1, max-image-preview:large, max-video-preview:-1\" \/>\n<link rel=\"canonical\" href=\"https:\/\/syncro-group.com\/syncro\/it\/product\/sydox\/\" \/>\n<meta property=\"og:locale\" content=\"it_IT\" \/>\n<meta property=\"og:type\" content=\"article\" \/>\n<meta property=\"og:title\" content=\"SYDOX - Welcome to Syncro Group Website\" \/>\n<meta property=\"og:description\" content=\"SYDOS is a continuous loss in weight gravimetric blender designed to dose and feed multiple components simultaneously in all processes in which a constant gravimetric feed is required.\" \/>\n<meta property=\"og:url\" content=\"https:\/\/syncro-group.com\/syncro\/it\/product\/sydox\/\" \/>\n<meta property=\"og:site_name\" content=\"Welcome to Syncro Group Website\" \/>\n<meta property=\"article:modified_time\" content=\"2025-10-29T10:49:16+00:00\" \/>\n<meta property=\"og:image\" content=\"http:\/\/syncro-group.com\/syncro\/wp-content\/uploads\/2025\/10\/Rendering-SYdox2-06-25-3-scaled.png\" \/>\n\t<meta property=\"og:image:width\" content=\"2560\" \/>\n\t<meta property=\"og:image:height\" content=\"1978\" \/>\n\t<meta property=\"og:image:type\" content=\"image\/png\" \/>\n<meta name=\"twitter:card\" content=\"summary_large_image\" \/>\n<meta name=\"twitter:label1\" content=\"Tempo di lettura stimato\" \/>\n\t<meta name=\"twitter:data1\" content=\"1 minuto\" \/>\n<script type=\"application\/ld+json\" class=\"yoast-schema-graph\">{\"@context\":\"https:\/\/schema.org\",\"@graph\":[{\"@type\":\"WebPage\",\"@id\":\"https:\/\/syncro-group.com\/syncro\/it\/product\/sydox\/\",\"url\":\"https:\/\/syncro-group.com\/syncro\/it\/product\/sydox\/\",\"name\":\"SYDOX - Welcome to Syncro Group Website\",\"isPartOf\":{\"@id\":\"https:\/\/syncro-group.com\/syncro\/it\/#website\"},\"primaryImageOfPage\":{\"@id\":\"https:\/\/syncro-group.com\/syncro\/it\/product\/sydox\/#primaryimage\"},\"image\":{\"@id\":\"https:\/\/syncro-group.com\/syncro\/it\/product\/sydox\/#primaryimage\"},\"thumbnailUrl\":\"https:\/\/syncro-group.com\/syncro\/wp-content\/uploads\/2025\/10\/Rendering-SYdox2-06-25-3-scaled.png\",\"datePublished\":\"2025-10-01T07:29:51+00:00\",\"dateModified\":\"2025-10-29T10:49:16+00:00\",\"description\":\"SYDOS is a continuous loss in weight gravimetric blender designed to dose and feed multiple components simultaneously in all processes in which a constant gravimetric feed is required.\",\"breadcrumb\":{\"@id\":\"https:\/\/syncro-group.com\/syncro\/it\/product\/sydox\/#breadcrumb\"},\"inLanguage\":\"it-IT\",\"potentialAction\":[{\"@type\":\"ReadAction\",\"target\":[\"https:\/\/syncro-group.com\/syncro\/it\/product\/sydox\/\"]}]},{\"@type\":\"ImageObject\",\"inLanguage\":\"it-IT\",\"@id\":\"https:\/\/syncro-group.com\/syncro\/it\/product\/sydox\/#primaryimage\",\"url\":\"https:\/\/syncro-group.com\/syncro\/wp-content\/uploads\/2025\/10\/Rendering-SYdox2-06-25-3-scaled.png\",\"contentUrl\":\"https:\/\/syncro-group.com\/syncro\/wp-content\/uploads\/2025\/10\/Rendering-SYdox2-06-25-3-scaled.png\",\"width\":2560,\"height\":1978},{\"@type\":\"BreadcrumbList\",\"@id\":\"https:\/\/syncro-group.com\/syncro\/it\/product\/sydox\/#breadcrumb\",\"itemListElement\":[{\"@type\":\"ListItem\",\"position\":1,\"name\":\"Home\",\"item\":\"https:\/\/syncro-group.com\/syncro\/it\/\"},{\"@type\":\"ListItem\",\"position\":2,\"name\":\"Prodotti\",\"item\":\"https:\/\/syncro-group.com\/syncro\/it\/prodotti\/\"},{\"@type\":\"ListItem\",\"position\":3,\"name\":\"SYDOX\"}]},{\"@type\":\"WebSite\",\"@id\":\"https:\/\/syncro-group.com\/syncro\/it\/#website\",\"url\":\"https:\/\/syncro-group.com\/syncro\/it\/\",\"name\":\"Welcome to Syncro Group Website\",\"description\":\"\",\"potentialAction\":[{\"@type\":\"SearchAction\",\"target\":{\"@type\":\"EntryPoint\",\"urlTemplate\":\"https:\/\/syncro-group.com\/syncro\/it\/?s={search_term_string}\"},\"query-input\":{\"@type\":\"PropertyValueSpecification\",\"valueRequired\":true,\"valueName\":\"search_term_string\"}}],\"inLanguage\":\"it-IT\"}]}<\/script>\n<!-- \/ Yoast SEO plugin. -->","yoast_head_json":{"title":"SYDOX - Welcome to Syncro Group Website","description":"SYDOS is a continuous loss in weight gravimetric blender designed to dose and feed multiple components simultaneously in all processes in which a constant gravimetric feed is required.","robots":{"index":"index","follow":"follow","max-snippet":"max-snippet:-1","max-image-preview":"max-image-preview:large","max-video-preview":"max-video-preview:-1"},"canonical":"https:\/\/syncro-group.com\/syncro\/it\/product\/sydox\/","og_locale":"it_IT","og_type":"article","og_title":"SYDOX - Welcome to Syncro Group Website","og_description":"SYDOS is a continuous loss in weight gravimetric blender designed to dose and feed multiple components simultaneously in all processes in which a constant gravimetric feed is required.","og_url":"https:\/\/syncro-group.com\/syncro\/it\/product\/sydox\/","og_site_name":"Welcome to Syncro Group Website","article_modified_time":"2025-10-29T10:49:16+00:00","og_image":[{"width":2560,"height":1978,"url":"http:\/\/syncro-group.com\/syncro\/wp-content\/uploads\/2025\/10\/Rendering-SYdox2-06-25-3-scaled.png","type":"image\/png"}],"twitter_card":"summary_large_image","twitter_misc":{"Tempo di lettura stimato":"1 minuto"},"schema":{"@context":"https:\/\/schema.org","@graph":[{"@type":"WebPage","@id":"https:\/\/syncro-group.com\/syncro\/it\/product\/sydox\/","url":"https:\/\/syncro-group.com\/syncro\/it\/product\/sydox\/","name":"SYDOX - Welcome to Syncro Group Website","isPartOf":{"@id":"https:\/\/syncro-group.com\/syncro\/it\/#website"},"primaryImageOfPage":{"@id":"https:\/\/syncro-group.com\/syncro\/it\/product\/sydox\/#primaryimage"},"image":{"@id":"https:\/\/syncro-group.com\/syncro\/it\/product\/sydox\/#primaryimage"},"thumbnailUrl":"https:\/\/syncro-group.com\/syncro\/wp-content\/uploads\/2025\/10\/Rendering-SYdox2-06-25-3-scaled.png","datePublished":"2025-10-01T07:29:51+00:00","dateModified":"2025-10-29T10:49:16+00:00","description":"SYDOS is a continuous loss in weight gravimetric blender designed to dose and feed multiple components simultaneously in all processes in which a constant gravimetric feed is required.","breadcrumb":{"@id":"https:\/\/syncro-group.com\/syncro\/it\/product\/sydox\/#breadcrumb"},"inLanguage":"it-IT","potentialAction":[{"@type":"ReadAction","target":["https:\/\/syncro-group.com\/syncro\/it\/product\/sydox\/"]}]},{"@type":"ImageObject","inLanguage":"it-IT","@id":"https:\/\/syncro-group.com\/syncro\/it\/product\/sydox\/#primaryimage","url":"https:\/\/syncro-group.com\/syncro\/wp-content\/uploads\/2025\/10\/Rendering-SYdox2-06-25-3-scaled.png","contentUrl":"https:\/\/syncro-group.com\/syncro\/wp-content\/uploads\/2025\/10\/Rendering-SYdox2-06-25-3-scaled.png","width":2560,"height":1978},{"@type":"BreadcrumbList","@id":"https:\/\/syncro-group.com\/syncro\/it\/product\/sydox\/#breadcrumb","itemListElement":[{"@type":"ListItem","position":1,"name":"Home","item":"https:\/\/syncro-group.com\/syncro\/it\/"},{"@type":"ListItem","position":2,"name":"Prodotti","item":"https:\/\/syncro-group.com\/syncro\/it\/prodotti\/"},{"@type":"ListItem","position":3,"name":"SYDOX"}]},{"@type":"WebSite","@id":"https:\/\/syncro-group.com\/syncro\/it\/#website","url":"https:\/\/syncro-group.com\/syncro\/it\/","name":"Welcome to Syncro Group Website","description":"","potentialAction":[{"@type":"SearchAction","target":{"@type":"EntryPoint","urlTemplate":"https:\/\/syncro-group.com\/syncro\/it\/?s={search_term_string}"},"query-input":{"@type":"PropertyValueSpecification","valueRequired":true,"valueName":"search_term_string"}}],"inLanguage":"it-IT"}]}},"_links":{"self":[{"href":"https:\/\/syncro-group.com\/syncro\/it\/wp-json\/wp\/v2\/product\/13581","targetHints":{"allow":["GET"]}}],"collection":[{"href":"https:\/\/syncro-group.com\/syncro\/it\/wp-json\/wp\/v2\/product"}],"about":[{"href":"https:\/\/syncro-group.com\/syncro\/it\/wp-json\/wp\/v2\/types\/product"}],"wp:featuredmedia":[{"embeddable":true,"href":"https:\/\/syncro-group.com\/syncro\/it\/wp-json\/wp\/v2\/media\/13702"}],"wp:attachment":[{"href":"https:\/\/syncro-group.com\/syncro\/it\/wp-json\/wp\/v2\/media?parent=13581"}],"wp:term":[{"taxonomy":"product_brand","embeddable":true,"href":"https:\/\/syncro-group.com\/syncro\/it\/wp-json\/wp\/v2\/product_brand?post=13581"},{"taxonomy":"product_cat","embeddable":true,"href":"https:\/\/syncro-group.com\/syncro\/it\/wp-json\/wp\/v2\/product_cat?post=13581"},{"taxonomy":"product_tag","embeddable":true,"href":"https:\/\/syncro-group.com\/syncro\/it\/wp-json\/wp\/v2\/product_tag?post=13581"}],"curies":[{"name":"wp","href":"https:\/\/api.w.org\/{rel}","templated":true}]}}