{"id":13609,"date":"2025-10-01T10:00:28","date_gmt":"2025-10-01T08:00:28","guid":{"rendered":"https:\/\/syncro-group.com\/syncro\/?post_type=product&#038;p=13609"},"modified":"2025-10-01T10:06:04","modified_gmt":"2025-10-01T08:06:04","slug":"syblend%c2%b3","status":"publish","type":"product","link":"https:\/\/syncro-group.com\/syncro\/it\/product\/syblend%c2%b3\/","title":{"rendered":"SYBLEND\u00b3"},"content":{"rendered":"<ul class=\"advantages\"><li>GRANDE ACCURATEZZA & AZIONE CONTINUA SYblend3 misura continuamente la portata di dosaggio di ogni componente, cos\u00ec che ogni variazione viene registrata all\u2019istante e la macchina ricalcola e regola immediatamente tutti i dosaggi in modo da mantenere il setpoint impostato. Dal momento che le portate dei singoli componenti e quella totale dell\u2019estrusore sono note, il loro confronto incrociato permette di individuare irregolarit\u00e0 e raggiungere un maggior livello di accuratezza. La struttura solida del corpo funziona come un filtro per le vibrazioni, in modo da non<\/li><li>RANGE ESTESO E MODULARIT\u00c0 SYblend3 presenta una flessibile gamma di dimensioni e di viti di dosaggio in modo da coprire un vasto range di portate e granulometria dei materiali, a partire dagli additivi nelle linee pi\u00f9 piccole fino ai componenti principali delle linee pi\u00f9 grosse. Grazie alla sua modularit\u00e0 pu\u00f2 essere facilmente configurato nel numero di componenti fino a un massimo di 6, mentre il quadro a bordo garantisce una facile e veloce installazione.<\/li><li>FACILIT\u00c0 DI PULIZIA E MANUTENZIONE Grazie alle sue tramogge e viti rimovibili, SYblend3 permette grande facilit\u00e0 e velocit\u00e0 nelle procedure di pulizia e cambio materiale.<\/li><li>OPZIONI Sono disponibili diverse opzioni per soddisfare ogni bisogno: kit componenti e di dosaggio per materiali ad alta temperatura, un sistema di controllo centralizzato per il trasporto e caricamento del materiale gestito dalla macchina stessa, e il sistema SMARTDRAYN per una procedura automatica di svuotamento del materiale che non richieda alcuna azione da parte dell\u2019operatore<\/li><li>PLC, INDUSTRIA 5.0 E IOT Tutte le macchine SYncro sono pronte per essere integrate con i controlli di supervisione di terze parti e con sistemi ERP utilizzando come standard protocolli OPC-UA di ultima generazione.<\/li><\/ul>\n","protected":false},"excerpt":{"rendered":"<p><strong>SYBLEND\u00b3<\/strong> \u00e8 un dosatore gravimetrico in continuo che monitora la perdita di peso per dosare e miscelare molteplici componenti simultaneamente, rappresentando la soluzione ideale per tutti quei processi in cui una miscela omogenea \u00e8 fondamentale per raggiungere l\u2019eccellenza del prodotto finale. Questa soluzione soddisfa tutte le esigenze di processi impegnativi come la produzione di BCF, FDY e POY.<\/p>\n","protected":false},"featured_media":0,"template":"","meta":{"_acf_changed":false},"product_brand":[],"product_cat":[85],"product_tag":[95,94,208,203,206,201,194,196,210,380,382,218,192,162,214,212,146],"class_list":{"0":"post-13609","1":"product","2":"type-product","3":"status-publish","5":"product_cat-dosaggio-miscelazione","6":"product_tag-bobina","7":"product_tag-bolla","8":"product_tag-controllo-peso-metro","9":"product_tag-controllo-portata-estrusore","10":"product_tag-controllo-strati","11":"product_tag-dosaggio-flake","12":"product_tag-dosaggio-foglia","13":"product_tag-dosaggio-granulo","14":"product_tag-dosatore-gravimetrico-a-perdita-di-peso","15":"product_tag-film-plastico-it","16":"product_tag-industria-4-0-it","17":"product_tag-iot","18":"product_tag-linea-di-estrusione","19":"product_tag-opc-ua-2","20":"product_tag-perdita-di-peso","21":"product_tag-sistema-di-dosaggio-a-perdita-di-peso","22":"product_tag-syncro-2","24":"first","25":"instock","26":"shipping-taxable","27":"product-type-simple"},"acf":[],"yoast_head":"<!-- This site is optimized with the Yoast SEO plugin v26.0 - https:\/\/yoast.com\/wordpress\/plugins\/seo\/ -->\n<title>SYBLEND\u00b3 - Welcome to Syncro Group Website<\/title>\n<meta name=\"description\" content=\"SYBLEND dosatore gravimetrico a perdita di peso in continuo progettato per dosare e miscelare pi\u00f9 componenti simultaneamente.\" \/>\n<meta name=\"robots\" content=\"index, follow, max-snippet:-1, max-image-preview:large, max-video-preview:-1\" \/>\n<link rel=\"canonical\" href=\"https:\/\/syncro-group.com\/syncro\/it\/product\/syblend%c2%b3\/\" \/>\n<meta property=\"og:locale\" content=\"it_IT\" \/>\n<meta property=\"og:type\" content=\"article\" \/>\n<meta property=\"og:title\" content=\"SYBLEND\u00b3 - Welcome to Syncro Group Website\" \/>\n<meta property=\"og:description\" content=\"SYBLEND dosatore gravimetrico a perdita di peso in continuo progettato per dosare e miscelare pi\u00f9 componenti simultaneamente.\" \/>\n<meta property=\"og:url\" content=\"https:\/\/syncro-group.com\/syncro\/it\/product\/syblend%c2%b3\/\" \/>\n<meta property=\"og:site_name\" content=\"Welcome to Syncro Group Website\" \/>\n<meta property=\"article:modified_time\" content=\"2025-10-01T08:06:04+00:00\" \/>\n<meta name=\"twitter:card\" content=\"summary_large_image\" \/>\n<meta name=\"twitter:label1\" content=\"Tempo di lettura stimato\" \/>\n\t<meta name=\"twitter:data1\" content=\"1 minuto\" \/>\n<script type=\"application\/ld+json\" class=\"yoast-schema-graph\">{\"@context\":\"https:\/\/schema.org\",\"@graph\":[{\"@type\":\"WebPage\",\"@id\":\"https:\/\/syncro-group.com\/syncro\/it\/product\/syblend%c2%b3\/\",\"url\":\"https:\/\/syncro-group.com\/syncro\/it\/product\/syblend%c2%b3\/\",\"name\":\"SYBLEND\u00b3 - Welcome to Syncro Group Website\",\"isPartOf\":{\"@id\":\"https:\/\/syncro-group.com\/syncro\/it\/#website\"},\"datePublished\":\"2025-10-01T08:00:28+00:00\",\"dateModified\":\"2025-10-01T08:06:04+00:00\",\"description\":\"SYBLEND dosatore gravimetrico a perdita di peso in continuo progettato per dosare e miscelare pi\u00f9 componenti simultaneamente.\",\"breadcrumb\":{\"@id\":\"https:\/\/syncro-group.com\/syncro\/it\/product\/syblend%c2%b3\/#breadcrumb\"},\"inLanguage\":\"it-IT\",\"potentialAction\":[{\"@type\":\"ReadAction\",\"target\":[\"https:\/\/syncro-group.com\/syncro\/it\/product\/syblend%c2%b3\/\"]}]},{\"@type\":\"BreadcrumbList\",\"@id\":\"https:\/\/syncro-group.com\/syncro\/it\/product\/syblend%c2%b3\/#breadcrumb\",\"itemListElement\":[{\"@type\":\"ListItem\",\"position\":1,\"name\":\"Home\",\"item\":\"https:\/\/syncro-group.com\/syncro\/it\/\"},{\"@type\":\"ListItem\",\"position\":2,\"name\":\"Prodotti\",\"item\":\"https:\/\/syncro-group.com\/syncro\/it\/prodotti\/\"},{\"@type\":\"ListItem\",\"position\":3,\"name\":\"SYBLEND\u00b3\"}]},{\"@type\":\"WebSite\",\"@id\":\"https:\/\/syncro-group.com\/syncro\/it\/#website\",\"url\":\"https:\/\/syncro-group.com\/syncro\/it\/\",\"name\":\"Welcome to Syncro Group Website\",\"description\":\"\",\"potentialAction\":[{\"@type\":\"SearchAction\",\"target\":{\"@type\":\"EntryPoint\",\"urlTemplate\":\"https:\/\/syncro-group.com\/syncro\/it\/?s={search_term_string}\"},\"query-input\":{\"@type\":\"PropertyValueSpecification\",\"valueRequired\":true,\"valueName\":\"search_term_string\"}}],\"inLanguage\":\"it-IT\"}]}<\/script>\n<!-- \/ Yoast SEO plugin. -->","yoast_head_json":{"title":"SYBLEND\u00b3 - Welcome to Syncro Group Website","description":"SYBLEND dosatore gravimetrico a perdita di peso in continuo progettato per dosare e miscelare pi\u00f9 componenti simultaneamente.","robots":{"index":"index","follow":"follow","max-snippet":"max-snippet:-1","max-image-preview":"max-image-preview:large","max-video-preview":"max-video-preview:-1"},"canonical":"https:\/\/syncro-group.com\/syncro\/it\/product\/syblend%c2%b3\/","og_locale":"it_IT","og_type":"article","og_title":"SYBLEND\u00b3 - Welcome to Syncro Group Website","og_description":"SYBLEND dosatore gravimetrico a perdita di peso in continuo progettato per dosare e miscelare pi\u00f9 componenti simultaneamente.","og_url":"https:\/\/syncro-group.com\/syncro\/it\/product\/syblend%c2%b3\/","og_site_name":"Welcome to Syncro Group Website","article_modified_time":"2025-10-01T08:06:04+00:00","twitter_card":"summary_large_image","twitter_misc":{"Tempo di lettura stimato":"1 minuto"},"schema":{"@context":"https:\/\/schema.org","@graph":[{"@type":"WebPage","@id":"https:\/\/syncro-group.com\/syncro\/it\/product\/syblend%c2%b3\/","url":"https:\/\/syncro-group.com\/syncro\/it\/product\/syblend%c2%b3\/","name":"SYBLEND\u00b3 - Welcome to Syncro Group Website","isPartOf":{"@id":"https:\/\/syncro-group.com\/syncro\/it\/#website"},"datePublished":"2025-10-01T08:00:28+00:00","dateModified":"2025-10-01T08:06:04+00:00","description":"SYBLEND dosatore gravimetrico a perdita di peso in continuo progettato per dosare e miscelare pi\u00f9 componenti simultaneamente.","breadcrumb":{"@id":"https:\/\/syncro-group.com\/syncro\/it\/product\/syblend%c2%b3\/#breadcrumb"},"inLanguage":"it-IT","potentialAction":[{"@type":"ReadAction","target":["https:\/\/syncro-group.com\/syncro\/it\/product\/syblend%c2%b3\/"]}]},{"@type":"BreadcrumbList","@id":"https:\/\/syncro-group.com\/syncro\/it\/product\/syblend%c2%b3\/#breadcrumb","itemListElement":[{"@type":"ListItem","position":1,"name":"Home","item":"https:\/\/syncro-group.com\/syncro\/it\/"},{"@type":"ListItem","position":2,"name":"Prodotti","item":"https:\/\/syncro-group.com\/syncro\/it\/prodotti\/"},{"@type":"ListItem","position":3,"name":"SYBLEND\u00b3"}]},{"@type":"WebSite","@id":"https:\/\/syncro-group.com\/syncro\/it\/#website","url":"https:\/\/syncro-group.com\/syncro\/it\/","name":"Welcome to Syncro Group Website","description":"","potentialAction":[{"@type":"SearchAction","target":{"@type":"EntryPoint","urlTemplate":"https:\/\/syncro-group.com\/syncro\/it\/?s={search_term_string}"},"query-input":{"@type":"PropertyValueSpecification","valueRequired":true,"valueName":"search_term_string"}}],"inLanguage":"it-IT"}]}},"_links":{"self":[{"href":"https:\/\/syncro-group.com\/syncro\/it\/wp-json\/wp\/v2\/product\/13609","targetHints":{"allow":["GET"]}}],"collection":[{"href":"https:\/\/syncro-group.com\/syncro\/it\/wp-json\/wp\/v2\/product"}],"about":[{"href":"https:\/\/syncro-group.com\/syncro\/it\/wp-json\/wp\/v2\/types\/product"}],"wp:attachment":[{"href":"https:\/\/syncro-group.com\/syncro\/it\/wp-json\/wp\/v2\/media?parent=13609"}],"wp:term":[{"taxonomy":"product_brand","embeddable":true,"href":"https:\/\/syncro-group.com\/syncro\/it\/wp-json\/wp\/v2\/product_brand?post=13609"},{"taxonomy":"product_cat","embeddable":true,"href":"https:\/\/syncro-group.com\/syncro\/it\/wp-json\/wp\/v2\/product_cat?post=13609"},{"taxonomy":"product_tag","embeddable":true,"href":"https:\/\/syncro-group.com\/syncro\/it\/wp-json\/wp\/v2\/product_tag?post=13609"}],"curies":[{"name":"wp","href":"https:\/\/api.w.org\/{rel}","templated":true}]}}