{"id":162,"date":"2014-08-10T10:06:55","date_gmt":"2014-08-10T10:06:55","guid":{"rendered":"http:\/\/uxthemes.wpengine.com\/?post_type=product&#038;p=395"},"modified":"2025-01-21T10:54:01","modified_gmt":"2025-01-21T09:54:01","slug":"sistema-misurazione-senza-contatto-combyscan","status":"publish","type":"product","link":"https:\/\/syncro-group.com\/syncro\/it\/product\/sistema-misurazione-senza-contatto-combyscan\/","title":{"rendered":"Combyscan"},"content":{"rendered":"<ul class=\"advantages\"><li>NON CONTACT - Il sensore fornisce una misura senza contatto e senza l\u2019utilizzo di un cuscinetto d\u2019aria compressa.<\/li><li>INDUSTRIA 4.0 E IOT - tutte le macchine Syncro sono pronte per essere integrate con i controlli di supervisione di terze parti e con sistemi ERP utilizzando come standard protocolli OPC-UA di ultima generazione.<\/li><li>CONTROLLO SYNTROL - Combyscan \u00e8 controllato da un sistema di supervisione SYNTROL comprendente un PC touch screen, tastiera, mouse e stampante.<\/li><li>PROCESSI - Combyscan \u00e8 usato su linee a testa piana o su linee bolla.  Sulle linee bolla, Combyscan \u00e8 installato dopo il traino e grazie allo speciale software brevettato da SYNCRO, \u00e8 capace di misurare il film appiattito e calcolare velocemente il profilo della bolla, evitando di attendere una rotazione completa del traino.<\/li><li>IDEALE PER FILM BARRIERA NELLE LINEE BOLLA - Combyscan pu\u00f2 misurare film o lastre con strutture complesse e multistrato come materiali barriera non essendo influenzato dalla composizione del materiale.<\/li><li>STRUTTURA SCANNER - La struttura portante dello scanner offre un\u2019eccellente resistenza alle deformazioni garantendo la perfetta stabilit\u00e0 della misurazione.<\/li><li>FACILE ACCESSO PER LA MANUTENZIONE - Combyscan \u00e8 stato progettato per garantire un accesso facile per le operazioni di manutenzione.<\/li><li>MAPPATURA DEL CILINDRO IN 3D - Grazie alla mappatura in 3D \u00e8 garantita un\u2019alta risoluzione della misurazione eliminando ogni possibile difetto meccanico.<\/li><li>CALCOLO VELOCE DEL PROFILO SU LINEE BOLLA -  Su una linea di film in bolla Combyscan mostra il primo profilo dopo sole 3 scansioni.<\/li><li>CONTROLLO AUTOMATICO DEL PROFILO - Nelle linee di estrusione a testa piana Combyscan pu\u00f2 essere fornito con Syntrolgauge per controllare automaticamente i tasselli termici della testa; nelle linee di estrusione di film in bolla lo scanner pu\u00f2 essere fornito insieme agli anelli automatici per regolare il profilo del film.<\/li><\/ul>\n","protected":false},"excerpt":{"rendered":"<p><strong>COMBYSCAN<\/strong> \u00e8 un<strong> sistema di misurazione senza contatto<\/strong> basato sulla tecnologia combinata induttiva e capacitiva.<br \/>\nIl sensore utilizzando come riferimento un cilindro metallico \u00e8 in grado di misurare lo spessore di una lastra, di una foglia o di un film con una precisione nell\u2019ordine di decimi di micron.<\/p>\n<p>Il sensore induttivo misura la distanza tra il sensore ed il cilindro mentre quello capacitivo misura il dielettrico del materiale; combinando il valore dei due segnali si ottiene il valore di spessore.<br \/>\nCombyscan pu\u00f2 essere usato sia su linee a testa piana che su linee di estrusione di film in bolla.<\/p>\n","protected":false},"featured_media":4080,"template":"","meta":{"_acf_changed":false},"product_brand":[],"product_cat":[88],"product_tag":[95,94,252,178,257,243,216,250,245,146],"class_list":{"0":"post-162","1":"product","2":"type-product","3":"status-publish","4":"has-post-thumbnail","6":"product_cat-sistemi-di-misurazione","7":"product_tag-bobina","8":"product_tag-bolla","9":"product_tag-controllo-testa-automatica","10":"product_tag-industria-4-0","11":"product_tag-misurazione-laser","12":"product_tag-misurazione-testa-piana","13":"product_tag-opc-ua-3","14":"product_tag-sistema-di-misurazione","15":"product_tag-sistemi-di-misurazione-scanner","16":"product_tag-syncro-2","18":"first","19":"instock","20":"shipping-taxable","21":"product-type-simple"},"acf":[],"yoast_head":"<!-- This site is optimized with the Yoast SEO plugin v26.0 - https:\/\/yoast.com\/wordpress\/plugins\/seo\/ -->\n<title>Combyscan - Welcome to Syncro Group Website<\/title>\n<meta name=\"description\" content=\"Combyscan \u00e8 un sistema di misurazione basato sulla tecnologia combinata induttiva\/capacitiva senza contatto. Pu\u00f2 essere installato su linee CAST e BLOWN.\" \/>\n<meta name=\"robots\" content=\"index, follow, max-snippet:-1, max-image-preview:large, max-video-preview:-1\" \/>\n<link rel=\"canonical\" href=\"https:\/\/syncro-group.com\/syncro\/it\/product\/sistema-misurazione-senza-contatto-combyscan\/\" \/>\n<meta property=\"og:locale\" content=\"it_IT\" \/>\n<meta property=\"og:type\" content=\"article\" \/>\n<meta property=\"og:title\" content=\"Combyscan - Welcome to Syncro Group Website\" \/>\n<meta property=\"og:description\" content=\"Combyscan \u00e8 un sistema di misurazione basato sulla tecnologia combinata induttiva\/capacitiva senza contatto. Pu\u00f2 essere installato su linee CAST e BLOWN.\" \/>\n<meta property=\"og:url\" content=\"https:\/\/syncro-group.com\/syncro\/it\/product\/sistema-misurazione-senza-contatto-combyscan\/\" \/>\n<meta property=\"og:site_name\" content=\"Welcome to Syncro Group Website\" \/>\n<meta property=\"article:modified_time\" content=\"2025-01-21T09:54:01+00:00\" \/>\n<meta property=\"og:image\" content=\"https:\/\/syncro-group.com\/syncro\/wp-content\/uploads\/2014\/08\/combyscan_quadrato-1024.jpg\" \/>\n\t<meta property=\"og:image:width\" content=\"1145\" \/>\n\t<meta property=\"og:image:height\" content=\"1145\" \/>\n\t<meta property=\"og:image:type\" content=\"image\/jpeg\" \/>\n<meta name=\"twitter:card\" content=\"summary_large_image\" \/>\n<script type=\"application\/ld+json\" class=\"yoast-schema-graph\">{\"@context\":\"https:\/\/schema.org\",\"@graph\":[{\"@type\":\"WebPage\",\"@id\":\"https:\/\/syncro-group.com\/syncro\/it\/product\/sistema-misurazione-senza-contatto-combyscan\/\",\"url\":\"https:\/\/syncro-group.com\/syncro\/it\/product\/sistema-misurazione-senza-contatto-combyscan\/\",\"name\":\"Combyscan - Welcome to Syncro Group Website\",\"isPartOf\":{\"@id\":\"https:\/\/syncro-group.com\/syncro\/it\/#website\"},\"primaryImageOfPage\":{\"@id\":\"https:\/\/syncro-group.com\/syncro\/it\/product\/sistema-misurazione-senza-contatto-combyscan\/#primaryimage\"},\"image\":{\"@id\":\"https:\/\/syncro-group.com\/syncro\/it\/product\/sistema-misurazione-senza-contatto-combyscan\/#primaryimage\"},\"thumbnailUrl\":\"https:\/\/syncro-group.com\/syncro\/wp-content\/uploads\/2014\/08\/combyscan_quadrato-1024.jpg\",\"datePublished\":\"2014-08-10T10:06:55+00:00\",\"dateModified\":\"2025-01-21T09:54:01+00:00\",\"description\":\"Combyscan \u00e8 un sistema di misurazione basato sulla tecnologia combinata induttiva\/capacitiva senza contatto. Pu\u00f2 essere installato su linee CAST e BLOWN.\",\"breadcrumb\":{\"@id\":\"https:\/\/syncro-group.com\/syncro\/it\/product\/sistema-misurazione-senza-contatto-combyscan\/#breadcrumb\"},\"inLanguage\":\"it-IT\",\"potentialAction\":[{\"@type\":\"ReadAction\",\"target\":[\"https:\/\/syncro-group.com\/syncro\/it\/product\/sistema-misurazione-senza-contatto-combyscan\/\"]}]},{\"@type\":\"ImageObject\",\"inLanguage\":\"it-IT\",\"@id\":\"https:\/\/syncro-group.com\/syncro\/it\/product\/sistema-misurazione-senza-contatto-combyscan\/#primaryimage\",\"url\":\"https:\/\/syncro-group.com\/syncro\/wp-content\/uploads\/2014\/08\/combyscan_quadrato-1024.jpg\",\"contentUrl\":\"https:\/\/syncro-group.com\/syncro\/wp-content\/uploads\/2014\/08\/combyscan_quadrato-1024.jpg\",\"width\":1145,\"height\":1145},{\"@type\":\"BreadcrumbList\",\"@id\":\"https:\/\/syncro-group.com\/syncro\/it\/product\/sistema-misurazione-senza-contatto-combyscan\/#breadcrumb\",\"itemListElement\":[{\"@type\":\"ListItem\",\"position\":1,\"name\":\"Home\",\"item\":\"https:\/\/syncro-group.com\/syncro\/it\/\"},{\"@type\":\"ListItem\",\"position\":2,\"name\":\"Prodotti\",\"item\":\"https:\/\/syncro-group.com\/syncro\/it\/prodotti\/\"},{\"@type\":\"ListItem\",\"position\":3,\"name\":\"Combyscan\"}]},{\"@type\":\"WebSite\",\"@id\":\"https:\/\/syncro-group.com\/syncro\/it\/#website\",\"url\":\"https:\/\/syncro-group.com\/syncro\/it\/\",\"name\":\"Welcome to Syncro Group Website\",\"description\":\"\",\"potentialAction\":[{\"@type\":\"SearchAction\",\"target\":{\"@type\":\"EntryPoint\",\"urlTemplate\":\"https:\/\/syncro-group.com\/syncro\/it\/?s={search_term_string}\"},\"query-input\":{\"@type\":\"PropertyValueSpecification\",\"valueRequired\":true,\"valueName\":\"search_term_string\"}}],\"inLanguage\":\"it-IT\"}]}<\/script>\n<!-- \/ Yoast SEO plugin. -->","yoast_head_json":{"title":"Combyscan - Welcome to Syncro Group Website","description":"Combyscan \u00e8 un sistema di misurazione basato sulla tecnologia combinata induttiva\/capacitiva senza contatto. Pu\u00f2 essere installato su linee CAST e BLOWN.","robots":{"index":"index","follow":"follow","max-snippet":"max-snippet:-1","max-image-preview":"max-image-preview:large","max-video-preview":"max-video-preview:-1"},"canonical":"https:\/\/syncro-group.com\/syncro\/it\/product\/sistema-misurazione-senza-contatto-combyscan\/","og_locale":"it_IT","og_type":"article","og_title":"Combyscan - Welcome to Syncro Group Website","og_description":"Combyscan \u00e8 un sistema di misurazione basato sulla tecnologia combinata induttiva\/capacitiva senza contatto. Pu\u00f2 essere installato su linee CAST e BLOWN.","og_url":"https:\/\/syncro-group.com\/syncro\/it\/product\/sistema-misurazione-senza-contatto-combyscan\/","og_site_name":"Welcome to Syncro Group Website","article_modified_time":"2025-01-21T09:54:01+00:00","og_image":[{"width":1145,"height":1145,"url":"https:\/\/syncro-group.com\/syncro\/wp-content\/uploads\/2014\/08\/combyscan_quadrato-1024.jpg","type":"image\/jpeg"}],"twitter_card":"summary_large_image","schema":{"@context":"https:\/\/schema.org","@graph":[{"@type":"WebPage","@id":"https:\/\/syncro-group.com\/syncro\/it\/product\/sistema-misurazione-senza-contatto-combyscan\/","url":"https:\/\/syncro-group.com\/syncro\/it\/product\/sistema-misurazione-senza-contatto-combyscan\/","name":"Combyscan - Welcome to Syncro Group Website","isPartOf":{"@id":"https:\/\/syncro-group.com\/syncro\/it\/#website"},"primaryImageOfPage":{"@id":"https:\/\/syncro-group.com\/syncro\/it\/product\/sistema-misurazione-senza-contatto-combyscan\/#primaryimage"},"image":{"@id":"https:\/\/syncro-group.com\/syncro\/it\/product\/sistema-misurazione-senza-contatto-combyscan\/#primaryimage"},"thumbnailUrl":"https:\/\/syncro-group.com\/syncro\/wp-content\/uploads\/2014\/08\/combyscan_quadrato-1024.jpg","datePublished":"2014-08-10T10:06:55+00:00","dateModified":"2025-01-21T09:54:01+00:00","description":"Combyscan \u00e8 un sistema di misurazione basato sulla tecnologia combinata induttiva\/capacitiva senza contatto. Pu\u00f2 essere installato su linee CAST e BLOWN.","breadcrumb":{"@id":"https:\/\/syncro-group.com\/syncro\/it\/product\/sistema-misurazione-senza-contatto-combyscan\/#breadcrumb"},"inLanguage":"it-IT","potentialAction":[{"@type":"ReadAction","target":["https:\/\/syncro-group.com\/syncro\/it\/product\/sistema-misurazione-senza-contatto-combyscan\/"]}]},{"@type":"ImageObject","inLanguage":"it-IT","@id":"https:\/\/syncro-group.com\/syncro\/it\/product\/sistema-misurazione-senza-contatto-combyscan\/#primaryimage","url":"https:\/\/syncro-group.com\/syncro\/wp-content\/uploads\/2014\/08\/combyscan_quadrato-1024.jpg","contentUrl":"https:\/\/syncro-group.com\/syncro\/wp-content\/uploads\/2014\/08\/combyscan_quadrato-1024.jpg","width":1145,"height":1145},{"@type":"BreadcrumbList","@id":"https:\/\/syncro-group.com\/syncro\/it\/product\/sistema-misurazione-senza-contatto-combyscan\/#breadcrumb","itemListElement":[{"@type":"ListItem","position":1,"name":"Home","item":"https:\/\/syncro-group.com\/syncro\/it\/"},{"@type":"ListItem","position":2,"name":"Prodotti","item":"https:\/\/syncro-group.com\/syncro\/it\/prodotti\/"},{"@type":"ListItem","position":3,"name":"Combyscan"}]},{"@type":"WebSite","@id":"https:\/\/syncro-group.com\/syncro\/it\/#website","url":"https:\/\/syncro-group.com\/syncro\/it\/","name":"Welcome to Syncro Group Website","description":"","potentialAction":[{"@type":"SearchAction","target":{"@type":"EntryPoint","urlTemplate":"https:\/\/syncro-group.com\/syncro\/it\/?s={search_term_string}"},"query-input":{"@type":"PropertyValueSpecification","valueRequired":true,"valueName":"search_term_string"}}],"inLanguage":"it-IT"}]}},"_links":{"self":[{"href":"https:\/\/syncro-group.com\/syncro\/it\/wp-json\/wp\/v2\/product\/162","targetHints":{"allow":["GET"]}}],"collection":[{"href":"https:\/\/syncro-group.com\/syncro\/it\/wp-json\/wp\/v2\/product"}],"about":[{"href":"https:\/\/syncro-group.com\/syncro\/it\/wp-json\/wp\/v2\/types\/product"}],"wp:featuredmedia":[{"embeddable":true,"href":"https:\/\/syncro-group.com\/syncro\/it\/wp-json\/wp\/v2\/media\/4080"}],"wp:attachment":[{"href":"https:\/\/syncro-group.com\/syncro\/it\/wp-json\/wp\/v2\/media?parent=162"}],"wp:term":[{"taxonomy":"product_brand","embeddable":true,"href":"https:\/\/syncro-group.com\/syncro\/it\/wp-json\/wp\/v2\/product_brand?post=162"},{"taxonomy":"product_cat","embeddable":true,"href":"https:\/\/syncro-group.com\/syncro\/it\/wp-json\/wp\/v2\/product_cat?post=162"},{"taxonomy":"product_tag","embeddable":true,"href":"https:\/\/syncro-group.com\/syncro\/it\/wp-json\/wp\/v2\/product_tag?post=162"}],"curies":[{"name":"wp","href":"https:\/\/api.w.org\/{rel}","templated":true}]}}