{"id":2212,"date":"2020-05-20T09:57:11","date_gmt":"2020-05-20T07:57:11","guid":{"rendered":"http:\/\/syncro-sito.testsuite.tk\/?post_type=product&#038;p=2212"},"modified":"2024-09-19T13:13:40","modified_gmt":"2024-09-19T11:13:40","slug":"sydos-dosatore-gravimetrico","status":"publish","type":"product","link":"https:\/\/syncro-group.com\/syncro\/it\/product\/sydos-dosatore-gravimetrico\/","title":{"rendered":"Sydos"},"content":{"rendered":"<ul class=\"advantages\"><li>GRANDE PRECISIONE E AZIONE CONTINUA SYdos misura continuamente la portata di ogni materiale, in modo che qualsiasi variazione venga registrata istantaneamente e la macchina regoli immediatamente tutto il dosaggio per mantenere il setpoint specificato. Poich\u00e9 le portate dei singoli componenti e dell\u2019estrusore sono note, il loro confronto incrociato consente di identificare le irregolarit\u00e0 e di ottenere una migliore precisione di dosaggio. La struttura solida funge da filtro per gli effetti delle vibrazioni, in modo da non introdurre alcun rumore nelle misurazioni delle celle di carico.<\/li><li>GAMMA ESTESA E MODULARIT\u00c0 SYdos ha una scelta flessibile di dimensioni della macchina e di coclee di dosaggio per coprire un\u2019ampia gamma di portate e granulometria di materiali, dalle pi\u00f9 basse portate di additivi nelle linee piccole alle pi\u00f9 alte portate di componenti principali nelle linee grandi. Grazie alla sua modularit\u00e0, pu\u00f2 anche essere facilmente configurato in un massimo di 5 componenti secondari con un armadio a bordo che consente una rapida installazione.<\/li><li>FACILE PULIZIA E MANUTENZIONE Grazie alle tramogge e alle viti rimovibili, SYdos consente un facile processo di pulizia e sostituzione.<\/li><li>OPZIONI Sono disponibili diversi optional per soddisfare ogni esigenza: componenti e kit per il dosaggio di materiali ad alta temperatura e un sistema di trasporto centralizzato controllato dalla macchina stessa.<\/li><li>PLC, INDUSTRIA 4.0 E IOT Tutte le macchine SYncro sono pronte per essere integrate con i controlli di supervisione di terze parti e con sistemi ERP utilizzando come standard protocolli OPC-UA di ultima generazione.<\/li><\/ul>\n","protected":false},"excerpt":{"rendered":"<p><strong>SYDOS<\/strong> fa parte della famiglia dei <strong>dosatori gravimetrici a perdita di peso<\/strong> in continuo progettato per<strong> dosare e miscelare pi\u00f9 componenti simultaneamente<\/strong>. SYDOS \u00e8 il dosatore ideale per tutti i processi in cui \u00e8 fondamentale ottenere una miscela omogenea per ottenere la qualit\u00e0 del prodotto finale.<\/p>\n<p>Tutti i componenti vengono dosati gravimetricamente in continuo nella bocca di alimentazione dell\u2019estrusore tramite un miscelatore statico. Ogni componente laterale \u00e8 dosato e miscelato con il componente principale dosato a perdita di peso. I componenti laterali sono controllati individualmente per rispettare i rapporti di dosaggio e mantenere un livello costante di materiale sopra la bocca di alimentazione dell\u2019estrusore.<\/p>\n","protected":false},"featured_media":4083,"template":"","meta":{"_acf_changed":false},"product_brand":[],"product_cat":[85],"product_tag":[95,94,208,203,206,201,194,196,210,176,178,218,192,216,214,212,146],"class_list":{"0":"post-2212","1":"product","2":"type-product","3":"status-publish","4":"has-post-thumbnail","6":"product_cat-dosaggio-miscelazione","7":"product_tag-bobina","8":"product_tag-bolla","9":"product_tag-controllo-peso-metro","10":"product_tag-controllo-portata-estrusore","11":"product_tag-controllo-strati","12":"product_tag-dosaggio-flake","13":"product_tag-dosaggio-foglia","14":"product_tag-dosaggio-granulo","15":"product_tag-dosatore-gravimetrico-a-perdita-di-peso","16":"product_tag-film-plastico","17":"product_tag-industria-4-0","18":"product_tag-iot","19":"product_tag-linea-di-estrusione","20":"product_tag-opc-ua-3","21":"product_tag-perdita-di-peso","22":"product_tag-sistema-di-dosaggio-a-perdita-di-peso","23":"product_tag-syncro-2","25":"first","26":"instock","27":"shipping-taxable","28":"product-type-simple"},"acf":[],"yoast_head":"<!-- This site is optimized with the Yoast SEO plugin v26.0 - https:\/\/yoast.com\/wordpress\/plugins\/seo\/ -->\n<title>Sydos - Welcome to Syncro Group Website<\/title>\n<meta name=\"description\" content=\"SYDOS is a continuous loss in weight gravimetric blender designed to dose and feed multiple components simultaneously in all processes in which a constant gravimetric feed is required.\" \/>\n<meta name=\"robots\" content=\"index, follow, max-snippet:-1, max-image-preview:large, max-video-preview:-1\" \/>\n<link rel=\"canonical\" href=\"https:\/\/syncro-group.com\/syncro\/it\/product\/sydos-dosatore-gravimetrico\/\" \/>\n<meta property=\"og:locale\" content=\"it_IT\" \/>\n<meta property=\"og:type\" content=\"article\" \/>\n<meta property=\"og:title\" content=\"Sydos - Welcome to Syncro Group Website\" \/>\n<meta property=\"og:description\" content=\"SYDOS is a continuous loss in weight gravimetric blender designed to dose and feed multiple components simultaneously in all processes in which a constant gravimetric feed is required.\" \/>\n<meta property=\"og:url\" content=\"https:\/\/syncro-group.com\/syncro\/it\/product\/sydos-dosatore-gravimetrico\/\" \/>\n<meta property=\"og:site_name\" content=\"Welcome to Syncro Group Website\" \/>\n<meta property=\"article:modified_time\" content=\"2024-09-19T11:13:40+00:00\" \/>\n<meta property=\"og:image\" content=\"https:\/\/syncro-group.com\/syncro\/wp-content\/uploads\/2020\/05\/SYDOS-quadrato-1024.jpg\" \/>\n\t<meta property=\"og:image:width\" content=\"1024\" \/>\n\t<meta property=\"og:image:height\" content=\"1024\" \/>\n\t<meta property=\"og:image:type\" content=\"image\/jpeg\" \/>\n<meta name=\"twitter:card\" content=\"summary_large_image\" \/>\n<script type=\"application\/ld+json\" class=\"yoast-schema-graph\">{\"@context\":\"https:\/\/schema.org\",\"@graph\":[{\"@type\":\"WebPage\",\"@id\":\"https:\/\/syncro-group.com\/syncro\/it\/product\/sydos-dosatore-gravimetrico\/\",\"url\":\"https:\/\/syncro-group.com\/syncro\/it\/product\/sydos-dosatore-gravimetrico\/\",\"name\":\"Sydos - Welcome to Syncro Group Website\",\"isPartOf\":{\"@id\":\"https:\/\/syncro-group.com\/syncro\/it\/#website\"},\"primaryImageOfPage\":{\"@id\":\"https:\/\/syncro-group.com\/syncro\/it\/product\/sydos-dosatore-gravimetrico\/#primaryimage\"},\"image\":{\"@id\":\"https:\/\/syncro-group.com\/syncro\/it\/product\/sydos-dosatore-gravimetrico\/#primaryimage\"},\"thumbnailUrl\":\"https:\/\/syncro-group.com\/syncro\/wp-content\/uploads\/2020\/05\/SYDOS-quadrato-1024.jpg\",\"datePublished\":\"2020-05-20T07:57:11+00:00\",\"dateModified\":\"2024-09-19T11:13:40+00:00\",\"description\":\"SYDOS is a continuous loss in weight gravimetric blender designed to dose and feed multiple components simultaneously in all processes in which a constant gravimetric feed is required.\",\"breadcrumb\":{\"@id\":\"https:\/\/syncro-group.com\/syncro\/it\/product\/sydos-dosatore-gravimetrico\/#breadcrumb\"},\"inLanguage\":\"it-IT\",\"potentialAction\":[{\"@type\":\"ReadAction\",\"target\":[\"https:\/\/syncro-group.com\/syncro\/it\/product\/sydos-dosatore-gravimetrico\/\"]}]},{\"@type\":\"ImageObject\",\"inLanguage\":\"it-IT\",\"@id\":\"https:\/\/syncro-group.com\/syncro\/it\/product\/sydos-dosatore-gravimetrico\/#primaryimage\",\"url\":\"https:\/\/syncro-group.com\/syncro\/wp-content\/uploads\/2020\/05\/SYDOS-quadrato-1024.jpg\",\"contentUrl\":\"https:\/\/syncro-group.com\/syncro\/wp-content\/uploads\/2020\/05\/SYDOS-quadrato-1024.jpg\",\"width\":1024,\"height\":1024},{\"@type\":\"BreadcrumbList\",\"@id\":\"https:\/\/syncro-group.com\/syncro\/it\/product\/sydos-dosatore-gravimetrico\/#breadcrumb\",\"itemListElement\":[{\"@type\":\"ListItem\",\"position\":1,\"name\":\"Home\",\"item\":\"https:\/\/syncro-group.com\/syncro\/it\/\"},{\"@type\":\"ListItem\",\"position\":2,\"name\":\"Prodotti\",\"item\":\"https:\/\/syncro-group.com\/syncro\/it\/prodotti\/\"},{\"@type\":\"ListItem\",\"position\":3,\"name\":\"Sydos\"}]},{\"@type\":\"WebSite\",\"@id\":\"https:\/\/syncro-group.com\/syncro\/it\/#website\",\"url\":\"https:\/\/syncro-group.com\/syncro\/it\/\",\"name\":\"Welcome to Syncro Group Website\",\"description\":\"\",\"potentialAction\":[{\"@type\":\"SearchAction\",\"target\":{\"@type\":\"EntryPoint\",\"urlTemplate\":\"https:\/\/syncro-group.com\/syncro\/it\/?s={search_term_string}\"},\"query-input\":{\"@type\":\"PropertyValueSpecification\",\"valueRequired\":true,\"valueName\":\"search_term_string\"}}],\"inLanguage\":\"it-IT\"}]}<\/script>\n<!-- \/ Yoast SEO plugin. -->","yoast_head_json":{"title":"Sydos - Welcome to Syncro Group Website","description":"SYDOS is a continuous loss in weight gravimetric blender designed to dose and feed multiple components simultaneously in all processes in which a constant gravimetric feed is required.","robots":{"index":"index","follow":"follow","max-snippet":"max-snippet:-1","max-image-preview":"max-image-preview:large","max-video-preview":"max-video-preview:-1"},"canonical":"https:\/\/syncro-group.com\/syncro\/it\/product\/sydos-dosatore-gravimetrico\/","og_locale":"it_IT","og_type":"article","og_title":"Sydos - Welcome to Syncro Group Website","og_description":"SYDOS is a continuous loss in weight gravimetric blender designed to dose and feed multiple components simultaneously in all processes in which a constant gravimetric feed is required.","og_url":"https:\/\/syncro-group.com\/syncro\/it\/product\/sydos-dosatore-gravimetrico\/","og_site_name":"Welcome to Syncro Group Website","article_modified_time":"2024-09-19T11:13:40+00:00","og_image":[{"width":1024,"height":1024,"url":"https:\/\/syncro-group.com\/syncro\/wp-content\/uploads\/2020\/05\/SYDOS-quadrato-1024.jpg","type":"image\/jpeg"}],"twitter_card":"summary_large_image","schema":{"@context":"https:\/\/schema.org","@graph":[{"@type":"WebPage","@id":"https:\/\/syncro-group.com\/syncro\/it\/product\/sydos-dosatore-gravimetrico\/","url":"https:\/\/syncro-group.com\/syncro\/it\/product\/sydos-dosatore-gravimetrico\/","name":"Sydos - Welcome to Syncro Group Website","isPartOf":{"@id":"https:\/\/syncro-group.com\/syncro\/it\/#website"},"primaryImageOfPage":{"@id":"https:\/\/syncro-group.com\/syncro\/it\/product\/sydos-dosatore-gravimetrico\/#primaryimage"},"image":{"@id":"https:\/\/syncro-group.com\/syncro\/it\/product\/sydos-dosatore-gravimetrico\/#primaryimage"},"thumbnailUrl":"https:\/\/syncro-group.com\/syncro\/wp-content\/uploads\/2020\/05\/SYDOS-quadrato-1024.jpg","datePublished":"2020-05-20T07:57:11+00:00","dateModified":"2024-09-19T11:13:40+00:00","description":"SYDOS is a continuous loss in weight gravimetric blender designed to dose and feed multiple components simultaneously in all processes in which a constant gravimetric feed is required.","breadcrumb":{"@id":"https:\/\/syncro-group.com\/syncro\/it\/product\/sydos-dosatore-gravimetrico\/#breadcrumb"},"inLanguage":"it-IT","potentialAction":[{"@type":"ReadAction","target":["https:\/\/syncro-group.com\/syncro\/it\/product\/sydos-dosatore-gravimetrico\/"]}]},{"@type":"ImageObject","inLanguage":"it-IT","@id":"https:\/\/syncro-group.com\/syncro\/it\/product\/sydos-dosatore-gravimetrico\/#primaryimage","url":"https:\/\/syncro-group.com\/syncro\/wp-content\/uploads\/2020\/05\/SYDOS-quadrato-1024.jpg","contentUrl":"https:\/\/syncro-group.com\/syncro\/wp-content\/uploads\/2020\/05\/SYDOS-quadrato-1024.jpg","width":1024,"height":1024},{"@type":"BreadcrumbList","@id":"https:\/\/syncro-group.com\/syncro\/it\/product\/sydos-dosatore-gravimetrico\/#breadcrumb","itemListElement":[{"@type":"ListItem","position":1,"name":"Home","item":"https:\/\/syncro-group.com\/syncro\/it\/"},{"@type":"ListItem","position":2,"name":"Prodotti","item":"https:\/\/syncro-group.com\/syncro\/it\/prodotti\/"},{"@type":"ListItem","position":3,"name":"Sydos"}]},{"@type":"WebSite","@id":"https:\/\/syncro-group.com\/syncro\/it\/#website","url":"https:\/\/syncro-group.com\/syncro\/it\/","name":"Welcome to Syncro Group Website","description":"","potentialAction":[{"@type":"SearchAction","target":{"@type":"EntryPoint","urlTemplate":"https:\/\/syncro-group.com\/syncro\/it\/?s={search_term_string}"},"query-input":{"@type":"PropertyValueSpecification","valueRequired":true,"valueName":"search_term_string"}}],"inLanguage":"it-IT"}]}},"_links":{"self":[{"href":"https:\/\/syncro-group.com\/syncro\/it\/wp-json\/wp\/v2\/product\/2212","targetHints":{"allow":["GET"]}}],"collection":[{"href":"https:\/\/syncro-group.com\/syncro\/it\/wp-json\/wp\/v2\/product"}],"about":[{"href":"https:\/\/syncro-group.com\/syncro\/it\/wp-json\/wp\/v2\/types\/product"}],"wp:featuredmedia":[{"embeddable":true,"href":"https:\/\/syncro-group.com\/syncro\/it\/wp-json\/wp\/v2\/media\/4083"}],"wp:attachment":[{"href":"https:\/\/syncro-group.com\/syncro\/it\/wp-json\/wp\/v2\/media?parent=2212"}],"wp:term":[{"taxonomy":"product_brand","embeddable":true,"href":"https:\/\/syncro-group.com\/syncro\/it\/wp-json\/wp\/v2\/product_brand?post=2212"},{"taxonomy":"product_cat","embeddable":true,"href":"https:\/\/syncro-group.com\/syncro\/it\/wp-json\/wp\/v2\/product_cat?post=2212"},{"taxonomy":"product_tag","embeddable":true,"href":"https:\/\/syncro-group.com\/syncro\/it\/wp-json\/wp\/v2\/product_tag?post=2212"}],"curies":[{"name":"wp","href":"https:\/\/api.w.org\/{rel}","templated":true}]}}