{"id":2825,"date":"2020-06-17T15:41:14","date_gmt":"2020-06-17T13:41:14","guid":{"rendered":"http:\/\/syncro-sito.testsuite.tk\/?post_type=product&#038;p=2825"},"modified":"2023-01-18T15:20:29","modified_gmt":"2023-01-18T14:20:29","slug":"cooling_booster_system","status":"publish","type":"product","link":"https:\/\/syncro-group.com\/syncro\/it\/product\/cooling_booster_system\/","title":{"rendered":"Vortyx"},"content":{"rendered":"<ul class=\"advantages\"><li>SCAMBIO DI CALORE OTTIMIZZATO<\/li><li>PRODUZIONE ORARIA \u00c8 AUMENTATA<\/li><li>SISTEMA DI RAFFREDDAMENTO BOOSTER PER MASSIMIZZARE LA STABILIT\u00c0 DELLA FORMA DELLA BOLLA<\/li><li>ALTA QUALIT\u00c0 DEL PROFILO DELLO SPESSORE DI BASE<\/li><li>25% IN PI\u00d9 IN USCITA RISPETTO A UN IBC STANDARD <\/li><\/ul>\n","protected":false},"excerpt":{"rendered":"<p>Quando <strong>SYNCRO<\/strong> ha sviluppato l\u2019anello di raffreddamento <strong>FLYER<\/strong> ed il <strong>sistema di raffreddamento<\/strong> interno della bolla <strong>VORTYX<\/strong> si \u00e8 posta come obbiettivo di fare coesistere due elementi in perpetuo conflitto tra di loro; turbolenze e stabilit\u00e0.<br \/>\nL\u2019obbiettivo di ogni costruttore \u00e8 quello di progettare e costruire prodotti in grado di minimizzare lo scambio di calore che porterebbe ad un significativo aumento di capacit\u00e0 produttiva, stabilit\u00e0 della bolla e garantire la produzione di un prodotto di qualit\u00e0 tramite sistemi di controllo del profilo.<br \/>\nQuesti sono i principi fondamentali che hanno portato SYNCRO ad ingegnerizzare in propri sistemi di raffreddamento interno ed esterno della bolla (FLYER e VORTYX).<br \/>\nSYNCRO \u00e8 alla costante ricerca del miglior profilo aereodinamico dei propri inserti per anelli di raffreddamento e continua a studiare le possibilit\u00e0 per migliorare il raffreddamento all\u2019interno della bolla. I risultati degli sforzi di SYNCRO si evidenziano guardando alla qualit\u00e0 del design degli anelli , alla qualit\u00e0 di isolamento delle camere in fibra di carbonio (doppia camera), le linee semplici e pulite del design mono-bocca, le regolazioni della doppia tecnologia <strong>TECH 2.0<\/strong> (volume d\u2019aria e\/o temperatura) che \u00e8 un brevetto SYNCRO.<\/p>\n","protected":false},"featured_media":3514,"template":"","meta":{"_acf_changed":false},"product_brand":[],"product_cat":[828],"product_tag":[176,178,170,233,235,146],"class_list":{"0":"post-2825","1":"product","2":"type-product","3":"status-publish","4":"has-post-thumbnail","6":"product_cat-ibc-booster-2","7":"product_tag-film-plastico","8":"product_tag-industria-4-0","9":"product_tag-linea-estrusione-film-bolla","10":"product_tag-palo-ibc","11":"product_tag-raffreddamento-interno-della-bolla","12":"product_tag-syncro-2","14":"first","15":"instock","16":"shipping-taxable","17":"product-type-simple"},"acf":[],"yoast_head":"<!-- This site is optimized with the Yoast SEO plugin v26.0 - https:\/\/yoast.com\/wordpress\/plugins\/seo\/ -->\n<title>Vortyx - Welcome to Syncro Group Website<\/title>\n<meta name=\"description\" content=\"Vortyx is the IBC cooling booster system for blown film lines used to obtain hourly production increases and maximize the bubble stability.\" \/>\n<meta name=\"robots\" content=\"index, follow, max-snippet:-1, max-image-preview:large, max-video-preview:-1\" \/>\n<link rel=\"canonical\" href=\"https:\/\/syncro-group.com\/syncro\/it\/product\/cooling_booster_system\/\" \/>\n<meta property=\"og:locale\" content=\"it_IT\" \/>\n<meta property=\"og:type\" content=\"article\" \/>\n<meta property=\"og:title\" content=\"Vortyx - Welcome to Syncro Group Website\" \/>\n<meta property=\"og:description\" content=\"Vortyx is the IBC cooling booster system for blown film lines used to obtain hourly production increases and maximize the bubble stability.\" \/>\n<meta property=\"og:url\" content=\"https:\/\/syncro-group.com\/syncro\/it\/product\/cooling_booster_system\/\" \/>\n<meta property=\"og:site_name\" content=\"Welcome to Syncro Group Website\" \/>\n<meta property=\"article:modified_time\" content=\"2023-01-18T14:20:29+00:00\" \/>\n<meta property=\"og:image\" content=\"https:\/\/syncro-group.com\/syncro\/wp-content\/uploads\/2020\/06\/Vortix-nuovo-render-1.jpg\" \/>\n\t<meta property=\"og:image:width\" content=\"1920\" \/>\n\t<meta property=\"og:image:height\" content=\"1920\" \/>\n\t<meta property=\"og:image:type\" content=\"image\/jpeg\" \/>\n<meta name=\"twitter:card\" content=\"summary_large_image\" \/>\n<script type=\"application\/ld+json\" class=\"yoast-schema-graph\">{\"@context\":\"https:\/\/schema.org\",\"@graph\":[{\"@type\":\"WebPage\",\"@id\":\"https:\/\/syncro-group.com\/syncro\/it\/product\/cooling_booster_system\/\",\"url\":\"https:\/\/syncro-group.com\/syncro\/it\/product\/cooling_booster_system\/\",\"name\":\"Vortyx - Welcome to Syncro Group Website\",\"isPartOf\":{\"@id\":\"https:\/\/syncro-group.com\/syncro\/it\/#website\"},\"primaryImageOfPage\":{\"@id\":\"https:\/\/syncro-group.com\/syncro\/it\/product\/cooling_booster_system\/#primaryimage\"},\"image\":{\"@id\":\"https:\/\/syncro-group.com\/syncro\/it\/product\/cooling_booster_system\/#primaryimage\"},\"thumbnailUrl\":\"https:\/\/syncro-group.com\/syncro\/wp-content\/uploads\/2020\/06\/Vortix-nuovo-render-1.jpg\",\"datePublished\":\"2020-06-17T13:41:14+00:00\",\"dateModified\":\"2023-01-18T14:20:29+00:00\",\"description\":\"Vortyx is the IBC cooling booster system for blown film lines used to obtain hourly production increases and maximize the bubble stability.\",\"breadcrumb\":{\"@id\":\"https:\/\/syncro-group.com\/syncro\/it\/product\/cooling_booster_system\/#breadcrumb\"},\"inLanguage\":\"it-IT\",\"potentialAction\":[{\"@type\":\"ReadAction\",\"target\":[\"https:\/\/syncro-group.com\/syncro\/it\/product\/cooling_booster_system\/\"]}]},{\"@type\":\"ImageObject\",\"inLanguage\":\"it-IT\",\"@id\":\"https:\/\/syncro-group.com\/syncro\/it\/product\/cooling_booster_system\/#primaryimage\",\"url\":\"https:\/\/syncro-group.com\/syncro\/wp-content\/uploads\/2020\/06\/Vortix-nuovo-render-1.jpg\",\"contentUrl\":\"https:\/\/syncro-group.com\/syncro\/wp-content\/uploads\/2020\/06\/Vortix-nuovo-render-1.jpg\",\"width\":1920,\"height\":1920},{\"@type\":\"BreadcrumbList\",\"@id\":\"https:\/\/syncro-group.com\/syncro\/it\/product\/cooling_booster_system\/#breadcrumb\",\"itemListElement\":[{\"@type\":\"ListItem\",\"position\":1,\"name\":\"Home\",\"item\":\"https:\/\/syncro-group.com\/syncro\/it\/\"},{\"@type\":\"ListItem\",\"position\":2,\"name\":\"Prodotti\",\"item\":\"https:\/\/syncro-group.com\/syncro\/it\/prodotti\/\"},{\"@type\":\"ListItem\",\"position\":3,\"name\":\"Vortyx\"}]},{\"@type\":\"WebSite\",\"@id\":\"https:\/\/syncro-group.com\/syncro\/it\/#website\",\"url\":\"https:\/\/syncro-group.com\/syncro\/it\/\",\"name\":\"Welcome to Syncro Group Website\",\"description\":\"\",\"potentialAction\":[{\"@type\":\"SearchAction\",\"target\":{\"@type\":\"EntryPoint\",\"urlTemplate\":\"https:\/\/syncro-group.com\/syncro\/it\/?s={search_term_string}\"},\"query-input\":{\"@type\":\"PropertyValueSpecification\",\"valueRequired\":true,\"valueName\":\"search_term_string\"}}],\"inLanguage\":\"it-IT\"}]}<\/script>\n<!-- \/ Yoast SEO plugin. -->","yoast_head_json":{"title":"Vortyx - Welcome to Syncro Group Website","description":"Vortyx is the IBC cooling booster system for blown film lines used to obtain hourly production increases and maximize the bubble stability.","robots":{"index":"index","follow":"follow","max-snippet":"max-snippet:-1","max-image-preview":"max-image-preview:large","max-video-preview":"max-video-preview:-1"},"canonical":"https:\/\/syncro-group.com\/syncro\/it\/product\/cooling_booster_system\/","og_locale":"it_IT","og_type":"article","og_title":"Vortyx - Welcome to Syncro Group Website","og_description":"Vortyx is the IBC cooling booster system for blown film lines used to obtain hourly production increases and maximize the bubble stability.","og_url":"https:\/\/syncro-group.com\/syncro\/it\/product\/cooling_booster_system\/","og_site_name":"Welcome to Syncro Group Website","article_modified_time":"2023-01-18T14:20:29+00:00","og_image":[{"width":1920,"height":1920,"url":"https:\/\/syncro-group.com\/syncro\/wp-content\/uploads\/2020\/06\/Vortix-nuovo-render-1.jpg","type":"image\/jpeg"}],"twitter_card":"summary_large_image","schema":{"@context":"https:\/\/schema.org","@graph":[{"@type":"WebPage","@id":"https:\/\/syncro-group.com\/syncro\/it\/product\/cooling_booster_system\/","url":"https:\/\/syncro-group.com\/syncro\/it\/product\/cooling_booster_system\/","name":"Vortyx - Welcome to Syncro Group Website","isPartOf":{"@id":"https:\/\/syncro-group.com\/syncro\/it\/#website"},"primaryImageOfPage":{"@id":"https:\/\/syncro-group.com\/syncro\/it\/product\/cooling_booster_system\/#primaryimage"},"image":{"@id":"https:\/\/syncro-group.com\/syncro\/it\/product\/cooling_booster_system\/#primaryimage"},"thumbnailUrl":"https:\/\/syncro-group.com\/syncro\/wp-content\/uploads\/2020\/06\/Vortix-nuovo-render-1.jpg","datePublished":"2020-06-17T13:41:14+00:00","dateModified":"2023-01-18T14:20:29+00:00","description":"Vortyx is the IBC cooling booster system for blown film lines used to obtain hourly production increases and maximize the bubble stability.","breadcrumb":{"@id":"https:\/\/syncro-group.com\/syncro\/it\/product\/cooling_booster_system\/#breadcrumb"},"inLanguage":"it-IT","potentialAction":[{"@type":"ReadAction","target":["https:\/\/syncro-group.com\/syncro\/it\/product\/cooling_booster_system\/"]}]},{"@type":"ImageObject","inLanguage":"it-IT","@id":"https:\/\/syncro-group.com\/syncro\/it\/product\/cooling_booster_system\/#primaryimage","url":"https:\/\/syncro-group.com\/syncro\/wp-content\/uploads\/2020\/06\/Vortix-nuovo-render-1.jpg","contentUrl":"https:\/\/syncro-group.com\/syncro\/wp-content\/uploads\/2020\/06\/Vortix-nuovo-render-1.jpg","width":1920,"height":1920},{"@type":"BreadcrumbList","@id":"https:\/\/syncro-group.com\/syncro\/it\/product\/cooling_booster_system\/#breadcrumb","itemListElement":[{"@type":"ListItem","position":1,"name":"Home","item":"https:\/\/syncro-group.com\/syncro\/it\/"},{"@type":"ListItem","position":2,"name":"Prodotti","item":"https:\/\/syncro-group.com\/syncro\/it\/prodotti\/"},{"@type":"ListItem","position":3,"name":"Vortyx"}]},{"@type":"WebSite","@id":"https:\/\/syncro-group.com\/syncro\/it\/#website","url":"https:\/\/syncro-group.com\/syncro\/it\/","name":"Welcome to Syncro Group Website","description":"","potentialAction":[{"@type":"SearchAction","target":{"@type":"EntryPoint","urlTemplate":"https:\/\/syncro-group.com\/syncro\/it\/?s={search_term_string}"},"query-input":{"@type":"PropertyValueSpecification","valueRequired":true,"valueName":"search_term_string"}}],"inLanguage":"it-IT"}]}},"_links":{"self":[{"href":"https:\/\/syncro-group.com\/syncro\/it\/wp-json\/wp\/v2\/product\/2825","targetHints":{"allow":["GET"]}}],"collection":[{"href":"https:\/\/syncro-group.com\/syncro\/it\/wp-json\/wp\/v2\/product"}],"about":[{"href":"https:\/\/syncro-group.com\/syncro\/it\/wp-json\/wp\/v2\/types\/product"}],"wp:featuredmedia":[{"embeddable":true,"href":"https:\/\/syncro-group.com\/syncro\/it\/wp-json\/wp\/v2\/media\/3514"}],"wp:attachment":[{"href":"https:\/\/syncro-group.com\/syncro\/it\/wp-json\/wp\/v2\/media?parent=2825"}],"wp:term":[{"taxonomy":"product_brand","embeddable":true,"href":"https:\/\/syncro-group.com\/syncro\/it\/wp-json\/wp\/v2\/product_brand?post=2825"},{"taxonomy":"product_cat","embeddable":true,"href":"https:\/\/syncro-group.com\/syncro\/it\/wp-json\/wp\/v2\/product_cat?post=2825"},{"taxonomy":"product_tag","embeddable":true,"href":"https:\/\/syncro-group.com\/syncro\/it\/wp-json\/wp\/v2\/product_tag?post=2825"}],"curies":[{"name":"wp","href":"https:\/\/api.w.org\/{rel}","templated":true}]}}