{"id":4536,"date":"2020-12-02T11:10:29","date_gmt":"2020-12-02T10:10:29","guid":{"rendered":"https:\/\/syncro-sito.testsuite.tk\/?post_type=product&#038;p=4536"},"modified":"2025-09-30T10:42:42","modified_gmt":"2025-09-30T08:42:42","slug":"eyes","status":"publish","type":"product","link":"https:\/\/syncro-group.com\/syncro\/it\/product\/eyes\/","title":{"rendered":"Eyes"},"content":{"rendered":"<ul class=\"advantages\"><li>MODULARITA\u2019 HARDWARE - Sono disponibili diverse configurazioni di telecamere a seconda delle dimensioni dei difetti da rilevare e della velocit\u00e0 di produzione. Grazie all\u2019alta risoluzione delle telecamere e alla potenza di calcolo dei processori di ultima generazione, EYes \u00e8 in grado di rilevare difetti fino a 3 \u03bcm, impercettibili all\u2019occhio umano, e pu\u00f2 scansionare pellicole che viaggiano a velocit\u00e0 fino a 1200 m\/min. Nelle applicazioni standard, un singolo illuminatore in controluce \u00e8 sufficiente per rilevare tutti i difetti pi\u00f9 comuni della pellicola. Due ulteriori tipi di illuminatori per esigenze specifiche: L\u2019illuminatore incidente \u00e8 essenziale per i materiali scuri e per la produzione di film spessi. L\u2019illuminatore a riflessione \u00e8 utile per rilevare i difetti del rivestimento.<\/li><li>HMI & REPORT - Eyes \u00e8 dotato di un HMI intuitivo per la visualizzazione in tempo reale del processo di ispezione, compresa la mappatura 2D avanzata per l\u2019analisi dei difetti. Cataloga automaticamente i difetti e fornisce un\u2019analisi statistica, consentendo la stesura di rapporti di ispezione dettagliati e in linea con gli standard del settore per una maggiore produttivit\u00e0 e una riduzione degli scarti.<\/li><li>CONFIGURAZIONE DELLA STRUTTURA - Il sistema completo, che comprende telecamere, ottiche e illuminatori, \u00e8 montato su un telaio che attraversa la linea di produzione. Per le linee di film soffiato, sono disponibili due configurazioni distinte, tipicamente posizionate appena prima degli avvolgitori: La configurazione Twin standard consente a un singolo processore di immagini di effettuare ispezioni su due bobine contemporaneamente all\u2019interno di un telaio unificato. La pi\u00f9 recente e innovativa configurazione Winder Embedded , che integra completamente il percorso ottico della telecamera nel pavimento del mezzanino, utilizza una barra intermedia dotata di uno specchio riflettente specializzato che risolve il problema del percorso molto breve dalla separazione del film soffiato agli avvolgitori.<\/li><li>INDUSTRY 4.0 & IoT - Tutte le macchine Syncro sono pronte per essere integrate con i controlli di supervisione di terze parti e con sistemi ERP utilizzando come standard protocolli OPC-UA di ultima generazione.<\/li><\/ul>\n","protected":false},"excerpt":{"rendered":"<p class=\"p2\"><b>EYES <\/b>\u00e8 un sistema di visione per il controllo qualit\u00e0 in linea di materiali continui. Il sistema \u00e8 in grado di scansionare il 100% della superficie, rilevando e classificando ogni tipo di difetto. Eyes fornisce una mappatura completa dei difetti per ogni rotolo, consentendo di mantenere un controllo completo sulla produzione. \u00c8 ideale per linee di produzione con velocit\u00e0 superiori a 300 m\/min e risoluzioni dei difetti inferiori a 250 \u03bcm, fino a 3 \u03bcm.<\/p>\n<p class=\"p2\"><strong>Eyes<\/strong> analizza vari processi come l\u2019estrusione, il rivestimento e la laminazione di una serie di materiali come plastica, carta, vetro, metallo, gomma e membrane. Questi materiali presentano diverse propriet\u00e0 ottiche, dalla trasparenza all\u2019opacit\u00e0 e alla lucentezza. Le configurazioni di illuminazione sono adattate a queste propriet\u00e0 e ai tipi di difetti specifici da rilevare.<\/p>\n","protected":false},"featured_media":11839,"template":"","meta":{"_acf_changed":false},"product_brand":[],"product_cat":[370],"product_tag":[378,380,382,218,146,384,375],"class_list":{"0":"post-4536","1":"product","2":"type-product","3":"status-publish","4":"has-post-thumbnail","6":"product_cat-rilevamento-difetti","7":"product_tag-controllo-qualita","8":"product_tag-film-plastico-it","9":"product_tag-industria-4-0-it","10":"product_tag-iot","11":"product_tag-syncro-2","12":"product_tag-telecamera-ispezione-difetti","13":"product_tag-visione","15":"first","16":"instock","17":"shipping-taxable","18":"product-type-simple"},"acf":[],"yoast_head":"<!-- This site is optimized with the Yoast SEO plugin v26.0 - https:\/\/yoast.com\/wordpress\/plugins\/seo\/ -->\n<title>Eyes - Welcome to Syncro Group Website<\/title>\n<meta name=\"description\" content=\"EYES \u00e8 un sistema di visione per il controllo qualit\u00e0 in linea di film plastici. Le sue telecamere scansionano il film al 100% rilevando ogni tipo di difetto.\" \/>\n<meta name=\"robots\" content=\"index, follow, max-snippet:-1, max-image-preview:large, max-video-preview:-1\" \/>\n<link rel=\"canonical\" href=\"https:\/\/syncro-group.com\/syncro\/it\/product\/eyes\/\" \/>\n<meta property=\"og:locale\" content=\"it_IT\" \/>\n<meta property=\"og:type\" content=\"article\" \/>\n<meta property=\"og:title\" content=\"Eyes - Welcome to Syncro Group Website\" \/>\n<meta property=\"og:description\" content=\"EYES \u00e8 un sistema di visione per il controllo qualit\u00e0 in linea di film plastici. Le sue telecamere scansionano il film al 100% rilevando ogni tipo di difetto.\" \/>\n<meta property=\"og:url\" content=\"https:\/\/syncro-group.com\/syncro\/it\/product\/eyes\/\" \/>\n<meta property=\"og:site_name\" content=\"Welcome to Syncro Group Website\" \/>\n<meta property=\"article:modified_time\" content=\"2025-09-30T08:42:42+00:00\" \/>\n<meta property=\"og:image\" content=\"http:\/\/syncro-group.com\/syncro\/wp-content\/uploads\/2020\/12\/EYES-2024.png\" \/>\n\t<meta property=\"og:image:width\" content=\"4096\" \/>\n\t<meta property=\"og:image:height\" content=\"3276\" \/>\n\t<meta property=\"og:image:type\" content=\"image\/png\" \/>\n<meta name=\"twitter:card\" content=\"summary_large_image\" \/>\n<meta name=\"twitter:label1\" content=\"Tempo di lettura stimato\" \/>\n\t<meta name=\"twitter:data1\" content=\"1 minuto\" \/>\n<script type=\"application\/ld+json\" class=\"yoast-schema-graph\">{\"@context\":\"https:\/\/schema.org\",\"@graph\":[{\"@type\":\"WebPage\",\"@id\":\"https:\/\/syncro-group.com\/syncro\/it\/product\/eyes\/\",\"url\":\"https:\/\/syncro-group.com\/syncro\/it\/product\/eyes\/\",\"name\":\"Eyes - Welcome to Syncro Group Website\",\"isPartOf\":{\"@id\":\"https:\/\/syncro-group.com\/syncro\/it\/#website\"},\"primaryImageOfPage\":{\"@id\":\"https:\/\/syncro-group.com\/syncro\/it\/product\/eyes\/#primaryimage\"},\"image\":{\"@id\":\"https:\/\/syncro-group.com\/syncro\/it\/product\/eyes\/#primaryimage\"},\"thumbnailUrl\":\"https:\/\/syncro-group.com\/syncro\/wp-content\/uploads\/2020\/12\/EYES-2024.png\",\"datePublished\":\"2020-12-02T10:10:29+00:00\",\"dateModified\":\"2025-09-30T08:42:42+00:00\",\"description\":\"EYES \u00e8 un sistema di visione per il controllo qualit\u00e0 in linea di film plastici. Le sue telecamere scansionano il film al 100% rilevando ogni tipo di difetto.\",\"breadcrumb\":{\"@id\":\"https:\/\/syncro-group.com\/syncro\/it\/product\/eyes\/#breadcrumb\"},\"inLanguage\":\"it-IT\",\"potentialAction\":[{\"@type\":\"ReadAction\",\"target\":[\"https:\/\/syncro-group.com\/syncro\/it\/product\/eyes\/\"]}]},{\"@type\":\"ImageObject\",\"inLanguage\":\"it-IT\",\"@id\":\"https:\/\/syncro-group.com\/syncro\/it\/product\/eyes\/#primaryimage\",\"url\":\"https:\/\/syncro-group.com\/syncro\/wp-content\/uploads\/2020\/12\/EYES-2024.png\",\"contentUrl\":\"https:\/\/syncro-group.com\/syncro\/wp-content\/uploads\/2020\/12\/EYES-2024.png\",\"width\":4096,\"height\":3276},{\"@type\":\"BreadcrumbList\",\"@id\":\"https:\/\/syncro-group.com\/syncro\/it\/product\/eyes\/#breadcrumb\",\"itemListElement\":[{\"@type\":\"ListItem\",\"position\":1,\"name\":\"Home\",\"item\":\"https:\/\/syncro-group.com\/syncro\/it\/\"},{\"@type\":\"ListItem\",\"position\":2,\"name\":\"Prodotti\",\"item\":\"https:\/\/syncro-group.com\/syncro\/it\/prodotti\/\"},{\"@type\":\"ListItem\",\"position\":3,\"name\":\"Eyes\"}]},{\"@type\":\"WebSite\",\"@id\":\"https:\/\/syncro-group.com\/syncro\/it\/#website\",\"url\":\"https:\/\/syncro-group.com\/syncro\/it\/\",\"name\":\"Welcome to Syncro Group Website\",\"description\":\"\",\"potentialAction\":[{\"@type\":\"SearchAction\",\"target\":{\"@type\":\"EntryPoint\",\"urlTemplate\":\"https:\/\/syncro-group.com\/syncro\/it\/?s={search_term_string}\"},\"query-input\":{\"@type\":\"PropertyValueSpecification\",\"valueRequired\":true,\"valueName\":\"search_term_string\"}}],\"inLanguage\":\"it-IT\"}]}<\/script>\n<!-- \/ Yoast SEO plugin. -->","yoast_head_json":{"title":"Eyes - Welcome to Syncro Group Website","description":"EYES \u00e8 un sistema di visione per il controllo qualit\u00e0 in linea di film plastici. Le sue telecamere scansionano il film al 100% rilevando ogni tipo di difetto.","robots":{"index":"index","follow":"follow","max-snippet":"max-snippet:-1","max-image-preview":"max-image-preview:large","max-video-preview":"max-video-preview:-1"},"canonical":"https:\/\/syncro-group.com\/syncro\/it\/product\/eyes\/","og_locale":"it_IT","og_type":"article","og_title":"Eyes - Welcome to Syncro Group Website","og_description":"EYES \u00e8 un sistema di visione per il controllo qualit\u00e0 in linea di film plastici. Le sue telecamere scansionano il film al 100% rilevando ogni tipo di difetto.","og_url":"https:\/\/syncro-group.com\/syncro\/it\/product\/eyes\/","og_site_name":"Welcome to Syncro Group Website","article_modified_time":"2025-09-30T08:42:42+00:00","og_image":[{"width":4096,"height":3276,"url":"http:\/\/syncro-group.com\/syncro\/wp-content\/uploads\/2020\/12\/EYES-2024.png","type":"image\/png"}],"twitter_card":"summary_large_image","twitter_misc":{"Tempo di lettura stimato":"1 minuto"},"schema":{"@context":"https:\/\/schema.org","@graph":[{"@type":"WebPage","@id":"https:\/\/syncro-group.com\/syncro\/it\/product\/eyes\/","url":"https:\/\/syncro-group.com\/syncro\/it\/product\/eyes\/","name":"Eyes - Welcome to Syncro Group Website","isPartOf":{"@id":"https:\/\/syncro-group.com\/syncro\/it\/#website"},"primaryImageOfPage":{"@id":"https:\/\/syncro-group.com\/syncro\/it\/product\/eyes\/#primaryimage"},"image":{"@id":"https:\/\/syncro-group.com\/syncro\/it\/product\/eyes\/#primaryimage"},"thumbnailUrl":"https:\/\/syncro-group.com\/syncro\/wp-content\/uploads\/2020\/12\/EYES-2024.png","datePublished":"2020-12-02T10:10:29+00:00","dateModified":"2025-09-30T08:42:42+00:00","description":"EYES \u00e8 un sistema di visione per il controllo qualit\u00e0 in linea di film plastici. Le sue telecamere scansionano il film al 100% rilevando ogni tipo di difetto.","breadcrumb":{"@id":"https:\/\/syncro-group.com\/syncro\/it\/product\/eyes\/#breadcrumb"},"inLanguage":"it-IT","potentialAction":[{"@type":"ReadAction","target":["https:\/\/syncro-group.com\/syncro\/it\/product\/eyes\/"]}]},{"@type":"ImageObject","inLanguage":"it-IT","@id":"https:\/\/syncro-group.com\/syncro\/it\/product\/eyes\/#primaryimage","url":"https:\/\/syncro-group.com\/syncro\/wp-content\/uploads\/2020\/12\/EYES-2024.png","contentUrl":"https:\/\/syncro-group.com\/syncro\/wp-content\/uploads\/2020\/12\/EYES-2024.png","width":4096,"height":3276},{"@type":"BreadcrumbList","@id":"https:\/\/syncro-group.com\/syncro\/it\/product\/eyes\/#breadcrumb","itemListElement":[{"@type":"ListItem","position":1,"name":"Home","item":"https:\/\/syncro-group.com\/syncro\/it\/"},{"@type":"ListItem","position":2,"name":"Prodotti","item":"https:\/\/syncro-group.com\/syncro\/it\/prodotti\/"},{"@type":"ListItem","position":3,"name":"Eyes"}]},{"@type":"WebSite","@id":"https:\/\/syncro-group.com\/syncro\/it\/#website","url":"https:\/\/syncro-group.com\/syncro\/it\/","name":"Welcome to Syncro Group Website","description":"","potentialAction":[{"@type":"SearchAction","target":{"@type":"EntryPoint","urlTemplate":"https:\/\/syncro-group.com\/syncro\/it\/?s={search_term_string}"},"query-input":{"@type":"PropertyValueSpecification","valueRequired":true,"valueName":"search_term_string"}}],"inLanguage":"it-IT"}]}},"_links":{"self":[{"href":"https:\/\/syncro-group.com\/syncro\/it\/wp-json\/wp\/v2\/product\/4536","targetHints":{"allow":["GET"]}}],"collection":[{"href":"https:\/\/syncro-group.com\/syncro\/it\/wp-json\/wp\/v2\/product"}],"about":[{"href":"https:\/\/syncro-group.com\/syncro\/it\/wp-json\/wp\/v2\/types\/product"}],"wp:featuredmedia":[{"embeddable":true,"href":"https:\/\/syncro-group.com\/syncro\/it\/wp-json\/wp\/v2\/media\/11839"}],"wp:attachment":[{"href":"https:\/\/syncro-group.com\/syncro\/it\/wp-json\/wp\/v2\/media?parent=4536"}],"wp:term":[{"taxonomy":"product_brand","embeddable":true,"href":"https:\/\/syncro-group.com\/syncro\/it\/wp-json\/wp\/v2\/product_brand?post=4536"},{"taxonomy":"product_cat","embeddable":true,"href":"https:\/\/syncro-group.com\/syncro\/it\/wp-json\/wp\/v2\/product_cat?post=4536"},{"taxonomy":"product_tag","embeddable":true,"href":"https:\/\/syncro-group.com\/syncro\/it\/wp-json\/wp\/v2\/product_tag?post=4536"}],"curies":[{"name":"wp","href":"https:\/\/api.w.org\/{rel}","templated":true}]}}