{"id":810,"date":"2020-02-12T17:49:42","date_gmt":"2020-02-12T16:49:42","guid":{"rendered":"https:\/\/syncro-sito.testsuite.tk\/?post_type=product&#038;p=810"},"modified":"2024-06-06T16:48:00","modified_gmt":"2024-06-06T14:48:00","slug":"gygablend-dosatore-gravimetrico","status":"publish","type":"product","link":"https:\/\/syncro-group.com\/syncro\/it\/product\/gygablend-dosatore-gravimetrico\/","title":{"rendered":"Gygablend"},"content":{"rendered":"<ul class=\"advantages\"><li>PULIZIA RAPIDA - GYgablend ha tutte le tramogge gravimetriche facilmente drenabili per rendere le operazioni di pulizia e cambio ricetta estremamente semplici e veloci per l\u2019operatore.<\/li><li>MISCELAZIONE - Grazie alla combinazione tra il dosaggio contemporaneo di tutti i componenti e le geometrie speciali del mixer verticale il GYgablend garantisce una eccellete qualit\u00e0 di miscelazione.<\/li><li>HMI - GYgablend \u00e8 equipaggiato da un pannello di controllo HMI touch screen da 5,7\u201d dedicato (disponibile anche da 7\u201d e 10,4\u201d) dal quale l\u2019operatore pu\u00f2, in modo intuitivo e semplice, impostare parametri, calibrare le celle di carico e controllare gli allarmi.<\/li><li>ASSISTENZA REMOTA - Il pannello di controllo del GYgablend \u00e8 dotato di VNC per offrire assistenza e monitoraggio remoto attraverso una connessione internet o ethernet.<\/li><li>PNEUMATICA - Un innovativo sistema digitale di controllo dei componenti pneumatici connesso direttamente al PLC attraverso una porta seriale garantisce una estrema semplicit\u00e0 di installazione e gestione della risoluzione di possibili problematiche. Questa soluzione modulare garantisce la possibilit\u00e0 di implementare il numero dei componenti in ogni momento.<\/li><li>SISTEMA DI TRASPORTO - Gygablend pu\u00f2 essere fornito insieme ad un sistema di trasporto centralizzato integrato controllato dallo stesso PLC del miscelatore.<\/li><li>MODULARIT\u00c0 - Grazie al suo design Gygablend pu\u00f2 essere aggiornato in futuro per consentire la possibilit\u00e0 di miscelare componenti aggiuntivi, fino ad un massimo di 6 componenti.<\/li><li>PLC, INDUSTRIA 4.0 E IoT - Gygablend \u00e8 equipaggiato da un PLC con protocollo OPC-UA per l\u2019industria 4.0.<\/li><\/ul>\n","protected":false},"excerpt":{"rendered":"<p><strong>GYGABLEND<\/strong> \u00e8 un dosatore a batch a perdita di peso fuori linea progettato per miscelare diversi componenti simultaneamente, ed \u00e8 dedicato a quei processi produttivi dove l\u2019omogeneit\u00e0 di miscelazione \u00e8 critica per l\u2019ottenimento di un prodotto di qualit\u00e0. Gygablend \u00e8 stato progettato per dosare basse ed alte percentuali di materiale in processi dove sono richieste portate elevate.<\/p>\n","protected":false},"featured_media":4065,"template":"","meta":{"_acf_changed":false},"product_brand":[],"product_cat":[85],"product_tag":[95,94,208,203,206,201,194,196,188,176,178,218,192,216,214,212,146],"class_list":{"0":"post-810","1":"product","2":"type-product","3":"status-publish","4":"has-post-thumbnail","6":"product_cat-dosaggio-miscelazione","7":"product_tag-bobina","8":"product_tag-bolla","9":"product_tag-controllo-peso-metro","10":"product_tag-controllo-portata-estrusore","11":"product_tag-controllo-strati","12":"product_tag-dosaggio-flake","13":"product_tag-dosaggio-foglia","14":"product_tag-dosaggio-granulo","15":"product_tag-dosatore-gravimetrico-a-batch","16":"product_tag-film-plastico","17":"product_tag-industria-4-0","18":"product_tag-iot","19":"product_tag-linea-di-estrusione","20":"product_tag-opc-ua-3","21":"product_tag-perdita-di-peso","22":"product_tag-sistema-di-dosaggio-a-perdita-di-peso","23":"product_tag-syncro-2","25":"first","26":"instock","27":"shipping-taxable","28":"product-type-simple"},"acf":[],"yoast_head":"<!-- This site is optimized with the Yoast SEO plugin v26.0 - https:\/\/yoast.com\/wordpress\/plugins\/seo\/ -->\n<title>Gygablend - Welcome to Syncro Group Website<\/title>\n<meta name=\"description\" content=\"GYGABLEND \u00e8 un dosatore batch a perdita di peso fuori linea progettato per miscelare diversi componenti simultaneamente dove sono richieste portate elevate.\" \/>\n<meta name=\"robots\" content=\"index, follow, max-snippet:-1, max-image-preview:large, max-video-preview:-1\" \/>\n<link rel=\"canonical\" href=\"https:\/\/syncro-group.com\/syncro\/it\/product\/gygablend-dosatore-gravimetrico\/\" \/>\n<meta property=\"og:locale\" content=\"it_IT\" \/>\n<meta property=\"og:type\" content=\"article\" \/>\n<meta property=\"og:title\" content=\"Gygablend - Welcome to Syncro Group Website\" \/>\n<meta property=\"og:description\" content=\"GYGABLEND \u00e8 un dosatore batch a perdita di peso fuori linea progettato per miscelare diversi componenti simultaneamente dove sono richieste portate elevate.\" \/>\n<meta property=\"og:url\" content=\"https:\/\/syncro-group.com\/syncro\/it\/product\/gygablend-dosatore-gravimetrico\/\" \/>\n<meta property=\"og:site_name\" content=\"Welcome to Syncro Group Website\" \/>\n<meta property=\"article:modified_time\" content=\"2024-06-06T14:48:00+00:00\" \/>\n<meta property=\"og:image\" content=\"https:\/\/syncro-group.com\/syncro\/wp-content\/uploads\/2020\/02\/Gygablend-quadrato-1024.jpg\" \/>\n\t<meta property=\"og:image:width\" content=\"1024\" \/>\n\t<meta property=\"og:image:height\" content=\"1024\" \/>\n\t<meta property=\"og:image:type\" content=\"image\/jpeg\" \/>\n<meta name=\"twitter:card\" content=\"summary_large_image\" \/>\n<script type=\"application\/ld+json\" class=\"yoast-schema-graph\">{\"@context\":\"https:\/\/schema.org\",\"@graph\":[{\"@type\":\"WebPage\",\"@id\":\"https:\/\/syncro-group.com\/syncro\/it\/product\/gygablend-dosatore-gravimetrico\/\",\"url\":\"https:\/\/syncro-group.com\/syncro\/it\/product\/gygablend-dosatore-gravimetrico\/\",\"name\":\"Gygablend - Welcome to Syncro Group Website\",\"isPartOf\":{\"@id\":\"https:\/\/syncro-group.com\/syncro\/it\/#website\"},\"primaryImageOfPage\":{\"@id\":\"https:\/\/syncro-group.com\/syncro\/it\/product\/gygablend-dosatore-gravimetrico\/#primaryimage\"},\"image\":{\"@id\":\"https:\/\/syncro-group.com\/syncro\/it\/product\/gygablend-dosatore-gravimetrico\/#primaryimage\"},\"thumbnailUrl\":\"https:\/\/syncro-group.com\/syncro\/wp-content\/uploads\/2020\/02\/Gygablend-quadrato-1024.jpg\",\"datePublished\":\"2020-02-12T16:49:42+00:00\",\"dateModified\":\"2024-06-06T14:48:00+00:00\",\"description\":\"GYGABLEND \u00e8 un dosatore batch a perdita di peso fuori linea progettato per miscelare diversi componenti simultaneamente dove sono richieste portate elevate.\",\"breadcrumb\":{\"@id\":\"https:\/\/syncro-group.com\/syncro\/it\/product\/gygablend-dosatore-gravimetrico\/#breadcrumb\"},\"inLanguage\":\"it-IT\",\"potentialAction\":[{\"@type\":\"ReadAction\",\"target\":[\"https:\/\/syncro-group.com\/syncro\/it\/product\/gygablend-dosatore-gravimetrico\/\"]}]},{\"@type\":\"ImageObject\",\"inLanguage\":\"it-IT\",\"@id\":\"https:\/\/syncro-group.com\/syncro\/it\/product\/gygablend-dosatore-gravimetrico\/#primaryimage\",\"url\":\"https:\/\/syncro-group.com\/syncro\/wp-content\/uploads\/2020\/02\/Gygablend-quadrato-1024.jpg\",\"contentUrl\":\"https:\/\/syncro-group.com\/syncro\/wp-content\/uploads\/2020\/02\/Gygablend-quadrato-1024.jpg\",\"width\":1024,\"height\":1024},{\"@type\":\"BreadcrumbList\",\"@id\":\"https:\/\/syncro-group.com\/syncro\/it\/product\/gygablend-dosatore-gravimetrico\/#breadcrumb\",\"itemListElement\":[{\"@type\":\"ListItem\",\"position\":1,\"name\":\"Home\",\"item\":\"https:\/\/syncro-group.com\/syncro\/it\/\"},{\"@type\":\"ListItem\",\"position\":2,\"name\":\"Prodotti\",\"item\":\"https:\/\/syncro-group.com\/syncro\/it\/prodotti\/\"},{\"@type\":\"ListItem\",\"position\":3,\"name\":\"Gygablend\"}]},{\"@type\":\"WebSite\",\"@id\":\"https:\/\/syncro-group.com\/syncro\/it\/#website\",\"url\":\"https:\/\/syncro-group.com\/syncro\/it\/\",\"name\":\"Welcome to Syncro Group Website\",\"description\":\"\",\"potentialAction\":[{\"@type\":\"SearchAction\",\"target\":{\"@type\":\"EntryPoint\",\"urlTemplate\":\"https:\/\/syncro-group.com\/syncro\/it\/?s={search_term_string}\"},\"query-input\":{\"@type\":\"PropertyValueSpecification\",\"valueRequired\":true,\"valueName\":\"search_term_string\"}}],\"inLanguage\":\"it-IT\"}]}<\/script>\n<!-- \/ Yoast SEO plugin. -->","yoast_head_json":{"title":"Gygablend - Welcome to Syncro Group Website","description":"GYGABLEND \u00e8 un dosatore batch a perdita di peso fuori linea progettato per miscelare diversi componenti simultaneamente dove sono richieste portate elevate.","robots":{"index":"index","follow":"follow","max-snippet":"max-snippet:-1","max-image-preview":"max-image-preview:large","max-video-preview":"max-video-preview:-1"},"canonical":"https:\/\/syncro-group.com\/syncro\/it\/product\/gygablend-dosatore-gravimetrico\/","og_locale":"it_IT","og_type":"article","og_title":"Gygablend - Welcome to Syncro Group Website","og_description":"GYGABLEND \u00e8 un dosatore batch a perdita di peso fuori linea progettato per miscelare diversi componenti simultaneamente dove sono richieste portate elevate.","og_url":"https:\/\/syncro-group.com\/syncro\/it\/product\/gygablend-dosatore-gravimetrico\/","og_site_name":"Welcome to Syncro Group Website","article_modified_time":"2024-06-06T14:48:00+00:00","og_image":[{"width":1024,"height":1024,"url":"https:\/\/syncro-group.com\/syncro\/wp-content\/uploads\/2020\/02\/Gygablend-quadrato-1024.jpg","type":"image\/jpeg"}],"twitter_card":"summary_large_image","schema":{"@context":"https:\/\/schema.org","@graph":[{"@type":"WebPage","@id":"https:\/\/syncro-group.com\/syncro\/it\/product\/gygablend-dosatore-gravimetrico\/","url":"https:\/\/syncro-group.com\/syncro\/it\/product\/gygablend-dosatore-gravimetrico\/","name":"Gygablend - Welcome to Syncro Group Website","isPartOf":{"@id":"https:\/\/syncro-group.com\/syncro\/it\/#website"},"primaryImageOfPage":{"@id":"https:\/\/syncro-group.com\/syncro\/it\/product\/gygablend-dosatore-gravimetrico\/#primaryimage"},"image":{"@id":"https:\/\/syncro-group.com\/syncro\/it\/product\/gygablend-dosatore-gravimetrico\/#primaryimage"},"thumbnailUrl":"https:\/\/syncro-group.com\/syncro\/wp-content\/uploads\/2020\/02\/Gygablend-quadrato-1024.jpg","datePublished":"2020-02-12T16:49:42+00:00","dateModified":"2024-06-06T14:48:00+00:00","description":"GYGABLEND \u00e8 un dosatore batch a perdita di peso fuori linea progettato per miscelare diversi componenti simultaneamente dove sono richieste portate elevate.","breadcrumb":{"@id":"https:\/\/syncro-group.com\/syncro\/it\/product\/gygablend-dosatore-gravimetrico\/#breadcrumb"},"inLanguage":"it-IT","potentialAction":[{"@type":"ReadAction","target":["https:\/\/syncro-group.com\/syncro\/it\/product\/gygablend-dosatore-gravimetrico\/"]}]},{"@type":"ImageObject","inLanguage":"it-IT","@id":"https:\/\/syncro-group.com\/syncro\/it\/product\/gygablend-dosatore-gravimetrico\/#primaryimage","url":"https:\/\/syncro-group.com\/syncro\/wp-content\/uploads\/2020\/02\/Gygablend-quadrato-1024.jpg","contentUrl":"https:\/\/syncro-group.com\/syncro\/wp-content\/uploads\/2020\/02\/Gygablend-quadrato-1024.jpg","width":1024,"height":1024},{"@type":"BreadcrumbList","@id":"https:\/\/syncro-group.com\/syncro\/it\/product\/gygablend-dosatore-gravimetrico\/#breadcrumb","itemListElement":[{"@type":"ListItem","position":1,"name":"Home","item":"https:\/\/syncro-group.com\/syncro\/it\/"},{"@type":"ListItem","position":2,"name":"Prodotti","item":"https:\/\/syncro-group.com\/syncro\/it\/prodotti\/"},{"@type":"ListItem","position":3,"name":"Gygablend"}]},{"@type":"WebSite","@id":"https:\/\/syncro-group.com\/syncro\/it\/#website","url":"https:\/\/syncro-group.com\/syncro\/it\/","name":"Welcome to Syncro Group Website","description":"","potentialAction":[{"@type":"SearchAction","target":{"@type":"EntryPoint","urlTemplate":"https:\/\/syncro-group.com\/syncro\/it\/?s={search_term_string}"},"query-input":{"@type":"PropertyValueSpecification","valueRequired":true,"valueName":"search_term_string"}}],"inLanguage":"it-IT"}]}},"_links":{"self":[{"href":"https:\/\/syncro-group.com\/syncro\/it\/wp-json\/wp\/v2\/product\/810","targetHints":{"allow":["GET"]}}],"collection":[{"href":"https:\/\/syncro-group.com\/syncro\/it\/wp-json\/wp\/v2\/product"}],"about":[{"href":"https:\/\/syncro-group.com\/syncro\/it\/wp-json\/wp\/v2\/types\/product"}],"wp:featuredmedia":[{"embeddable":true,"href":"https:\/\/syncro-group.com\/syncro\/it\/wp-json\/wp\/v2\/media\/4065"}],"wp:attachment":[{"href":"https:\/\/syncro-group.com\/syncro\/it\/wp-json\/wp\/v2\/media?parent=810"}],"wp:term":[{"taxonomy":"product_brand","embeddable":true,"href":"https:\/\/syncro-group.com\/syncro\/it\/wp-json\/wp\/v2\/product_brand?post=810"},{"taxonomy":"product_cat","embeddable":true,"href":"https:\/\/syncro-group.com\/syncro\/it\/wp-json\/wp\/v2\/product_cat?post=810"},{"taxonomy":"product_tag","embeddable":true,"href":"https:\/\/syncro-group.com\/syncro\/it\/wp-json\/wp\/v2\/product_tag?post=810"}],"curies":[{"name":"wp","href":"https:\/\/api.w.org\/{rel}","templated":true}]}}