{"id":830,"date":"2020-02-12T18:00:19","date_gmt":"2020-02-12T17:00:19","guid":{"rendered":"https:\/\/syncro-sito.testsuite.tk\/?post_type=product&#038;p=830"},"modified":"2025-10-31T10:49:14","modified_gmt":"2025-10-31T09:49:14","slug":"yronflat-sistema-di-ricottura","status":"publish","type":"product","link":"https:\/\/syncro-group.com\/syncro\/it\/product\/yronflat-sistema-di-ricottura\/","title":{"rendered":"Yronflat"},"content":{"rendered":"<p>&nbsp;<\/p>\n<ul class=\"advantages\"><li>REGOLAZIONE ELETTRONICA\tDEL GAP DI ALLUNGAMENTO - Con Yronflat si pu\u00f2 impostare il valore di allungamento del film e la distanza dei rulli che determinano il tempo di stiramento. L\u2019entit\u00e0 impostando la velocit\u00e0 dei rulli motorizzati. La velocit\u00e0 e lo spazio della deformazione regolando la distanza tra i rulli che stirano il film. Tutti i parametri del processo (velocit\u00e0 e distanza) possono essere impostati da pannello di controllo o richiamati, previo salvataggio, da ricetta di lavoro.<\/li><li>RULLI MOTORIZZATI E TERMOREGOLATI - Yronflat ha quattro cilindri motorizzati e termoregolati ad acqua (pompe e centraline di termoregolazione possono essere fornite in opzione). La temperatura e la velocit\u00e0 dei rulli \u00e8 impostabile in modo indipendente a garanzia di massima flessibilit\u00e0 di regolazione del trattamento termico e dell\u2019allungamento del film.<\/li><li>SISTEMA DI INCORSAMENTO SEMI-AUTOMATICO DEL FILM - Yronflat \u00e8 dotato di un sistema di incorsamento a catena motorizzata di una fune di trazione per facilitare l\u2019operazione di passaggio del film tra i rulli in fase di avviamento.<\/li><li>DOPPIA POSSIBILIT\u00c0 DI INCORSAMENTO DEL FILM - Yronflat prevede direzione di entrata ed uscita del materiale libera (sia verticale che orizzontale) per offrire massima flessibilit\u00e0 di installazione della macchina nella linea di estrusione.<\/li><li>BYPASS - Per le lavorazioni che non necessitano di ricottura, Yronflat prevede un percorso di by-pass esterno al gruppo stesso.<\/li><li>SEMPLICITA\u2019 DI INSTALLAZIONE - L\u2019Yronflat viene posizionato ed installato dopo il traino su linee gi\u00e0 esistenti senza la necessit\u00e0 di alcun intervento invasivo sulla linea.<\/li><li>MANTENIMENTO DEL PROFILO - Yronflat non ha effetti negativi sul profilo di spessore del film e non ha finalit\u00e0 di suoi miglioramenti.<\/li><li>INDUSTRY 4.0 & IoT - Il sistema di controllo e gestione dell\u2019Yronflat \u00e8 predisposto con protocollo OPC-UA per l\u2019Industria 4.0.<\/li><\/ul>\n","protected":false},"excerpt":{"rendered":"<p><strong>YRONFLAT <\/strong>\u00e8 un sistema automatico di ricottura, allungamento e distensione del film dedicato ad attenuare difetti di planarit\u00e0, curvatura longitudinale e arricciamento di prodotti soffiati in bolla spesso dovuti a disallineamenti dei rulli di trazione e guida, contatti della bolla nei piani di appiattimento, raffreddamento differenziale dei vari materiali costituenti gli strati del film. I film trattati con Yronflat aumentano significativamente le prestazioni delle lavorazioni a valle del tipo qualit\u00e0 e velocit\u00e0 di stampa, qualit\u00e0 e velocit\u00e0 di accoppiamento.<\/p>\n<p>Yronflat riscalda il film, lo allunga (1-3%) in modo permanente in direzione macchina e lo raffredda con gradualit\u00e0 utilizzando 4 rulli motorizzati e termoregolati individualmente.<\/p>\n","protected":false},"featured_media":4113,"template":"","meta":{"_acf_changed":false},"product_brand":[],"product_cat":[90],"product_tag":[95,94,260,146],"class_list":{"0":"post-830","1":"product","2":"type-product","3":"status-publish","4":"has-post-thumbnail","6":"product_cat-planarita-film","7":"product_tag-bobina","8":"product_tag-bolla","9":"product_tag-planarita-per-film","10":"product_tag-syncro-2","12":"first","13":"instock","14":"shipping-taxable","15":"product-type-simple"},"acf":[],"yoast_head":"<!-- This site is optimized with the Yoast SEO plugin v26.0 - https:\/\/yoast.com\/wordpress\/plugins\/seo\/ -->\n<title>Yronflat - Welcome to Syncro Group Website<\/title>\n<meta name=\"description\" content=\"YRONFLAT \u00e8 un sistema automatico di ricottura, allungamento e distensione del film ottenuto da processi in bolla per attenuarne possibili difetti.\" \/>\n<meta name=\"robots\" content=\"index, follow, max-snippet:-1, max-image-preview:large, max-video-preview:-1\" \/>\n<link rel=\"canonical\" href=\"https:\/\/syncro-group.com\/syncro\/it\/product\/yronflat-sistema-di-ricottura\/\" \/>\n<meta property=\"og:locale\" content=\"it_IT\" \/>\n<meta property=\"og:type\" content=\"article\" \/>\n<meta property=\"og:title\" content=\"Yronflat - Welcome to Syncro Group Website\" \/>\n<meta property=\"og:description\" content=\"YRONFLAT \u00e8 un sistema automatico di ricottura, allungamento e distensione del film ottenuto da processi in bolla per attenuarne possibili difetti.\" \/>\n<meta property=\"og:url\" content=\"https:\/\/syncro-group.com\/syncro\/it\/product\/yronflat-sistema-di-ricottura\/\" \/>\n<meta property=\"og:site_name\" content=\"Welcome to Syncro Group Website\" \/>\n<meta property=\"article:modified_time\" content=\"2025-10-31T09:49:14+00:00\" \/>\n<meta property=\"og:image\" content=\"http:\/\/syncro-group.com\/syncro\/wp-content\/uploads\/2020\/02\/Yronflat-MAIN-1024-1024.jpg\" \/>\n\t<meta property=\"og:image:width\" content=\"1024\" \/>\n\t<meta property=\"og:image:height\" content=\"1024\" \/>\n\t<meta property=\"og:image:type\" content=\"image\/jpeg\" \/>\n<meta name=\"twitter:card\" content=\"summary_large_image\" \/>\n<meta name=\"twitter:label1\" content=\"Tempo di lettura stimato\" \/>\n\t<meta name=\"twitter:data1\" content=\"1 minuto\" \/>\n<script type=\"application\/ld+json\" class=\"yoast-schema-graph\">{\"@context\":\"https:\/\/schema.org\",\"@graph\":[{\"@type\":\"WebPage\",\"@id\":\"https:\/\/syncro-group.com\/syncro\/it\/product\/yronflat-sistema-di-ricottura\/\",\"url\":\"https:\/\/syncro-group.com\/syncro\/it\/product\/yronflat-sistema-di-ricottura\/\",\"name\":\"Yronflat - Welcome to Syncro Group Website\",\"isPartOf\":{\"@id\":\"https:\/\/syncro-group.com\/syncro\/it\/#website\"},\"primaryImageOfPage\":{\"@id\":\"https:\/\/syncro-group.com\/syncro\/it\/product\/yronflat-sistema-di-ricottura\/#primaryimage\"},\"image\":{\"@id\":\"https:\/\/syncro-group.com\/syncro\/it\/product\/yronflat-sistema-di-ricottura\/#primaryimage\"},\"thumbnailUrl\":\"https:\/\/syncro-group.com\/syncro\/wp-content\/uploads\/2020\/02\/Yronflat-MAIN-1024-1024.jpg\",\"datePublished\":\"2020-02-12T17:00:19+00:00\",\"dateModified\":\"2025-10-31T09:49:14+00:00\",\"description\":\"YRONFLAT \u00e8 un sistema automatico di ricottura, allungamento e distensione del film ottenuto da processi in bolla per attenuarne possibili difetti.\",\"breadcrumb\":{\"@id\":\"https:\/\/syncro-group.com\/syncro\/it\/product\/yronflat-sistema-di-ricottura\/#breadcrumb\"},\"inLanguage\":\"it-IT\",\"potentialAction\":[{\"@type\":\"ReadAction\",\"target\":[\"https:\/\/syncro-group.com\/syncro\/it\/product\/yronflat-sistema-di-ricottura\/\"]}]},{\"@type\":\"ImageObject\",\"inLanguage\":\"it-IT\",\"@id\":\"https:\/\/syncro-group.com\/syncro\/it\/product\/yronflat-sistema-di-ricottura\/#primaryimage\",\"url\":\"https:\/\/syncro-group.com\/syncro\/wp-content\/uploads\/2020\/02\/Yronflat-MAIN-1024-1024.jpg\",\"contentUrl\":\"https:\/\/syncro-group.com\/syncro\/wp-content\/uploads\/2020\/02\/Yronflat-MAIN-1024-1024.jpg\",\"width\":1024,\"height\":1024},{\"@type\":\"BreadcrumbList\",\"@id\":\"https:\/\/syncro-group.com\/syncro\/it\/product\/yronflat-sistema-di-ricottura\/#breadcrumb\",\"itemListElement\":[{\"@type\":\"ListItem\",\"position\":1,\"name\":\"Home\",\"item\":\"https:\/\/syncro-group.com\/syncro\/it\/\"},{\"@type\":\"ListItem\",\"position\":2,\"name\":\"Prodotti\",\"item\":\"https:\/\/syncro-group.com\/syncro\/it\/prodotti\/\"},{\"@type\":\"ListItem\",\"position\":3,\"name\":\"Yronflat\"}]},{\"@type\":\"WebSite\",\"@id\":\"https:\/\/syncro-group.com\/syncro\/it\/#website\",\"url\":\"https:\/\/syncro-group.com\/syncro\/it\/\",\"name\":\"Welcome to Syncro Group Website\",\"description\":\"\",\"potentialAction\":[{\"@type\":\"SearchAction\",\"target\":{\"@type\":\"EntryPoint\",\"urlTemplate\":\"https:\/\/syncro-group.com\/syncro\/it\/?s={search_term_string}\"},\"query-input\":{\"@type\":\"PropertyValueSpecification\",\"valueRequired\":true,\"valueName\":\"search_term_string\"}}],\"inLanguage\":\"it-IT\"}]}<\/script>\n<!-- \/ Yoast SEO plugin. -->","yoast_head_json":{"title":"Yronflat - Welcome to Syncro Group Website","description":"YRONFLAT \u00e8 un sistema automatico di ricottura, allungamento e distensione del film ottenuto da processi in bolla per attenuarne possibili difetti.","robots":{"index":"index","follow":"follow","max-snippet":"max-snippet:-1","max-image-preview":"max-image-preview:large","max-video-preview":"max-video-preview:-1"},"canonical":"https:\/\/syncro-group.com\/syncro\/it\/product\/yronflat-sistema-di-ricottura\/","og_locale":"it_IT","og_type":"article","og_title":"Yronflat - Welcome to Syncro Group Website","og_description":"YRONFLAT \u00e8 un sistema automatico di ricottura, allungamento e distensione del film ottenuto da processi in bolla per attenuarne possibili difetti.","og_url":"https:\/\/syncro-group.com\/syncro\/it\/product\/yronflat-sistema-di-ricottura\/","og_site_name":"Welcome to Syncro Group Website","article_modified_time":"2025-10-31T09:49:14+00:00","og_image":[{"width":1024,"height":1024,"url":"http:\/\/syncro-group.com\/syncro\/wp-content\/uploads\/2020\/02\/Yronflat-MAIN-1024-1024.jpg","type":"image\/jpeg"}],"twitter_card":"summary_large_image","twitter_misc":{"Tempo di lettura stimato":"1 minuto"},"schema":{"@context":"https:\/\/schema.org","@graph":[{"@type":"WebPage","@id":"https:\/\/syncro-group.com\/syncro\/it\/product\/yronflat-sistema-di-ricottura\/","url":"https:\/\/syncro-group.com\/syncro\/it\/product\/yronflat-sistema-di-ricottura\/","name":"Yronflat - Welcome to Syncro Group Website","isPartOf":{"@id":"https:\/\/syncro-group.com\/syncro\/it\/#website"},"primaryImageOfPage":{"@id":"https:\/\/syncro-group.com\/syncro\/it\/product\/yronflat-sistema-di-ricottura\/#primaryimage"},"image":{"@id":"https:\/\/syncro-group.com\/syncro\/it\/product\/yronflat-sistema-di-ricottura\/#primaryimage"},"thumbnailUrl":"https:\/\/syncro-group.com\/syncro\/wp-content\/uploads\/2020\/02\/Yronflat-MAIN-1024-1024.jpg","datePublished":"2020-02-12T17:00:19+00:00","dateModified":"2025-10-31T09:49:14+00:00","description":"YRONFLAT \u00e8 un sistema automatico di ricottura, allungamento e distensione del film ottenuto da processi in bolla per attenuarne possibili difetti.","breadcrumb":{"@id":"https:\/\/syncro-group.com\/syncro\/it\/product\/yronflat-sistema-di-ricottura\/#breadcrumb"},"inLanguage":"it-IT","potentialAction":[{"@type":"ReadAction","target":["https:\/\/syncro-group.com\/syncro\/it\/product\/yronflat-sistema-di-ricottura\/"]}]},{"@type":"ImageObject","inLanguage":"it-IT","@id":"https:\/\/syncro-group.com\/syncro\/it\/product\/yronflat-sistema-di-ricottura\/#primaryimage","url":"https:\/\/syncro-group.com\/syncro\/wp-content\/uploads\/2020\/02\/Yronflat-MAIN-1024-1024.jpg","contentUrl":"https:\/\/syncro-group.com\/syncro\/wp-content\/uploads\/2020\/02\/Yronflat-MAIN-1024-1024.jpg","width":1024,"height":1024},{"@type":"BreadcrumbList","@id":"https:\/\/syncro-group.com\/syncro\/it\/product\/yronflat-sistema-di-ricottura\/#breadcrumb","itemListElement":[{"@type":"ListItem","position":1,"name":"Home","item":"https:\/\/syncro-group.com\/syncro\/it\/"},{"@type":"ListItem","position":2,"name":"Prodotti","item":"https:\/\/syncro-group.com\/syncro\/it\/prodotti\/"},{"@type":"ListItem","position":3,"name":"Yronflat"}]},{"@type":"WebSite","@id":"https:\/\/syncro-group.com\/syncro\/it\/#website","url":"https:\/\/syncro-group.com\/syncro\/it\/","name":"Welcome to Syncro Group Website","description":"","potentialAction":[{"@type":"SearchAction","target":{"@type":"EntryPoint","urlTemplate":"https:\/\/syncro-group.com\/syncro\/it\/?s={search_term_string}"},"query-input":{"@type":"PropertyValueSpecification","valueRequired":true,"valueName":"search_term_string"}}],"inLanguage":"it-IT"}]}},"_links":{"self":[{"href":"https:\/\/syncro-group.com\/syncro\/it\/wp-json\/wp\/v2\/product\/830","targetHints":{"allow":["GET"]}}],"collection":[{"href":"https:\/\/syncro-group.com\/syncro\/it\/wp-json\/wp\/v2\/product"}],"about":[{"href":"https:\/\/syncro-group.com\/syncro\/it\/wp-json\/wp\/v2\/types\/product"}],"wp:featuredmedia":[{"embeddable":true,"href":"https:\/\/syncro-group.com\/syncro\/it\/wp-json\/wp\/v2\/media\/4113"}],"wp:attachment":[{"href":"https:\/\/syncro-group.com\/syncro\/it\/wp-json\/wp\/v2\/media?parent=830"}],"wp:term":[{"taxonomy":"product_brand","embeddable":true,"href":"https:\/\/syncro-group.com\/syncro\/it\/wp-json\/wp\/v2\/product_brand?post=830"},{"taxonomy":"product_cat","embeddable":true,"href":"https:\/\/syncro-group.com\/syncro\/it\/wp-json\/wp\/v2\/product_cat?post=830"},{"taxonomy":"product_tag","embeddable":true,"href":"https:\/\/syncro-group.com\/syncro\/it\/wp-json\/wp\/v2\/product_tag?post=830"}],"curies":[{"name":"wp","href":"https:\/\/api.w.org\/{rel}","templated":true}]}}