{"id":840,"date":"2020-02-12T18:04:08","date_gmt":"2020-02-12T17:04:08","guid":{"rendered":"https:\/\/syncro-sito.testsuite.tk\/?post_type=product&#038;p=840"},"modified":"2025-10-29T11:41:06","modified_gmt":"2025-10-29T10:41:06","slug":"sctwyce-gt","status":"publish","type":"product","link":"https:\/\/syncro-group.com\/syncro\/it\/product\/sctwyce-gt\/","title":{"rendered":"SCTWYCE-GT"},"content":{"rendered":"<ul class=\"advantages\"><li>FACILE INSTALLAZIONE SCTwyce\u2022GT pu\u00f2 essere facilmente installata su linee di estrusione film in bolla esistenti, sostituendo la vecchia gabbia calibrazione.<\/li><li>GUIDE INTERCAMBIABILI I rulli sono installati su guide intercambiabili, consentendo la possibilit\u00e0 di installare rulli con diversi rivestimenti adeguandoli al prodotto da lavorare.<\/li><li>RULLI SCTwyce\u2022GT \u00e8 disponibile con diversi tipi di rivestimenti per rulli di accompagnamento. Sono disponibili in silicone, fibra di carbonio, coperti opzionalmente con manicotti in lana, rivestimenti antiaderenti e approvati dalla FDA.<\/li><li>LIVELLI E GEOMETRIA SCTwyce\u2022GT ha la possibilit\u00e0 di installare da 2 a 3 rulli per ogni braccio, a seconda delle esigenze del cliente.<\/li><li>INTEGRAZIONE IBC SCTwyce\u2022GT \u00e8 predisposta per l\u2019integrazione di un sensore SYIBC. Quando viene fornita insieme ad un sensore SYIBC, la gabbia di calibrazione \u00e8 dotata di una staffa per il sensore a ultrasuoni e predisposta per il cablaggio plug and play.<\/li><li>OPZIONI SCTwyce\u2022GT \u00e8 disponibile in configurazione con Zyroblock, il sistema di raffreddamento aggiuntivo della bolla che permette un efficace abbattimento della temperatura del film fino a 15 \u00b0C in meno rispetto al caso senza Zyroblock. Il sistema garantisce inoltre un raffreddamento uniforme attorno alla bolla perch\u00e9 i flussi d\u2019aria non sono orientati direttamente contro la bolla ma l\u2019avvolgono interamente durante la risalita. Inoltre tutte le gabbie possono avere un box di controllo aperto\/chiuso, display piatto, sistema di posizionamento, staffe per sensori e schede di controllo aperto\/chiuso.<\/li><\/ul>\n","protected":false},"excerpt":{"rendered":"<p><strong>SCTWICE<\/strong> \u00e8 la gamma di gabbie di calibrazione SYNCRO, progettate per funzionare con precisione e stabilit\u00e0 costanti.<br \/>\nLe serie di gabbie di <strong>SCTWICE<\/strong> gestiscono <strong>lay flat da 670 mm a 12500 mm<\/strong> e offrono un design innovativo con una costruzione rigida e un controllo accurato della posizione della gabbia durante il processo operativo.<\/p>\n<p>Il <strong>cestello di calibrazione secondario<\/strong> \u00e8 una delle parti pi\u00f9 importanti del processo che influenza sia la qualit\u00e0 del film che la tolleranza del profilo,<strong> SCTWICE<\/strong> mantiene la bolla centrata e calibrata prima dell\u2019entrata del film nel gruppo traino nel processo di estrusione film in bolla<\/p>\n","protected":false},"featured_media":13374,"template":"","meta":{"_acf_changed":false},"product_brand":[],"product_cat":[92],"product_tag":[95,94,266,263,265,146],"class_list":{"0":"post-840","1":"product","2":"type-product","3":"status-publish","4":"has-post-thumbnail","6":"product_cat-gabbie-guida-bolla","7":"product_tag-bobina","8":"product_tag-bolla","9":"product_tag-cestello-di-calibrazione","10":"product_tag-gabbia-linea-bolla","11":"product_tag-guidabolla","12":"product_tag-syncro-2","14":"first","15":"instock","16":"shipping-taxable","17":"product-type-simple"},"acf":[],"yoast_head":"<!-- This site is optimized with the Yoast SEO plugin v26.0 - https:\/\/yoast.com\/wordpress\/plugins\/seo\/ -->\n<title>SCTWYCE-GT - Welcome to Syncro Group Website<\/title>\n<meta name=\"description\" content=\"SC-BTWICE \u00e8 la gamma di gabbie di calibrazione secondarie, progettate per mantenere la bolla centrata e calibrata prima dell&#039;ingresso nel traino.\" \/>\n<meta name=\"robots\" content=\"index, follow, max-snippet:-1, max-image-preview:large, max-video-preview:-1\" \/>\n<link rel=\"canonical\" href=\"https:\/\/syncro-group.com\/syncro\/it\/product\/sctwyce-gt\/\" \/>\n<meta property=\"og:locale\" content=\"it_IT\" \/>\n<meta property=\"og:type\" content=\"article\" \/>\n<meta property=\"og:title\" content=\"SCTWYCE-GT - Welcome to Syncro Group Website\" \/>\n<meta property=\"og:description\" content=\"SC-BTWICE \u00e8 la gamma di gabbie di calibrazione secondarie, progettate per mantenere la bolla centrata e calibrata prima dell&#039;ingresso nel traino.\" \/>\n<meta property=\"og:url\" content=\"https:\/\/syncro-group.com\/syncro\/it\/product\/sctwyce-gt\/\" \/>\n<meta property=\"og:site_name\" content=\"Welcome to Syncro Group Website\" \/>\n<meta property=\"article:modified_time\" content=\"2025-10-29T10:41:06+00:00\" \/>\n<meta property=\"og:image\" content=\"http:\/\/syncro-group.com\/syncro\/wp-content\/uploads\/2024\/10\/Sctwice-GT_rendering-2-scaled.png\" \/>\n\t<meta property=\"og:image:width\" content=\"2560\" \/>\n\t<meta property=\"og:image:height\" content=\"1440\" \/>\n\t<meta property=\"og:image:type\" content=\"image\/png\" \/>\n<meta name=\"twitter:card\" content=\"summary_large_image\" \/>\n<meta name=\"twitter:label1\" content=\"Tempo di lettura stimato\" \/>\n\t<meta name=\"twitter:data1\" content=\"1 minuto\" \/>\n<script type=\"application\/ld+json\" class=\"yoast-schema-graph\">{\"@context\":\"https:\/\/schema.org\",\"@graph\":[{\"@type\":\"WebPage\",\"@id\":\"https:\/\/syncro-group.com\/syncro\/it\/product\/sctwyce-gt\/\",\"url\":\"https:\/\/syncro-group.com\/syncro\/it\/product\/sctwyce-gt\/\",\"name\":\"SCTWYCE-GT - Welcome to Syncro Group Website\",\"isPartOf\":{\"@id\":\"https:\/\/syncro-group.com\/syncro\/it\/#website\"},\"primaryImageOfPage\":{\"@id\":\"https:\/\/syncro-group.com\/syncro\/it\/product\/sctwyce-gt\/#primaryimage\"},\"image\":{\"@id\":\"https:\/\/syncro-group.com\/syncro\/it\/product\/sctwyce-gt\/#primaryimage\"},\"thumbnailUrl\":\"https:\/\/syncro-group.com\/syncro\/wp-content\/uploads\/2024\/10\/Sctwice-GT_rendering-2-scaled.png\",\"datePublished\":\"2020-02-12T17:04:08+00:00\",\"dateModified\":\"2025-10-29T10:41:06+00:00\",\"description\":\"SC-BTWICE \u00e8 la gamma di gabbie di calibrazione secondarie, progettate per mantenere la bolla centrata e calibrata prima dell'ingresso nel traino.\",\"breadcrumb\":{\"@id\":\"https:\/\/syncro-group.com\/syncro\/it\/product\/sctwyce-gt\/#breadcrumb\"},\"inLanguage\":\"it-IT\",\"potentialAction\":[{\"@type\":\"ReadAction\",\"target\":[\"https:\/\/syncro-group.com\/syncro\/it\/product\/sctwyce-gt\/\"]}]},{\"@type\":\"ImageObject\",\"inLanguage\":\"it-IT\",\"@id\":\"https:\/\/syncro-group.com\/syncro\/it\/product\/sctwyce-gt\/#primaryimage\",\"url\":\"https:\/\/syncro-group.com\/syncro\/wp-content\/uploads\/2024\/10\/Sctwice-GT_rendering-2-scaled.png\",\"contentUrl\":\"https:\/\/syncro-group.com\/syncro\/wp-content\/uploads\/2024\/10\/Sctwice-GT_rendering-2-scaled.png\",\"width\":2560,\"height\":1440},{\"@type\":\"BreadcrumbList\",\"@id\":\"https:\/\/syncro-group.com\/syncro\/it\/product\/sctwyce-gt\/#breadcrumb\",\"itemListElement\":[{\"@type\":\"ListItem\",\"position\":1,\"name\":\"Home\",\"item\":\"https:\/\/syncro-group.com\/syncro\/it\/\"},{\"@type\":\"ListItem\",\"position\":2,\"name\":\"Prodotti\",\"item\":\"https:\/\/syncro-group.com\/syncro\/it\/prodotti\/\"},{\"@type\":\"ListItem\",\"position\":3,\"name\":\"SCTWYCE-GT\"}]},{\"@type\":\"WebSite\",\"@id\":\"https:\/\/syncro-group.com\/syncro\/it\/#website\",\"url\":\"https:\/\/syncro-group.com\/syncro\/it\/\",\"name\":\"Welcome to Syncro Group Website\",\"description\":\"\",\"potentialAction\":[{\"@type\":\"SearchAction\",\"target\":{\"@type\":\"EntryPoint\",\"urlTemplate\":\"https:\/\/syncro-group.com\/syncro\/it\/?s={search_term_string}\"},\"query-input\":{\"@type\":\"PropertyValueSpecification\",\"valueRequired\":true,\"valueName\":\"search_term_string\"}}],\"inLanguage\":\"it-IT\"}]}<\/script>\n<!-- \/ Yoast SEO plugin. -->","yoast_head_json":{"title":"SCTWYCE-GT - Welcome to Syncro Group Website","description":"SC-BTWICE \u00e8 la gamma di gabbie di calibrazione secondarie, progettate per mantenere la bolla centrata e calibrata prima dell'ingresso nel traino.","robots":{"index":"index","follow":"follow","max-snippet":"max-snippet:-1","max-image-preview":"max-image-preview:large","max-video-preview":"max-video-preview:-1"},"canonical":"https:\/\/syncro-group.com\/syncro\/it\/product\/sctwyce-gt\/","og_locale":"it_IT","og_type":"article","og_title":"SCTWYCE-GT - Welcome to Syncro Group Website","og_description":"SC-BTWICE \u00e8 la gamma di gabbie di calibrazione secondarie, progettate per mantenere la bolla centrata e calibrata prima dell'ingresso nel traino.","og_url":"https:\/\/syncro-group.com\/syncro\/it\/product\/sctwyce-gt\/","og_site_name":"Welcome to Syncro Group Website","article_modified_time":"2025-10-29T10:41:06+00:00","og_image":[{"width":2560,"height":1440,"url":"http:\/\/syncro-group.com\/syncro\/wp-content\/uploads\/2024\/10\/Sctwice-GT_rendering-2-scaled.png","type":"image\/png"}],"twitter_card":"summary_large_image","twitter_misc":{"Tempo di lettura stimato":"1 minuto"},"schema":{"@context":"https:\/\/schema.org","@graph":[{"@type":"WebPage","@id":"https:\/\/syncro-group.com\/syncro\/it\/product\/sctwyce-gt\/","url":"https:\/\/syncro-group.com\/syncro\/it\/product\/sctwyce-gt\/","name":"SCTWYCE-GT - Welcome to Syncro Group Website","isPartOf":{"@id":"https:\/\/syncro-group.com\/syncro\/it\/#website"},"primaryImageOfPage":{"@id":"https:\/\/syncro-group.com\/syncro\/it\/product\/sctwyce-gt\/#primaryimage"},"image":{"@id":"https:\/\/syncro-group.com\/syncro\/it\/product\/sctwyce-gt\/#primaryimage"},"thumbnailUrl":"https:\/\/syncro-group.com\/syncro\/wp-content\/uploads\/2024\/10\/Sctwice-GT_rendering-2-scaled.png","datePublished":"2020-02-12T17:04:08+00:00","dateModified":"2025-10-29T10:41:06+00:00","description":"SC-BTWICE \u00e8 la gamma di gabbie di calibrazione secondarie, progettate per mantenere la bolla centrata e calibrata prima dell'ingresso nel traino.","breadcrumb":{"@id":"https:\/\/syncro-group.com\/syncro\/it\/product\/sctwyce-gt\/#breadcrumb"},"inLanguage":"it-IT","potentialAction":[{"@type":"ReadAction","target":["https:\/\/syncro-group.com\/syncro\/it\/product\/sctwyce-gt\/"]}]},{"@type":"ImageObject","inLanguage":"it-IT","@id":"https:\/\/syncro-group.com\/syncro\/it\/product\/sctwyce-gt\/#primaryimage","url":"https:\/\/syncro-group.com\/syncro\/wp-content\/uploads\/2024\/10\/Sctwice-GT_rendering-2-scaled.png","contentUrl":"https:\/\/syncro-group.com\/syncro\/wp-content\/uploads\/2024\/10\/Sctwice-GT_rendering-2-scaled.png","width":2560,"height":1440},{"@type":"BreadcrumbList","@id":"https:\/\/syncro-group.com\/syncro\/it\/product\/sctwyce-gt\/#breadcrumb","itemListElement":[{"@type":"ListItem","position":1,"name":"Home","item":"https:\/\/syncro-group.com\/syncro\/it\/"},{"@type":"ListItem","position":2,"name":"Prodotti","item":"https:\/\/syncro-group.com\/syncro\/it\/prodotti\/"},{"@type":"ListItem","position":3,"name":"SCTWYCE-GT"}]},{"@type":"WebSite","@id":"https:\/\/syncro-group.com\/syncro\/it\/#website","url":"https:\/\/syncro-group.com\/syncro\/it\/","name":"Welcome to Syncro Group Website","description":"","potentialAction":[{"@type":"SearchAction","target":{"@type":"EntryPoint","urlTemplate":"https:\/\/syncro-group.com\/syncro\/it\/?s={search_term_string}"},"query-input":{"@type":"PropertyValueSpecification","valueRequired":true,"valueName":"search_term_string"}}],"inLanguage":"it-IT"}]}},"_links":{"self":[{"href":"https:\/\/syncro-group.com\/syncro\/it\/wp-json\/wp\/v2\/product\/840","targetHints":{"allow":["GET"]}}],"collection":[{"href":"https:\/\/syncro-group.com\/syncro\/it\/wp-json\/wp\/v2\/product"}],"about":[{"href":"https:\/\/syncro-group.com\/syncro\/it\/wp-json\/wp\/v2\/types\/product"}],"wp:featuredmedia":[{"embeddable":true,"href":"https:\/\/syncro-group.com\/syncro\/it\/wp-json\/wp\/v2\/media\/13374"}],"wp:attachment":[{"href":"https:\/\/syncro-group.com\/syncro\/it\/wp-json\/wp\/v2\/media?parent=840"}],"wp:term":[{"taxonomy":"product_brand","embeddable":true,"href":"https:\/\/syncro-group.com\/syncro\/it\/wp-json\/wp\/v2\/product_brand?post=840"},{"taxonomy":"product_cat","embeddable":true,"href":"https:\/\/syncro-group.com\/syncro\/it\/wp-json\/wp\/v2\/product_cat?post=840"},{"taxonomy":"product_tag","embeddable":true,"href":"https:\/\/syncro-group.com\/syncro\/it\/wp-json\/wp\/v2\/product_tag?post=840"}],"curies":[{"name":"wp","href":"https:\/\/api.w.org\/{rel}","templated":true}]}}